{"id":37228,"date":"2025-02-20T23:37:15","date_gmt":"2025-02-20T22:37:15","guid":{"rendered":"http:\/\/olemosaic.com\/producto\/4-bols-de-coco-de-13-x-6-cm-sardina-lisboa-7\/"},"modified":"2025-07-25T18:40:17","modified_gmt":"2025-07-25T16:40:17","slug":"4-tacas-de-coco-de-13-x-6-cm-sardinha-lisboa-7","status":"publish","type":"product","link":"https:\/\/olemosaic.com\/pt-pt\/produto\/4-tacas-de-coco-de-13-x-6-cm-sardinha-lisboa-7\/","title":{"rendered":"4 Ta\u00e7as de coco de 13 x 6 cm. Sardinha. Rosa, azul e amarelo. Lisboa."},"content":{"rendered":"<p>Este conjunto de quatro ta\u00e7as de coco, com um elegante design de sardinha, \u00e9 uma aut\u00eantica recorda\u00e7\u00e3o de Lisboa que captura a ess\u00eancia da tradi\u00e7\u00e3o mar\u00edtima portuguesa. Cada ta\u00e7a, de 13 x 6 cm, apresenta uma requintada decora\u00e7\u00e3o em forma de mosaico que combina tons vibrantes de rosa, azul e amarelo, criando um efeito visual atraente que real\u00e7a qualquer mesa. No centro, uma ilustra\u00e7\u00e3o de sardinha destaca-se com eleg\u00e2ncia, simbolizando a rica heran\u00e7a piscat\u00f3ria da regi\u00e3o e acrescentando um toque cultural a cada pe\u00e7a.<\/p>\n<p>Estas ta\u00e7as n\u00e3o s\u00e3o apenas ideais para servir aperitivos, mas tamb\u00e9m funcionam como elementos decorativos que conferem cor e autenticidade a qualquer lar. Elementos como este real\u00e7am a liga\u00e7\u00e3o de Lisboa com o mar e a sua gastronomia, tornando-se uma excelente recorda\u00e7\u00e3o representativa da cidade. Na Ol\u00e9 Mosaic, como grossista de souvenirs de Portugal, garantimos que estas ta\u00e7as de coco s\u00e3o uma op\u00e7\u00e3o perfeita para lojas de presentes tur\u00edsticos que procuram oferecer produtos aut\u00eanticos e de qualidade. Com um design artesanal e culturalmente significativo, estas ta\u00e7as souvenir s\u00e3o um presente apreciado por turistas que desejam levar um peda\u00e7o de Lisboa na sua viagem.<\/p>\n","protected":false},"excerpt":{"rendered":"<p>Ta\u00e7as de coco de 13 x 6 cm com design de sardinha, t\u00edpicas de Lisboa. Cada ta\u00e7a apresenta uma bonita decora\u00e7\u00e3o em forma de mosaico com cores vibrantes em tons de rosa, azul e amarelo, que emolduram uma ilustra\u00e7\u00e3o central de uma sardinha. Este conjunto de quatro pe\u00e7as \u00e9 ideal para servir aperitivos ou como elemento decorativo, conferindo um toque da tradi\u00e7\u00e3o mar\u00edtima portuguesa a qualquer casa.<\/p>\n","protected":false},"featured_media":13883,"template":"","meta":{"_acf_changed":false},"product_brand":[],"product_cat":[513],"product_tag":[516],"class_list":{"0":"post-37228","1":"product","2":"type-product","3":"status-publish","4":"has-post-thumbnail","6":"product_cat-bols","7":"product_tag-animais","8":"pa_ciudad-lisboa","9":"pa_motivo-sardinhas","10":"pa_pais-portugal","12":"first","13":"instock","14":"shipping-taxable","15":"product-type-simple"},"acf":[],"_links":{"self":[{"href":"https:\/\/olemosaic.com\/pt-pt\/wp-json\/wp\/v2\/product\/37228","targetHints":{"allow":["GET"]}}],"collection":[{"href":"https:\/\/olemosaic.com\/pt-pt\/wp-json\/wp\/v2\/product"}],"about":[{"href":"https:\/\/olemosaic.com\/pt-pt\/wp-json\/wp\/v2\/types\/product"}],"wp:featuredmedia":[{"embeddable":true,"href":"https:\/\/olemosaic.com\/pt-pt\/wp-json\/wp\/v2\/media\/13883"}],"wp:attachment":[{"href":"https:\/\/olemosaic.com\/pt-pt\/wp-json\/wp\/v2\/media?parent=37228"}],"wp:term":[{"taxonomy":"product_brand","embeddable":true,"href":"https:\/\/olemosaic.com\/pt-pt\/wp-json\/wp\/v2\/product_brand?post=37228"},{"taxonomy":"product_cat","embeddable":true,"href":"https:\/\/olemosaic.com\/pt-pt\/wp-json\/wp\/v2\/product_cat?post=37228"},{"taxonomy":"product_tag","embeddable":true,"href":"https:\/\/olemosaic.com\/pt-pt\/wp-json\/wp\/v2\/product_tag?post=37228"}],"curies":[{"name":"wp","href":"https:\/\/api.w.org\/{rel}","templated":true}]}}