{"id":37227,"date":"2025-02-20T23:37:15","date_gmt":"2025-02-20T22:37:15","guid":{"rendered":"http:\/\/olemosaic.com\/producto\/bola-de-nieve-panoramica-barcelona-4-colores-2\/"},"modified":"2025-07-25T19:38:39","modified_gmt":"2025-07-25T17:38:39","slug":"bola-de-neve-panoramica-barcelona-4-cores-2","status":"publish","type":"product","link":"https:\/\/olemosaic.com\/pt-pt\/produto\/bola-de-neve-panoramica-barcelona-4-cores-2\/","title":{"rendered":"Bola de neve. Panor\u00e2mica. Sagrada Fam\u00edlia. Barcelona. 4 cores"},"content":{"rendered":"<p>Esta bola de neve decorativa apresenta uma impressionante panor\u00e2mica da emblem\u00e1tica Sagrada Fam\u00edlia de Barcelona, capturando a ess\u00eancia arquitet\u00f3nica desta famosa bas\u00edlica desenhada por Antoni Gaud\u00ed. Dispon\u00edvel em quatro cores vibrantes: azul, vermelho, laranja e branco, cada bola \u00e9 elaborada com aten\u00e7\u00e3o ao detalhe, o que a torna um souvenir ideal para quem deseja levar consigo um peda\u00e7o da cultura catal\u00e3. A base da bola est\u00e1 decorada com elementos em relevo que acrescentam um toque de sofistica\u00e7\u00e3o, enquanto o nome &#8220;Barcelona&#8221; est\u00e1 impresso de forma destacada, assegurando a sua autenticidade como recorda\u00e7\u00e3o da cidade.<\/p>\n<p>Ao agitar a bola, os flocos de neve deslocam-se magicamente, transformando a paisagem numa cena encantadora que evoca a atmosfera m\u00e1gica da cidade. Este souvenir n\u00e3o \u00e9 apenas um objeto decorativo, mas um lembrete tang\u00edvel de uma das maravilhas arquitet\u00f3nicas mais ic\u00f3nicas do mundo, fazendo com que cada olhar para a bola de neve desperte mem\u00f3rias de momentos vividos em Barcelona.<\/p>\n<p>Na Ol\u00e9 Mosaic, orgulhamo-nos de ser um distribuidor de souvenirs aut\u00eanticos e representativos, como esta bola de neve da Sagrada Fam\u00edlia. Perfeita para lojas de presentes tur\u00edsticos, este produto \u00e9 uma excelente op\u00e7\u00e3o para quem procura qualidade e significado nas suas recorda\u00e7\u00f5es.<\/p>\n","protected":false},"excerpt":{"rendered":"<p>Bola de neve decorativa que apresenta uma panor\u00e2mica da ic\u00f3nica Sagrada Fam\u00edlia de Barcelona. Este atraente souvenir, dispon\u00edvel em quatro cores vivas (azul, vermelho, laranja e branco), captura a ess\u00eancia da cidade com detalhes elaborados. A base, com elementos em relevo e o nome &#8220;Barcelona&#8221; impresso, est\u00e1 decorada com vivacidade, enquanto o interior oferece uma paisagem encantadora que se transforma com o movimento da neve. Um presente ideal que evoca o encanto da arquitetura modernista catal\u00e3.<\/p>\n","protected":false},"featured_media":13882,"template":"","meta":{"_acf_changed":false},"product_brand":[],"product_cat":[641],"product_tag":[642],"class_list":{"0":"post-37227","1":"product","2":"type-product","3":"status-publish","4":"has-post-thumbnail","6":"product_cat-bolas-de-neve","7":"product_tag-natal","8":"pa_ciudad-barcelona","9":"pa_motivo-panoramas","10":"pa_pais-espana","12":"first","13":"instock","14":"shipping-taxable","15":"product-type-simple"},"acf":[],"_links":{"self":[{"href":"https:\/\/olemosaic.com\/pt-pt\/wp-json\/wp\/v2\/product\/37227","targetHints":{"allow":["GET"]}}],"collection":[{"href":"https:\/\/olemosaic.com\/pt-pt\/wp-json\/wp\/v2\/product"}],"about":[{"href":"https:\/\/olemosaic.com\/pt-pt\/wp-json\/wp\/v2\/types\/product"}],"wp:featuredmedia":[{"embeddable":true,"href":"https:\/\/olemosaic.com\/pt-pt\/wp-json\/wp\/v2\/media\/13882"}],"wp:attachment":[{"href":"https:\/\/olemosaic.com\/pt-pt\/wp-json\/wp\/v2\/media?parent=37227"}],"wp:term":[{"taxonomy":"product_brand","embeddable":true,"href":"https:\/\/olemosaic.com\/pt-pt\/wp-json\/wp\/v2\/product_brand?post=37227"},{"taxonomy":"product_cat","embeddable":true,"href":"https:\/\/olemosaic.com\/pt-pt\/wp-json\/wp\/v2\/product_cat?post=37227"},{"taxonomy":"product_tag","embeddable":true,"href":"https:\/\/olemosaic.com\/pt-pt\/wp-json\/wp\/v2\/product_tag?post=37227"}],"curies":[{"name":"wp","href":"https:\/\/api.w.org\/{rel}","templated":true}]}}