{"id":37226,"date":"2025-02-20T23:37:15","date_gmt":"2025-02-20T22:37:15","guid":{"rendered":"http:\/\/olemosaic.com\/producto\/bola-de-nieve-sagrada-familia-barcelona-4-colores-2\/"},"modified":"2025-07-25T19:38:39","modified_gmt":"2025-07-25T17:38:39","slug":"globo-de-neve-sagrada-familia-barcelona-4-cores-2","status":"publish","type":"product","link":"https:\/\/olemosaic.com\/pt-pt\/produto\/globo-de-neve-sagrada-familia-barcelona-4-cores-2\/","title":{"rendered":"Globo de neve. Sagrada Fam\u00edlia. Gaud\u00ed. Barcelona. 4 cores"},"content":{"rendered":"<p>Descubra o nosso encantador globo de neve decorativo, que captura a ess\u00eancia de Barcelona com uma miniatura requintada da emblem\u00e1tica Sagrada Fam\u00edlia, joia arquitet\u00f3nica de Antoni Gaud\u00ed. Esta espetacular recorda\u00e7\u00e3o est\u00e1 meticulosamente desenhada e reproduz a ic\u00f3nica bas\u00edlica com as suas torres estilizadas e detalhes cativantes, tudo banhado por um efeito de neve que adiciona um toque m\u00e1gico e nost\u00e1lgico. A base do globo de neve est\u00e1 dispon\u00edvel em quatro cores vibrantes: azul, verde, laranja e vermelho, cada uma adornada com a palavra &#8220;Barcelona&#8221; em relevo, o que permite que este artigo se adapte a qualquer estilo decorativo. Este souvenir, ideal como presente ou recorda\u00e7\u00e3o, evoca a beleza incompar\u00e1vel da cidade condal e a sua riqueza cultural, tornando-o um objeto imprescind\u00edvel para quem deseja levar uma parte de Barcelona. Na Ol\u00e9 Mosaic, orgulhamo-nos de oferecer souvenirs representativos e aut\u00eanticos por grosso, e este globo de neve decorativo \u00e9 uma excelente op\u00e7\u00e3o para lojas de presentes tur\u00edsticos que desejem oferecer produtos significativos e de qualidade aos seus clientes.<\/p>\n","protected":false},"excerpt":{"rendered":"<p>Globo de neve decorativo que apresenta uma miniatura da Sagrada Fam\u00edlia, o emblem\u00e1tico monumento de Barcelona, rodeada por um belo efeito de neve. Dispon\u00edvel em quatro cores vibrantes para a base: azul, verde, laranja e vermelho, cada uma delas com a palavra &#8220;Barcelona&#8221; em relevo. A representa\u00e7\u00e3o delicada da Sagrada Fam\u00edlia, com as suas torres estilizadas e detalhes cativantes, torna-a um souvenir atraente e significativo do legado arquitet\u00f3nico de Gaud\u00ed. Ideal como recorda\u00e7\u00e3o ou presente da Cidade Condal.<\/p>\n","protected":false},"featured_media":13881,"template":"","meta":{"_acf_changed":false},"product_brand":[],"product_cat":[641],"product_tag":[642],"class_list":{"0":"post-37226","1":"product","2":"type-product","3":"status-publish","4":"has-post-thumbnail","6":"product_cat-bolas-de-neve","7":"product_tag-natal","8":"pa_ciudad-barcelona","9":"pa_motivo-sagrada-familia","10":"pa_pais-espana","12":"first","13":"instock","14":"shipping-taxable","15":"product-type-simple"},"acf":[],"_links":{"self":[{"href":"https:\/\/olemosaic.com\/pt-pt\/wp-json\/wp\/v2\/product\/37226","targetHints":{"allow":["GET"]}}],"collection":[{"href":"https:\/\/olemosaic.com\/pt-pt\/wp-json\/wp\/v2\/product"}],"about":[{"href":"https:\/\/olemosaic.com\/pt-pt\/wp-json\/wp\/v2\/types\/product"}],"wp:featuredmedia":[{"embeddable":true,"href":"https:\/\/olemosaic.com\/pt-pt\/wp-json\/wp\/v2\/media\/13881"}],"wp:attachment":[{"href":"https:\/\/olemosaic.com\/pt-pt\/wp-json\/wp\/v2\/media?parent=37226"}],"wp:term":[{"taxonomy":"product_brand","embeddable":true,"href":"https:\/\/olemosaic.com\/pt-pt\/wp-json\/wp\/v2\/product_brand?post=37226"},{"taxonomy":"product_cat","embeddable":true,"href":"https:\/\/olemosaic.com\/pt-pt\/wp-json\/wp\/v2\/product_cat?post=37226"},{"taxonomy":"product_tag","embeddable":true,"href":"https:\/\/olemosaic.com\/pt-pt\/wp-json\/wp\/v2\/product_tag?post=37226"}],"curies":[{"name":"wp","href":"https:\/\/api.w.org\/{rel}","templated":true}]}}