{"id":37225,"date":"2025-02-20T23:37:15","date_gmt":"2025-02-20T22:37:15","guid":{"rendered":"http:\/\/olemosaic.com\/producto\/bola-de-nieve-oso-y-madrono-madrid-4-colores-2\/"},"modified":"2025-07-25T19:38:39","modified_gmt":"2025-07-25T17:38:39","slug":"globo-de-neve-urso-e-medronheiro-madrid-4-cores-2","status":"publish","type":"product","link":"https:\/\/olemosaic.com\/pt-pt\/produto\/globo-de-neve-urso-e-medronheiro-madrid-4-cores-2\/","title":{"rendered":"Globo de neve. Urso e Medronheiro. Madrid. Base texturizada. 4 cores"},"content":{"rendered":"<p>Este globo de neve decorativo \u00e9 uma encantadora recorda\u00e7\u00e3o de Madrid, que presta homenagem ao emblem\u00e1tico urso e ao medronheiro, s\u00edmbolos ic\u00f3nicos da cidade. No centro da esfera de cristal, pode-se apreciar a escultura dourada que representa este famoso monumento, capturando a ess\u00eancia da capital espanhola. A base do globo, dispon\u00edvel em quatro cores vibrantes \u2014 azul, verde, laranja e vermelho \u2014 apresenta um acabamento texturizado que n\u00e3o s\u00f3 adiciona um elemento visual atraente, mas tamb\u00e9m \u00e9 agrad\u00e1vel ao toque. A palavra &#8220;Madrid&#8221; est\u00e1 inscrita em relevo, garantindo que esta recorda\u00e7\u00e3o de Madrid seja facilmente reconhec\u00edvel e evocativa.<\/p>\n<p>O globo de neve n\u00e3o \u00e9 apenas esteticamente cativante, mas tamb\u00e9m simboliza os momentos especiais que se vivem na cidade, tornando-se um maravilhoso presente \u00fanico ou um elemento decorativo que traz um toque m\u00e1gico a qualquer espa\u00e7o. Cada vez que se agita, a neve que cai reveste esse momento especial com um toque de nostalgia e alegria, recordando a beleza de Madrid. Na Ol\u00e9 Mosaic, somos distribuidores de souvenirs de alta qualidade, ideais para lojas de presentes tur\u00edsticos que procuram oferecer artigos aut\u00eanticos da cultura espanhola. Este globo de neve \u00e9 a recorda\u00e7\u00e3o perfeita para aqueles que querem levar um pedacinho de Madrid para casa.<\/p>\n","protected":false},"excerpt":{"rendered":"<p>Globo de neve decorativo que apresenta uma escultura dourada do emblem\u00e1tico urso e do medronheiro, s\u00edmbolo de Madrid. A base est\u00e1 dispon\u00edvel em quatro cores vibrantes (azul, verde, laranja e vermelho), com detalhes texturizados e a palavra &#8220;Madrid&#8221; gravada em relevo. Este globo de neve captura a ess\u00eancia da cidade, perfeito para recordar momentos especiais ou como um presente \u00fanico. Uma recorda\u00e7\u00e3o atraente que adiciona um toque de magia a qualquer espa\u00e7o.<\/p>\n","protected":false},"featured_media":13880,"template":"","meta":{"_acf_changed":false},"product_brand":[],"product_cat":[641],"product_tag":[516,642],"class_list":{"0":"post-37225","1":"product","2":"type-product","3":"status-publish","4":"has-post-thumbnail","6":"product_cat-bolas-de-neve","7":"product_tag-animais","8":"product_tag-natal","9":"pa_ciudad-madrid","10":"pa_motivo-urso-e-o-medronheiro","11":"pa_pais-espana","13":"first","14":"instock","15":"shipping-taxable","16":"product-type-simple"},"acf":[],"_links":{"self":[{"href":"https:\/\/olemosaic.com\/pt-pt\/wp-json\/wp\/v2\/product\/37225","targetHints":{"allow":["GET"]}}],"collection":[{"href":"https:\/\/olemosaic.com\/pt-pt\/wp-json\/wp\/v2\/product"}],"about":[{"href":"https:\/\/olemosaic.com\/pt-pt\/wp-json\/wp\/v2\/types\/product"}],"wp:featuredmedia":[{"embeddable":true,"href":"https:\/\/olemosaic.com\/pt-pt\/wp-json\/wp\/v2\/media\/13880"}],"wp:attachment":[{"href":"https:\/\/olemosaic.com\/pt-pt\/wp-json\/wp\/v2\/media?parent=37225"}],"wp:term":[{"taxonomy":"product_brand","embeddable":true,"href":"https:\/\/olemosaic.com\/pt-pt\/wp-json\/wp\/v2\/product_brand?post=37225"},{"taxonomy":"product_cat","embeddable":true,"href":"https:\/\/olemosaic.com\/pt-pt\/wp-json\/wp\/v2\/product_cat?post=37225"},{"taxonomy":"product_tag","embeddable":true,"href":"https:\/\/olemosaic.com\/pt-pt\/wp-json\/wp\/v2\/product_tag?post=37225"}],"curies":[{"name":"wp","href":"https:\/\/api.w.org\/{rel}","templated":true}]}}