{"id":37224,"date":"2025-02-20T23:37:15","date_gmt":"2025-02-20T22:37:15","guid":{"rendered":"http:\/\/olemosaic.com\/producto\/bola-de-nieve-panoramica-barcelona-4-colores\/"},"modified":"2025-07-25T19:38:40","modified_gmt":"2025-07-25T17:38:40","slug":"globo-de-neve-panoramica-barcelona-4-cores","status":"publish","type":"product","link":"https:\/\/olemosaic.com\/pt-pt\/produto\/globo-de-neve-panoramica-barcelona-4-cores\/","title":{"rendered":"Globo de neve. Panor\u00e2mica. Barcelona. 4 cores"},"content":{"rendered":"<p>Esta encantadora recorda\u00e7\u00e3o de Barcelona \u00e9 um globo de neve decorativo que captura a emblem\u00e1tica panor\u00e2mica da Sagrada Fam\u00edlia, um dos monumentos mais reconhecidos do mundo. Com uma base elaborada em cer\u00e2mica com efeito pintado \u00e0 m\u00e3o, este globo de neve est\u00e1 dispon\u00edvel em quatro cores vibrantes: azul, verde, vermelho e laranja, cada um adornado com a palavra \u00abBarcelona\u00bb, o que o torna uma recorda\u00e7\u00e3o ideal da sua visita a esta cidade cheia de hist\u00f3ria e arte. A esfera de cristal alberga uma representa\u00e7\u00e3o v\u00edvida e detalhada da majestosa Sagrada Fam\u00edlia, mostrando a sua intrincada arquitetura e cores, que refletem a genialidade de Antoni Gaud\u00ed.<\/p>\n<p>Ao agitar o globo, pequenos flocos de neve artificiais caem suavemente sobre a cena, criando um efeito m\u00e1gico que transporta a ess\u00eancia de Barcelona para qualquer casa. Esta recorda\u00e7\u00e3o n\u00e3o \u00e9 apenas um belo objeto decorativo, mas tamb\u00e9m uma excelente op\u00e7\u00e3o para os turistas que procuram levar um peda\u00e7o da rica cultura catal\u00e3. Na Ol\u00e9 Mosaic, especializamo-nos na distribui\u00e7\u00e3o de souvenirs por grosso, oferecendo artigos aut\u00eanticos que celebram a tradi\u00e7\u00e3o e a diversidade de Espanha. O globo de neve da Sagrada Fam\u00edlia \u00e9 uma op\u00e7\u00e3o de destaque para lojas de presentes tur\u00edsticos que desejam oferecer produtos de qualidade e relev\u00e2ncia cultural.<\/p>\n","protected":false},"excerpt":{"rendered":"<p>Globo de neve decorativo que mostra uma encantadora panor\u00e2mica da Sagrada Fam\u00edlia de Barcelona. Este souvenir tem uma base de cer\u00e2mica com design artesanal, pintado \u00e0 m\u00e3o, dispon\u00edvel em quatro cores atraentes: azul, verde, vermelho e laranja, cada um com a palavra &#8220;Barcelona&#8221;. A esfera de cristal cont\u00e9m uma representa\u00e7\u00e3o v\u00edvida do famoso monumento, perfeita para levar um peda\u00e7o da magia de Barcelona para qualquer casa.<\/p>\n","protected":false},"featured_media":13879,"template":"","meta":{"_acf_changed":false},"product_brand":[],"product_cat":[641],"product_tag":[642],"class_list":{"0":"post-37224","1":"product","2":"type-product","3":"status-publish","4":"has-post-thumbnail","6":"product_cat-bolas-de-neve","7":"product_tag-natal","8":"pa_ciudad-barcelona","9":"pa_motivo-panoramas","10":"pa_pais-espana","12":"first","13":"instock","14":"shipping-taxable","15":"product-type-simple"},"acf":[],"_links":{"self":[{"href":"https:\/\/olemosaic.com\/pt-pt\/wp-json\/wp\/v2\/product\/37224","targetHints":{"allow":["GET"]}}],"collection":[{"href":"https:\/\/olemosaic.com\/pt-pt\/wp-json\/wp\/v2\/product"}],"about":[{"href":"https:\/\/olemosaic.com\/pt-pt\/wp-json\/wp\/v2\/types\/product"}],"wp:featuredmedia":[{"embeddable":true,"href":"https:\/\/olemosaic.com\/pt-pt\/wp-json\/wp\/v2\/media\/13879"}],"wp:attachment":[{"href":"https:\/\/olemosaic.com\/pt-pt\/wp-json\/wp\/v2\/media?parent=37224"}],"wp:term":[{"taxonomy":"product_brand","embeddable":true,"href":"https:\/\/olemosaic.com\/pt-pt\/wp-json\/wp\/v2\/product_brand?post=37224"},{"taxonomy":"product_cat","embeddable":true,"href":"https:\/\/olemosaic.com\/pt-pt\/wp-json\/wp\/v2\/product_cat?post=37224"},{"taxonomy":"product_tag","embeddable":true,"href":"https:\/\/olemosaic.com\/pt-pt\/wp-json\/wp\/v2\/product_tag?post=37224"}],"curies":[{"name":"wp","href":"https:\/\/api.w.org\/{rel}","templated":true}]}}