{"id":37223,"date":"2025-02-20T23:37:14","date_gmt":"2025-02-20T22:37:14","guid":{"rendered":"http:\/\/olemosaic.com\/producto\/bola-de-nieve-oso-y-madrono-madrid-4-colores\/"},"modified":"2025-07-25T19:38:40","modified_gmt":"2025-07-25T17:38:40","slug":"globo-de-neve-urso-e-medronheiro-madrid-4-cores","status":"publish","type":"product","link":"https:\/\/olemosaic.com\/pt-pt\/produto\/globo-de-neve-urso-e-medronheiro-madrid-4-cores\/","title":{"rendered":"Globo de neve. Urso e Medronheiro. Madrid. Base em Mosaico. 4 cores"},"content":{"rendered":"<p>O globo de neve decorativo do Urso e do Medronheiro \u00e9 um souvenir encantador que captura a ess\u00eancia de Madrid de forma requintada. Esta pe\u00e7a, elaborada em resina e vidro, apresenta uma representa\u00e7\u00e3o detalhada e art\u00edstica do emblem\u00e1tico s\u00edmbolo da cidade: o Urso e o Medronheiro. A figura, meticulosamente desenhada, situa-se dentro de uma esfera de cristal, oferecendo um apelo visual \u00fanico que encantar\u00e1 quem deseja levar um peda\u00e7o da capital espanhola. Dispon\u00edvel em quatro cores vibrantes \u2014 azul, vermelho, verde e laranja \u2014, cada globo de neve conta com um design em mosaico na base que complementa na perfei\u00e7\u00e3o a imagem do urso.<\/p>\n<p>A liga\u00e7\u00e3o cultural deste souvenir \u00e9 ineg\u00e1vel. O Urso e o Medronheiro n\u00e3o representam apenas um \u00edcone madrileno, mas s\u00e3o tamb\u00e9m um s\u00edmbolo da identidade e da hist\u00f3ria da cidade, vis\u00edvel em numerosas pra\u00e7as e ruas. Este globo de neve \u00e9 ideal, n\u00e3o apenas como elemento decorativo, mas tamb\u00e9m como recorda\u00e7\u00e3o perfeita para turistas que procuram um souvenir aut\u00eantico e significativo da sua visita a Madrid. Na Ol\u00e9 Mosaic, distribu\u00edmos souvenirs de qualidade por grosso, e este globo de neve do Urso e do Medronheiro \u00e9 uma excelente op\u00e7\u00e3o para lojas de presentes tur\u00edsticos que valorizam a autenticidade e a relev\u00e2ncia cultural nos seus produtos.<\/p>\n","protected":false},"excerpt":{"rendered":"<p>Globo de neve decorativo com a ic\u00f3nica figura do Urso e do Medronheiro, s\u00edmbolo de Madrid. Fabricado em resina e vidro, est\u00e1 dispon\u00edvel em quatro cores vibrantes: azul, vermelho, verde e laranja, cada um com um design de mosaico na base. A figura do urso, meticulosamente detalhada, est\u00e1 encapsulada numa esfera de cristal, oferecendo um apelo visual \u00fanico. Ideal como recorda\u00e7\u00e3o ou elemento decorativo, evoca a ess\u00eancia da capital espanhola.<\/p>\n","protected":false},"featured_media":13878,"template":"","meta":{"_acf_changed":false},"product_brand":[],"product_cat":[641],"product_tag":[516,642],"class_list":{"0":"post-37223","1":"product","2":"type-product","3":"status-publish","4":"has-post-thumbnail","6":"product_cat-bolas-de-neve","7":"product_tag-animais","8":"product_tag-natal","9":"pa_ciudad-madrid","10":"pa_motivo-urso-e-o-medronheiro","11":"pa_pais-espana","13":"first","14":"instock","15":"shipping-taxable","16":"product-type-simple"},"acf":[],"_links":{"self":[{"href":"https:\/\/olemosaic.com\/pt-pt\/wp-json\/wp\/v2\/product\/37223","targetHints":{"allow":["GET"]}}],"collection":[{"href":"https:\/\/olemosaic.com\/pt-pt\/wp-json\/wp\/v2\/product"}],"about":[{"href":"https:\/\/olemosaic.com\/pt-pt\/wp-json\/wp\/v2\/types\/product"}],"wp:featuredmedia":[{"embeddable":true,"href":"https:\/\/olemosaic.com\/pt-pt\/wp-json\/wp\/v2\/media\/13878"}],"wp:attachment":[{"href":"https:\/\/olemosaic.com\/pt-pt\/wp-json\/wp\/v2\/media?parent=37223"}],"wp:term":[{"taxonomy":"product_brand","embeddable":true,"href":"https:\/\/olemosaic.com\/pt-pt\/wp-json\/wp\/v2\/product_brand?post=37223"},{"taxonomy":"product_cat","embeddable":true,"href":"https:\/\/olemosaic.com\/pt-pt\/wp-json\/wp\/v2\/product_cat?post=37223"},{"taxonomy":"product_tag","embeddable":true,"href":"https:\/\/olemosaic.com\/pt-pt\/wp-json\/wp\/v2\/product_tag?post=37223"}],"curies":[{"name":"wp","href":"https:\/\/api.w.org\/{rel}","templated":true}]}}