{"id":37222,"date":"2025-02-20T22:37:14","date_gmt":"2025-02-20T22:37:14","guid":{"rendered":"http:\/\/olemosaic.com\/producto\/bola-de-nieve-sagrada-familia-barcelona-4-colores\/"},"modified":"2025-07-25T19:38:40","modified_gmt":"2025-07-25T17:38:40","slug":"globo-de-neve-sagrada-familia-barcelona-4-cores","status":"publish","type":"product","link":"https:\/\/olemosaic.com\/pt-pt\/produto\/globo-de-neve-sagrada-familia-barcelona-4-cores\/","title":{"rendered":"Globo de neve. Sagrada Fam\u00edlia. Barcelona. 4 cores"},"content":{"rendered":"<p>Este globo de neve decorativo, que captura a emblem\u00e1tica Sagrada Fam\u00edlia de Barcelona, \u00e9 uma recorda\u00e7\u00e3o imprescind\u00edvel para quem deseja levar um peda\u00e7o da capital catal\u00e3. Fabricada em vidro e resina, esta pe\u00e7a destaca-se pela sua representa\u00e7\u00e3o detalhada da ic\u00f3nica bas\u00edlica, com as suas majestosas e coloridas torres e fachadas que brilham com a luz. Cada globo inclui a inscri\u00e7\u00e3o \u201cBarcelona\u201d, sublinhando a sua liga\u00e7\u00e3o ao patrim\u00f3nio cultural da cidade. Apresentada em quatro bases de cores \u2014 azul, vermelho, laranja e verde \u2014, este globo de neve n\u00e3o \u00e9 apenas atraente \u00e0 vista, mas tamb\u00e9m reflete a vibrante diversidade da arte e da arquitetura modernista que caracteriza Barcelona.<\/p>\n<p>Ideal como souvenir, este globo de neve oferece uma encantadora amostra da criatividade de Antoni Gaud\u00ed, convidando os turistas a recordar a sua visita a esta maravilhosa cidade. Na Ol\u00e9 Mosaic, orgulhamo-nos de ser distribuidores grossistas de souvenirs aut\u00eanticos, e este artigo real\u00e7a a riqueza cultural da Sagrada Fam\u00edlia, tornando-o uma escolha perfeita para lojas de presentes tur\u00edsticos. Com o seu design cativante e relev\u00e2ncia cultural, \u00e9 um atraente artigo de cole\u00e7\u00e3o que encantar\u00e1 tanto os visitantes como os amantes da arte.<\/p>\n","protected":false},"excerpt":{"rendered":"<p>Globo de neve decorativo que imortaliza a emblem\u00e1tica Sagrada Fam\u00edlia de Barcelona, apresentada sobre quatro bases coloridas. Este souvenir, fabricado em vidro e resina, reproduz com grande detalhe a famosa bas\u00edlica, mostrando as suas torres e fachadas caracter\u00edsticas em cores vibrantes. Cada globo inclui a inscri\u00e7\u00e3o &#8220;Barcelona&#8221;, real\u00e7ando o patrim\u00f3nio cultural da cidade. Perfeita para levar uma recorda\u00e7\u00e3o da arquitetura modernista catal\u00e3, \u00e9 um artigo de cole\u00e7\u00e3o muito atraente.<\/p>\n","protected":false},"featured_media":13877,"template":"","meta":{"_acf_changed":false},"product_brand":[],"product_cat":[641],"product_tag":[642],"class_list":{"0":"post-37222","1":"product","2":"type-product","3":"status-publish","4":"has-post-thumbnail","6":"product_cat-bolas-de-neve","7":"product_tag-natal","8":"pa_ciudad-barcelona","9":"pa_motivo-sagrada-familia","10":"pa_pais-espana","12":"first","13":"instock","14":"shipping-taxable","15":"product-type-simple"},"acf":[],"_links":{"self":[{"href":"https:\/\/olemosaic.com\/pt-pt\/wp-json\/wp\/v2\/product\/37222","targetHints":{"allow":["GET"]}}],"collection":[{"href":"https:\/\/olemosaic.com\/pt-pt\/wp-json\/wp\/v2\/product"}],"about":[{"href":"https:\/\/olemosaic.com\/pt-pt\/wp-json\/wp\/v2\/types\/product"}],"wp:featuredmedia":[{"embeddable":true,"href":"https:\/\/olemosaic.com\/pt-pt\/wp-json\/wp\/v2\/media\/13877"}],"wp:attachment":[{"href":"https:\/\/olemosaic.com\/pt-pt\/wp-json\/wp\/v2\/media?parent=37222"}],"wp:term":[{"taxonomy":"product_brand","embeddable":true,"href":"https:\/\/olemosaic.com\/pt-pt\/wp-json\/wp\/v2\/product_brand?post=37222"},{"taxonomy":"product_cat","embeddable":true,"href":"https:\/\/olemosaic.com\/pt-pt\/wp-json\/wp\/v2\/product_cat?post=37222"},{"taxonomy":"product_tag","embeddable":true,"href":"https:\/\/olemosaic.com\/pt-pt\/wp-json\/wp\/v2\/product_tag?post=37222"}],"curies":[{"name":"wp","href":"https:\/\/api.w.org\/{rel}","templated":true}]}}