{"id":37221,"date":"2025-02-20T23:37:14","date_gmt":"2025-02-20T22:37:14","guid":{"rendered":"http:\/\/olemosaic.com\/producto\/bola-de-navidad-con-caja-caballito-de-mar-mallorca\/"},"modified":"2025-07-25T19:55:30","modified_gmt":"2025-07-25T17:55:30","slug":"bola-de-natal-com-caixa-cavalo-marinho-maiorca","status":"publish","type":"product","link":"https:\/\/olemosaic.com\/pt-pt\/produto\/bola-de-natal-com-caixa-cavalo-marinho-maiorca\/","title":{"rendered":"Bola de Natal com caixa. Cavalo-marinho. Maiorca."},"content":{"rendered":"<p>Este impressionante adorno natal\u00edcio \u00e9 uma bola de cer\u00e2mica decorada com coloridos cavalos-marinhos, uma homenagem \u00e0 beleza marinha de Maiorca. Apresentada numa caixa elegante, esta vibrante bola capta a ess\u00eancia da ilha atrav\u00e9s do seu design pintado \u00e0 m\u00e3o, onde cada cavalo brilha em tons azuis, vermelhos e verdes, refletindo a alegria e vivacidade do ambiente mediterr\u00e2nico. No centro, o nome &#8220;MALLORCA&#8221; resplandece com um estilo chamativo, adicionando um toque pessoal que a torna uma recorda\u00e7\u00e3o memor\u00e1vel.<\/p>\n<p>O adorno evoca a rica vida marinha das \u00e1guas cristalinas maiorquinas, onde os cavalos-marinhos s\u00e3o um s\u00edmbolo da fauna local. Esta bola de Natal n\u00e3o \u00e9 apenas um acess\u00f3rio festivo, mas uma excelente representa\u00e7\u00e3o do patrim\u00f3nio cultural da regi\u00e3o, ideal para quem procura uma recorda\u00e7\u00e3o aut\u00eantica que encapsule a magia de Maiorca. Na Ol\u00e9 Mosaic, como grossistas de recorda\u00e7\u00f5es, oferecemos produtos que se destacam pela sua qualidade e design exclusivo, tornando esta bola num excelente presente ou decora\u00e7\u00e3o que, sem d\u00favida, encantar\u00e1 turistas e colecionadores.<\/p>\n","protected":false},"excerpt":{"rendered":"<p>Bola de Natal apresentada numa caixa elegante, decorada com coloridos cavalos-marinhos que evocam a beleza marinha de Maiorca. Este adorno de cer\u00e2mica destaca-se pelo seu design vibrante, design artesanal, pintado \u00e0 m\u00e3o, que capta os detalhes intrincados dos cavalos em tons azuis, vermelhos e verdes. A bola, que tem impresso o nome &#8220;MALLORCA&#8221; num estilo chamativo, \u00e9 perfeita para adicionar um toque festivo e tropical \u00e0 sua \u00e1rvore de Natal.<\/p>\n","protected":false},"featured_media":13876,"template":"","meta":{"_acf_changed":false},"product_brand":[],"product_cat":[652],"product_tag":[516,642],"class_list":{"0":"post-37221","1":"product","2":"type-product","3":"status-publish","4":"has-post-thumbnail","6":"product_cat-bolas-de-natal","7":"product_tag-animais","8":"product_tag-natal","9":"pa_ciudad-mallorca","10":"pa_motivo-cavalos-marinhos","11":"pa_pais-espana","13":"first","14":"instock","15":"shipping-taxable","16":"product-type-simple"},"acf":[],"_links":{"self":[{"href":"https:\/\/olemosaic.com\/pt-pt\/wp-json\/wp\/v2\/product\/37221","targetHints":{"allow":["GET"]}}],"collection":[{"href":"https:\/\/olemosaic.com\/pt-pt\/wp-json\/wp\/v2\/product"}],"about":[{"href":"https:\/\/olemosaic.com\/pt-pt\/wp-json\/wp\/v2\/types\/product"}],"wp:featuredmedia":[{"embeddable":true,"href":"https:\/\/olemosaic.com\/pt-pt\/wp-json\/wp\/v2\/media\/13876"}],"wp:attachment":[{"href":"https:\/\/olemosaic.com\/pt-pt\/wp-json\/wp\/v2\/media?parent=37221"}],"wp:term":[{"taxonomy":"product_brand","embeddable":true,"href":"https:\/\/olemosaic.com\/pt-pt\/wp-json\/wp\/v2\/product_brand?post=37221"},{"taxonomy":"product_cat","embeddable":true,"href":"https:\/\/olemosaic.com\/pt-pt\/wp-json\/wp\/v2\/product_cat?post=37221"},{"taxonomy":"product_tag","embeddable":true,"href":"https:\/\/olemosaic.com\/pt-pt\/wp-json\/wp\/v2\/product_tag?post=37221"}],"curies":[{"name":"wp","href":"https:\/\/api.w.org\/{rel}","templated":true}]}}