{"id":37220,"date":"2025-02-20T22:37:14","date_gmt":"2025-02-20T22:37:14","guid":{"rendered":"http:\/\/olemosaic.com\/producto\/bola-de-navidad-con-caja-flores\/"},"modified":"2025-07-25T18:53:11","modified_gmt":"2025-07-25T16:53:11","slug":"bola-de-natal-com-caixa-flores","status":"publish","type":"product","link":"https:\/\/olemosaic.com\/pt-pt\/produto\/bola-de-natal-com-caixa-flores\/","title":{"rendered":"Bola de Natal com caixa. Flores."},"content":{"rendered":"<p>Bola de Natal decorativa de cer\u00e2mica, inspirada nos vibrantes mosaicos florais, apresentada numa caixa elegante. Este requintado adorno natal\u00edcio capta a ess\u00eancia da cultura e da arte andaluzas, destacando o seu car\u00e1cter festivo e colorido. A bola de Natal ostenta um design espetacular que combina tons azuis, amarelos e vermelhos, reminiscentes dos mosaicos cer\u00e2micos que adornam muitos p\u00e1tios andaluzes, evocando a alegria e o calor das celebra\u00e7\u00f5es tradicionais. Cada flor est\u00e1 meticulosamente representada num padr\u00e3o brilhante, criando uma sinfonia de cor que confere um toque de encanto a qualquer \u00e1rvore de Natal.<\/p>\n<p>A forma arredondada da bola evoca as decora\u00e7\u00f5es natal\u00edcias cl\u00e1ssicas, enquanto o la\u00e7o cor-de-rosa facilita a sua coloca\u00e7\u00e3o, adicionando um acento alegre e moderno. Este artigo n\u00e3o \u00e9 apenas um belo adorno, mas tamb\u00e9m atua como uma recorda\u00e7\u00e3o representativa que permite aos turistas levar um peda\u00e7o da rica heran\u00e7a cultural espanhola. Ideal para quem procura recorda\u00e7\u00f5es de cer\u00e2mica aut\u00eanticas, esta bola de Natal \u00e9 uma excelente op\u00e7\u00e3o para lojas de presentes tur\u00edsticos. Na Ol\u00e9 Mosaic, como grossistas de produtos artesanais, orgulhamo-nos de oferecer artigos \u00fanicos que real\u00e7am a magia das festividades, perfeitos para aqueles que desejam recordar a sua visita \u00e0 Andaluzia.<\/p>\n","protected":false},"excerpt":{"rendered":"<p>Bola de Natal de cer\u00e2mica, apresentada numa caixa elegante. O seu design colorido inspira-se nos vibrantes mosaicos florais, combinando tons azuis, amarelos e vermelhos. A decora\u00e7\u00e3o capta a ess\u00eancia art\u00edstica de festividades como as da Andaluzia, com uma forma arredondada que recorda as decora\u00e7\u00f5es tradicionais. Al\u00e9m disso, inclui um la\u00e7o cor-de-rosa que facilita a sua coloca\u00e7\u00e3o como adorno natal\u00edcio, conferindo um toque alegre a qualquer \u00e1rvore.<\/p>\n","protected":false},"featured_media":9748,"template":"","meta":{"_acf_changed":false},"product_brand":[],"product_cat":[652],"product_tag":[642],"class_list":{"0":"post-37220","1":"product","2":"type-product","3":"status-publish","4":"has-post-thumbnail","6":"product_cat-bolas-de-natal","7":"product_tag-natal","8":"pa_motivo-flores","10":"first","11":"instock","12":"shipping-taxable","13":"product-type-simple"},"acf":[],"_links":{"self":[{"href":"https:\/\/olemosaic.com\/pt-pt\/wp-json\/wp\/v2\/product\/37220","targetHints":{"allow":["GET"]}}],"collection":[{"href":"https:\/\/olemosaic.com\/pt-pt\/wp-json\/wp\/v2\/product"}],"about":[{"href":"https:\/\/olemosaic.com\/pt-pt\/wp-json\/wp\/v2\/types\/product"}],"wp:featuredmedia":[{"embeddable":true,"href":"https:\/\/olemosaic.com\/pt-pt\/wp-json\/wp\/v2\/media\/9748"}],"wp:attachment":[{"href":"https:\/\/olemosaic.com\/pt-pt\/wp-json\/wp\/v2\/media?parent=37220"}],"wp:term":[{"taxonomy":"product_brand","embeddable":true,"href":"https:\/\/olemosaic.com\/pt-pt\/wp-json\/wp\/v2\/product_brand?post=37220"},{"taxonomy":"product_cat","embeddable":true,"href":"https:\/\/olemosaic.com\/pt-pt\/wp-json\/wp\/v2\/product_cat?post=37220"},{"taxonomy":"product_tag","embeddable":true,"href":"https:\/\/olemosaic.com\/pt-pt\/wp-json\/wp\/v2\/product_tag?post=37220"}],"curies":[{"name":"wp","href":"https:\/\/api.w.org\/{rel}","templated":true}]}}