{"id":37219,"date":"2025-02-20T22:37:14","date_gmt":"2025-02-20T22:37:14","guid":{"rendered":"http:\/\/olemosaic.com\/producto\/bola-de-navidad-con-caja-caballito-de-mar-lanzarote\/"},"modified":"2025-07-25T19:07:40","modified_gmt":"2025-07-25T17:07:40","slug":"bola-de-natal-com-caixa-cavalo-marinho-lanzarote","status":"publish","type":"product","link":"https:\/\/olemosaic.com\/pt-pt\/produto\/bola-de-natal-com-caixa-cavalo-marinho-lanzarote\/","title":{"rendered":"Bola de Natal com caixa. Cavalo-marinho. Lanzarote."},"content":{"rendered":"<p>Descubra a encantadora bola de Natal de Lanzarote, uma pe\u00e7a \u00fanica de cer\u00e2mica que capta a ess\u00eancia das tradi\u00e7\u00f5es can\u00e1rias. Este magn\u00edfico adorno apresenta um design vibrante de cavalos-marinhos, inspirados na arte do mosaico caracter\u00edstica da ilha. A paleta de cores vivas inclui vermelhos intensos, azuis frescos e verdes alegres, tudo sobre um fundo branco que real\u00e7a cada detalhe art\u00edstico. Esta bola n\u00e3o s\u00f3 \u00e9 um espl\u00eandido elemento decorativo para a sua \u00e1rvore de Natal, como tamb\u00e9m simboliza a riqueza cultural de Lanzarote, onde a arte do mosaico \u00e9 um motivo recorrente na sua express\u00e3o visual. A pe\u00e7a vem requintadamente apresentada numa caixa elegante, o que a torna o presente perfeito para estas festas ou como recorda\u00e7\u00e3o de uma viagem inesquec\u00edvel \u00e0s Ilhas Can\u00e1rias. Como recorda\u00e7\u00e3o, esta bola de Natal n\u00e3o s\u00f3 adorna o seu lar, como tamb\u00e9m encapsula as maravilhas da arte e da natureza can\u00e1ria, permitindo aos turistas levar um pedacinho da magia insular consigo. Na Ol\u00e9 Mosaic, especializamo-nos na distribui\u00e7\u00e3o de recorda\u00e7\u00f5es por grosso, oferecendo produtos aut\u00eanticos, ideais para quem procura recorda\u00e7\u00f5es que contem hist\u00f3rias, como a nossa encantadora bola de Natal de Lanzarote.<\/p>\n","protected":false},"excerpt":{"rendered":"<p>Bola de Natal elaborada em cer\u00e2mica, decorada com um design vibrante de cavalos-marinhos inspirado na arte do mosaico de Lanzarote. A pe\u00e7a apresenta uma paleta de cores vivas com tons vermelhos, azuis e verdes, sobre um fundo branco que real\u00e7a os detalhes. Complementa-se com uma caixa elegante, o que a torna a recorda\u00e7\u00e3o perfeita das tradi\u00e7\u00f5es can\u00e1rias, ideal para adornar a sua \u00e1rvore de Natal com um toque de encanto insular.<\/p>\n","protected":false},"featured_media":13875,"template":"","meta":{"_acf_changed":false},"product_brand":[],"product_cat":[652],"product_tag":[516,642],"class_list":{"0":"post-37219","1":"product","2":"type-product","3":"status-publish","4":"has-post-thumbnail","6":"product_cat-bolas-de-natal","7":"product_tag-animais","8":"product_tag-natal","9":"pa_ciudad-lanzarote","10":"pa_motivo-cavalos-marinhos","11":"pa_pais-espana","13":"first","14":"instock","15":"shipping-taxable","16":"product-type-simple"},"acf":[],"_links":{"self":[{"href":"https:\/\/olemosaic.com\/pt-pt\/wp-json\/wp\/v2\/product\/37219","targetHints":{"allow":["GET"]}}],"collection":[{"href":"https:\/\/olemosaic.com\/pt-pt\/wp-json\/wp\/v2\/product"}],"about":[{"href":"https:\/\/olemosaic.com\/pt-pt\/wp-json\/wp\/v2\/types\/product"}],"wp:featuredmedia":[{"embeddable":true,"href":"https:\/\/olemosaic.com\/pt-pt\/wp-json\/wp\/v2\/media\/13875"}],"wp:attachment":[{"href":"https:\/\/olemosaic.com\/pt-pt\/wp-json\/wp\/v2\/media?parent=37219"}],"wp:term":[{"taxonomy":"product_brand","embeddable":true,"href":"https:\/\/olemosaic.com\/pt-pt\/wp-json\/wp\/v2\/product_brand?post=37219"},{"taxonomy":"product_cat","embeddable":true,"href":"https:\/\/olemosaic.com\/pt-pt\/wp-json\/wp\/v2\/product_cat?post=37219"},{"taxonomy":"product_tag","embeddable":true,"href":"https:\/\/olemosaic.com\/pt-pt\/wp-json\/wp\/v2\/product_tag?post=37219"}],"curies":[{"name":"wp","href":"https:\/\/api.w.org\/{rel}","templated":true}]}}