{"id":37218,"date":"2025-02-20T22:37:14","date_gmt":"2025-02-20T22:37:14","guid":{"rendered":"http:\/\/olemosaic.com\/producto\/bola-de-navidad-con-caja-caballito-de-mar-gran-canaria\/"},"modified":"2025-07-25T19:18:13","modified_gmt":"2025-07-25T17:18:13","slug":"bola-de-natal-com-caixa-cavalo-marinho-gran-canaria","status":"publish","type":"product","link":"https:\/\/olemosaic.com\/pt-pt\/produto\/bola-de-natal-com-caixa-cavalo-marinho-gran-canaria\/","title":{"rendered":"Bola de Natal com caixa. Cavalo-marinho. Gran Canaria."},"content":{"rendered":"<p>Esta bola de Natal, desenhada com um vibrante cavalo-marinho, \u00e9 uma homenagem \u00e0 majestosidade de Gran Canaria. Com um acabamento cer\u00e2mico que evoca o estilo do trencad\u00eds, a sua superf\u00edcie \u00e9 adornada com uma explos\u00e3o de cores: exuberantes tons azuis, vermelhos e amarelos que captam a ess\u00eancia vibrante desta bela ilha. No centro da bola destaca-se a frase &#8220;Gran Canaria&#8221; em letras chamativas, o que a torna uma recorda\u00e7\u00e3o aut\u00eantica que reflete a cultura e a paisagem can\u00e1ria.<\/p>\n<p>O cavalo-marinho, s\u00edmbolo da vida marinha que rodeia Gran Canaria, apresenta-se com um design art\u00edstico e detalhado, onde cada escama \u00e9 real\u00e7ada com mestria. Esta bola \u00e9 muito mais do que um simples adorno; \u00e9 uma representa\u00e7\u00e3o da rica biodiversidade e do patrim\u00f3nio natural do arquip\u00e9lago. Perfeitamente embalada numa caixa elegante, torna-se uma op\u00e7\u00e3o ideal para iluminar a sua \u00e1rvore de Natal ou como um presente significativo para amigos e familiares.<\/p>\n<p>Na Ol\u00e9 Mosaic, somos o seu distribuidor de recorda\u00e7\u00f5es por grosso, oferecendo artigos aut\u00eanticos que dialogam com a cultura e a tradi\u00e7\u00e3o de cada regi\u00e3o. Este adorno natal\u00edcio n\u00e3o s\u00f3 \u00e9 uma excelente recorda\u00e7\u00e3o de Gran Canaria, como tamb\u00e9m uma pe\u00e7a decorativa que adiciona um toque festivo a qualquer lar.<\/p>\n","protected":false},"excerpt":{"rendered":"<p>Bola de Natal desenhada com um colorido cavalo-marinho, inspirada na beleza de Gran Canaria. Este adorno, com acabamento cer\u00e2mico que evoca o estilo trencad\u00eds, apresenta vibrantes tons azuis, vermelhos e amarelos. A palavra &#8220;Gran Canaria&#8221; destaca-se no centro, adicionando um toque aut\u00eantico. Vem perfeitamente embalada numa caixa, sendo por isso perfeita para iluminar a sua \u00e1rvore de Natal e levar um peda\u00e7o do arquip\u00e9lago can\u00e1rio para o seu lar.<\/p>\n","protected":false},"featured_media":13874,"template":"","meta":{"_acf_changed":false},"product_brand":[],"product_cat":[652],"product_tag":[516,642],"class_list":{"0":"post-37218","1":"product","2":"type-product","3":"status-publish","4":"has-post-thumbnail","6":"product_cat-bolas-de-natal","7":"product_tag-animais","8":"product_tag-natal","9":"pa_ciudad-gran-canaria","10":"pa_motivo-cavalos-marinhos","11":"pa_pais-espana","13":"first","14":"instock","15":"shipping-taxable","16":"product-type-simple"},"acf":[],"_links":{"self":[{"href":"https:\/\/olemosaic.com\/pt-pt\/wp-json\/wp\/v2\/product\/37218","targetHints":{"allow":["GET"]}}],"collection":[{"href":"https:\/\/olemosaic.com\/pt-pt\/wp-json\/wp\/v2\/product"}],"about":[{"href":"https:\/\/olemosaic.com\/pt-pt\/wp-json\/wp\/v2\/types\/product"}],"wp:featuredmedia":[{"embeddable":true,"href":"https:\/\/olemosaic.com\/pt-pt\/wp-json\/wp\/v2\/media\/13874"}],"wp:attachment":[{"href":"https:\/\/olemosaic.com\/pt-pt\/wp-json\/wp\/v2\/media?parent=37218"}],"wp:term":[{"taxonomy":"product_brand","embeddable":true,"href":"https:\/\/olemosaic.com\/pt-pt\/wp-json\/wp\/v2\/product_brand?post=37218"},{"taxonomy":"product_cat","embeddable":true,"href":"https:\/\/olemosaic.com\/pt-pt\/wp-json\/wp\/v2\/product_cat?post=37218"},{"taxonomy":"product_tag","embeddable":true,"href":"https:\/\/olemosaic.com\/pt-pt\/wp-json\/wp\/v2\/product_tag?post=37218"}],"curies":[{"name":"wp","href":"https:\/\/api.w.org\/{rel}","templated":true}]}}