{"id":37217,"date":"2025-02-20T23:37:13","date_gmt":"2025-02-20T22:37:13","guid":{"rendered":"http:\/\/olemosaic.com\/producto\/bola-de-navidad-con-caja-sagrada-familia-barcelona-4\/"},"modified":"2025-07-25T20:22:02","modified_gmt":"2025-07-25T18:22:02","slug":"bola-de-natal-com-caixa-sagrada-familia-barcelona-4","status":"publish","type":"product","link":"https:\/\/olemosaic.com\/pt-pt\/produto\/bola-de-natal-com-caixa-sagrada-familia-barcelona-4\/","title":{"rendered":"Bola de Natal com caixa. Cer\u00e2mica. Sagrada Fam\u00edlia. Barcelona."},"content":{"rendered":"<p>Esta bola de Natal decorativa presta homenagem \u00e0 emblem\u00e1tica Sagrada Fam\u00edlia de Barcelona e \u00e9 indispens\u00e1vel para quem deseja levar um peda\u00e7o desta ic\u00f3nica bas\u00edlica para o seu lar durante as festas. Fabricada em cer\u00e2mica de alta qualidade, esta bola apresenta um design vibrante pintado \u00e0 m\u00e3o que capta a ess\u00eancia arquitet\u00f3nica da Sagrada Fam\u00edlia com as suas cores distintivas, formas e detalhes inconfund\u00edveis. O design inclui elementos caracter\u00edsticos da obra-prima de Antoni Gaud\u00ed, como as torres que se elevam em dire\u00e7\u00e3o ao c\u00e9u, rodeadas por um mosaico colorido que evoca a luz e a criatividade da cidade.<\/p>\n<p>Com um la\u00e7o cor-de-rosa, esta bola n\u00e3o \u00e9 apenas uma decora\u00e7\u00e3o, mas um aut\u00eantico s\u00edmbolo da cultura catal\u00e3 que poder\u00e1 adornar a sua \u00e1rvore de Natal todos os anos. Al\u00e9m disso, \u00e9 apresentada numa caixa elegante, o que a torna um presente ideal para aficionados da arquitetura e turistas que procuram recorda\u00e7\u00f5es representativas de Barcelona. Esta pe\u00e7a n\u00e3o s\u00f3 adiciona um toque festivo ao lar, como tamb\u00e9m serve como uma recorda\u00e7\u00e3o cultural significativa. Na Ol\u00e9 Mosaic, comprometemo-nos a oferecer recorda\u00e7\u00f5es aut\u00eanticas e de qualidade por grosso, e esta bola de Natal \u00e9 uma representa\u00e7\u00e3o perfeita da nossa dedica\u00e7\u00e3o \u00e0 arte e \u00e0 tradi\u00e7\u00e3o da cidade condal. Uma excelente op\u00e7\u00e3o para lojas de presentes tur\u00edsticos que procuram produtos \u00fanicos e memor\u00e1veis para os seus clientes.<\/p>\n","protected":false},"excerpt":{"rendered":"<p>Bola de Natal decorativa, apresentada numa caixa elegante, que presta homenagem \u00e0 emblem\u00e1tica Sagrada Fam\u00edlia de Barcelona. Este adorno, de cer\u00e2mica, ostenta um design artesanal vibrante, pintado \u00e0 m\u00e3o, que mostra a famosa bas\u00edlica com as suas cores e formas arquitet\u00f3nicas distintivas. O la\u00e7o, robusto e em tom cor-de-rosa, adiciona um toque festivo, e a base com motivos de mosaico real\u00e7a o seu apelo visual, tornando-a o complemento perfeito para a sua \u00e1rvore de Natal.<\/p>\n","protected":false},"featured_media":13873,"template":"","meta":{"_acf_changed":false},"product_brand":[],"product_cat":[652],"product_tag":[642],"class_list":{"0":"post-37217","1":"product","2":"type-product","3":"status-publish","4":"has-post-thumbnail","6":"product_cat-bolas-de-natal","7":"product_tag-natal","8":"pa_ciudad-barcelona","9":"pa_motivo-sagrada-familia","10":"pa_pais-espana","12":"first","13":"instock","14":"shipping-taxable","15":"product-type-simple"},"acf":[],"_links":{"self":[{"href":"https:\/\/olemosaic.com\/pt-pt\/wp-json\/wp\/v2\/product\/37217","targetHints":{"allow":["GET"]}}],"collection":[{"href":"https:\/\/olemosaic.com\/pt-pt\/wp-json\/wp\/v2\/product"}],"about":[{"href":"https:\/\/olemosaic.com\/pt-pt\/wp-json\/wp\/v2\/types\/product"}],"wp:featuredmedia":[{"embeddable":true,"href":"https:\/\/olemosaic.com\/pt-pt\/wp-json\/wp\/v2\/media\/13873"}],"wp:attachment":[{"href":"https:\/\/olemosaic.com\/pt-pt\/wp-json\/wp\/v2\/media?parent=37217"}],"wp:term":[{"taxonomy":"product_brand","embeddable":true,"href":"https:\/\/olemosaic.com\/pt-pt\/wp-json\/wp\/v2\/product_brand?post=37217"},{"taxonomy":"product_cat","embeddable":true,"href":"https:\/\/olemosaic.com\/pt-pt\/wp-json\/wp\/v2\/product_cat?post=37217"},{"taxonomy":"product_tag","embeddable":true,"href":"https:\/\/olemosaic.com\/pt-pt\/wp-json\/wp\/v2\/product_tag?post=37217"}],"curies":[{"name":"wp","href":"https:\/\/api.w.org\/{rel}","templated":true}]}}