{"id":37216,"date":"2025-02-20T23:37:13","date_gmt":"2025-02-20T22:37:13","guid":{"rendered":"http:\/\/olemosaic.com\/producto\/bola-de-navidad-con-caja-mosaico-tenerife-2\/"},"modified":"2025-07-25T19:29:40","modified_gmt":"2025-07-25T17:29:40","slug":"bola-de-natal-com-caixa-mosaico-tenerife-2","status":"publish","type":"product","link":"https:\/\/olemosaic.com\/pt-pt\/produto\/bola-de-natal-com-caixa-mosaico-tenerife-2\/","title":{"rendered":"Bola de Natal com caixa. Mosaico. Tenerife. Can\u00e1rias."},"content":{"rendered":"<p>Esta bola de Natal decorativa \u00e9 uma pe\u00e7a vibrante e inspirada na rica cultura de Tenerife, ideal para adicionar um toque festivo \u00e0 sua \u00e1rvore durante as celebra\u00e7\u00f5es natal\u00edcias. Com um design cativante que mistura motivos geom\u00e9tricos em tons de azul, vermelho e amarelo, esta bola, elaborada com arte, evoca a ess\u00eancia dos mosaicos can\u00e1rios. As pe\u00e7as de cer\u00e2mica que adornam as fachadas da ilha serviram de inspira\u00e7\u00e3o para esta cria\u00e7\u00e3o, e cada color representa uma faceta da cultura local que ressoa com o ambiente acolhedor das festividades.<\/p>\n<p>Apresentada numa caixa elegante que real\u00e7a o seu atrativo, a bola inclui uma fita roxa para pendurar que complementa perfeitamente a sua est\u00e9tica, conferindo um toque de sofistica\u00e7\u00e3o a qualquer decora\u00e7\u00e3o natal\u00edcia. Al\u00e9m de ser um belo adorno, tamb\u00e9m atua como uma recorda\u00e7\u00e3o aut\u00eantica de Tenerife, permitindo aos turistas levar um pedacinho da ilha para as suas casas. Esta recorda\u00e7\u00e3o n\u00e3o \u00e9 apenas um elemento decorativo, mas uma representa\u00e7\u00e3o cultural que capta a alegria e o calor das festas can\u00e1rias.<\/p>\n<p>Na Ol\u00e9 Mosaic, o nosso compromisso com a autenticidade e a qualidade manifesta-se em cada um dos nossos produtos. Esta bola de Natal com motivos de mosaico \u00e9 uma excelente op\u00e7\u00e3o para lojas de recorda\u00e7\u00f5es tur\u00edsticas que procuram oferecer recorda\u00e7\u00f5es \u00fanicas e representativas, consolidando-se como um distribuidor de recorda\u00e7\u00f5es de qualidade, focado na rica heran\u00e7a cultural de Espanha.<\/p>\n","protected":false},"excerpt":{"rendered":"<p>Bola de Natal decorativa, ideal para conferir um toque festivo \u00e0 sua \u00e1rvore. Inspirada nos vibrantes mosaicos de Tenerife, esta bola apresenta um design colorido que combina motivos geom\u00e9tricos em tons de azul, vermelho e amarelo, representando a rica cultura can\u00e1ria. \u00c9 apresentada numa caixa elegante e inclui uma fita roxa para a pendurar, tornando-se a pe\u00e7a perfeita para recordar a beleza de Tenerife durante as celebra\u00e7\u00f5es natal\u00edcias.<\/p>\n","protected":false},"featured_media":13872,"template":"","meta":{"_acf_changed":false},"product_brand":[],"product_cat":[652],"product_tag":[642],"class_list":{"0":"post-37216","1":"product","2":"type-product","3":"status-publish","4":"has-post-thumbnail","6":"product_cat-bolas-de-natal","7":"product_tag-natal","8":"pa_ciudad-tenerife","9":"pa_motivo-mosaico","10":"pa_pais-espana","12":"first","13":"instock","14":"shipping-taxable","15":"product-type-simple"},"acf":[],"_links":{"self":[{"href":"https:\/\/olemosaic.com\/pt-pt\/wp-json\/wp\/v2\/product\/37216","targetHints":{"allow":["GET"]}}],"collection":[{"href":"https:\/\/olemosaic.com\/pt-pt\/wp-json\/wp\/v2\/product"}],"about":[{"href":"https:\/\/olemosaic.com\/pt-pt\/wp-json\/wp\/v2\/types\/product"}],"wp:featuredmedia":[{"embeddable":true,"href":"https:\/\/olemosaic.com\/pt-pt\/wp-json\/wp\/v2\/media\/13872"}],"wp:attachment":[{"href":"https:\/\/olemosaic.com\/pt-pt\/wp-json\/wp\/v2\/media?parent=37216"}],"wp:term":[{"taxonomy":"product_brand","embeddable":true,"href":"https:\/\/olemosaic.com\/pt-pt\/wp-json\/wp\/v2\/product_brand?post=37216"},{"taxonomy":"product_cat","embeddable":true,"href":"https:\/\/olemosaic.com\/pt-pt\/wp-json\/wp\/v2\/product_cat?post=37216"},{"taxonomy":"product_tag","embeddable":true,"href":"https:\/\/olemosaic.com\/pt-pt\/wp-json\/wp\/v2\/product_tag?post=37216"}],"curies":[{"name":"wp","href":"https:\/\/api.w.org\/{rel}","templated":true}]}}