{"id":37214,"date":"2025-02-20T23:37:13","date_gmt":"2025-02-20T22:37:13","guid":{"rendered":"http:\/\/olemosaic.com\/producto\/bola-de-navidad-con-caja-mosaico-gran-canaria-2\/"},"modified":"2025-07-25T18:46:56","modified_gmt":"2025-07-25T16:46:56","slug":"bola-de-natal-com-caixa-mosaico-gran-canaria-2","status":"publish","type":"product","link":"https:\/\/olemosaic.com\/pt-pt\/produto\/bola-de-natal-com-caixa-mosaico-gran-canaria-2\/","title":{"rendered":"Bola de Natal com caixa. Mosaico. Padr\u00e3o Geom\u00e9trico. Gran Can\u00e1ria."},"content":{"rendered":"<p>Este encantador adorno natal\u00edcio, a Bola de Natal Mosaico de Gran Can\u00e1ria, \u00e9 uma pe\u00e7a \u00fanica que evoca a ess\u00eancia colorida das Ilhas Can\u00e1rias. O seu design redondo destaca-se por uma explos\u00e3o vibrante de cores, com vermelhos, azuis e amarelos intensos entrela\u00e7ados num padr\u00e3o geom\u00e9trico distintivo que reflete o rico patrim\u00f3nio cultural de Gran Can\u00e1ria. Fabricada com materiais de alta qualidade, esta bola n\u00e3o \u00e9 apenas um adorno festivo, mas uma express\u00e3o art\u00edstica que recorda as alegres tradi\u00e7\u00f5es da regi\u00e3o.<\/p>\n<p>A bola \u00e9 apresentada elegantemente embalada numa caixa, o que a torna um presente ideal para as festividades. A fita rosa acrescenta um toque festivo e encantador, facilitando a sua coloca\u00e7\u00e3o na \u00e1rvore de Natal. Esta recorda\u00e7\u00e3o n\u00e3o serve apenas para adornar qualquer espa\u00e7o durante a \u00e9poca natal\u00edcia, mas tamb\u00e9m atua como um lembrete das paisagens vibrantes e da cultura can\u00e1ria. Na Ol\u00e9 Mosaic, especializamo-nos na distribui\u00e7\u00e3o de recorda\u00e7\u00f5es por grosso, oferecendo artigos aut\u00eanticos que captam a ess\u00eancia dos seus locais de origem. A Bola de Natal de Gran Can\u00e1ria \u00e9 uma excelente op\u00e7\u00e3o para lojas de recorda\u00e7\u00f5es tur\u00edsticas que procuram oferecer produtos aut\u00eanticos e relevantes em cada \u00e9poca festiva.<\/p>\n","protected":false},"excerpt":{"rendered":"<p>Bola de Natal decorativa que reflete o vibrante mosaico de Gran Can\u00e1ria. Este atraente adorno, de design redondo e elaborado com materiais de alta qualidade, apresenta uma explos\u00e3o de cores como vermelho, azul e amarelo, com padr\u00f5es geom\u00e9tricos distintivos. Inclui uma caixa para presente, e a sua fita rosa acrescenta um toque festivo. Ideal para adornar a \u00e1rvore e evocar o esp\u00edrito natal\u00edcio das Ilhas Can\u00e1rias.<\/p>\n","protected":false},"featured_media":13870,"template":"","meta":{"_acf_changed":false},"product_brand":[],"product_cat":[652],"product_tag":[642],"class_list":{"0":"post-37214","1":"product","2":"type-product","3":"status-publish","4":"has-post-thumbnail","6":"product_cat-bolas-de-natal","7":"product_tag-natal","8":"pa_ciudad-gran-canaria","9":"pa_motivo-mosaico","10":"pa_pais-espana","12":"first","13":"instock","14":"shipping-taxable","15":"product-type-simple"},"acf":[],"_links":{"self":[{"href":"https:\/\/olemosaic.com\/pt-pt\/wp-json\/wp\/v2\/product\/37214","targetHints":{"allow":["GET"]}}],"collection":[{"href":"https:\/\/olemosaic.com\/pt-pt\/wp-json\/wp\/v2\/product"}],"about":[{"href":"https:\/\/olemosaic.com\/pt-pt\/wp-json\/wp\/v2\/types\/product"}],"wp:featuredmedia":[{"embeddable":true,"href":"https:\/\/olemosaic.com\/pt-pt\/wp-json\/wp\/v2\/media\/13870"}],"wp:attachment":[{"href":"https:\/\/olemosaic.com\/pt-pt\/wp-json\/wp\/v2\/media?parent=37214"}],"wp:term":[{"taxonomy":"product_brand","embeddable":true,"href":"https:\/\/olemosaic.com\/pt-pt\/wp-json\/wp\/v2\/product_brand?post=37214"},{"taxonomy":"product_cat","embeddable":true,"href":"https:\/\/olemosaic.com\/pt-pt\/wp-json\/wp\/v2\/product_cat?post=37214"},{"taxonomy":"product_tag","embeddable":true,"href":"https:\/\/olemosaic.com\/pt-pt\/wp-json\/wp\/v2\/product_tag?post=37214"}],"curies":[{"name":"wp","href":"https:\/\/api.w.org\/{rel}","templated":true}]}}