{"id":37213,"date":"2025-02-20T23:37:13","date_gmt":"2025-02-20T22:37:13","guid":{"rendered":"http:\/\/olemosaic.com\/producto\/bola-de-navidad-con-caja-sardinas-2\/"},"modified":"2025-07-25T19:40:24","modified_gmt":"2025-07-25T17:40:24","slug":"bola-de-natal-com-caixa-sardinhas-2","status":"publish","type":"product","link":"https:\/\/olemosaic.com\/pt-pt\/produto\/bola-de-natal-com-caixa-sardinhas-2\/","title":{"rendered":"Bola de Natal com caixa. Sardinhas. Azulejos portugueses."},"content":{"rendered":"<p>Bola de Natal decorativa com caixa. Inspirada na rica tradi\u00e7\u00e3o piscat\u00f3ria portuguesa, este adorno \u00fanico \u00e9 um s\u00edmbolo do folclore e da cultura local. Fabricada em cer\u00e2mica de alta qualidade, a bola apresenta motivos coloridos de sardinhas, cuidadosamente pintados sobre um fundo de azulejos azuis que evocam a est\u00e9tica t\u00edpica da cer\u00e2mica portuguesa. Os tons vivos de amarelo, verde e vermelho das sardinhas destacam-se com eleg\u00e2ncia, conferindo um toque festivo a qualquer \u00e1rvore de Natal. Rematada com um la\u00e7o rosa delicado, esta bola n\u00e3o \u00e9 apenas um adorno, mas uma pe\u00e7a que narra uma hist\u00f3ria de tradi\u00e7\u00e3o e alegria, tornando-a uma recorda\u00e7\u00e3o especial para os visitantes que procuram levar consigo um peda\u00e7o de Portugal.<\/p>\n<p>O design desta bola de Natal refor\u00e7a a liga\u00e7\u00e3o com a vida mar\u00edtima do pa\u00eds, um elemento fundamental na heran\u00e7a cultural portuguesa. Esta recorda\u00e7\u00e3o \u00e9 perfeita para qualquer loja de presentes tur\u00edsticos que deseje oferecer artigos aut\u00eanticos e significativos. Na Ol\u00e9 Mosaic, como grossistas de recorda\u00e7\u00f5es, asseguramos que os nossos produtos sejam representativos da cultura e das tradi\u00e7\u00f5es locais, fazendo desta bola um presente ideal para quem deseja celebrar o Natal mantendo viva a mem\u00f3ria da sua viagem a Portugal.<\/p>\n","protected":false},"excerpt":{"rendered":"<p>Bola de Natal decorativa apresentada numa caixa encantadora, inspirada na tradi\u00e7\u00e3o piscat\u00f3ria das sardinhas. Este adorno de cer\u00e2mica est\u00e1 decorado com motivos coloridos de sardinhas sobre um fundo de azulejos azuis, t\u00edpicos de Portugal. A bola inclui um la\u00e7o rosa, o que a torna uma pe\u00e7a elegante para adornar a sua \u00e1rvore de Natal, evocando a cultura e o folclore local. Perfeita para oferecer ou para adicionar um toque festivo e cultural ao seu lar.<\/p>\n","protected":false},"featured_media":9740,"template":"","meta":{"_acf_changed":false},"product_brand":[],"product_cat":[652],"product_tag":[516,642],"class_list":{"0":"post-37213","1":"product","2":"type-product","3":"status-publish","4":"has-post-thumbnail","6":"product_cat-bolas-de-natal","7":"product_tag-animais","8":"product_tag-natal","9":"pa_motivo-sardinhas","11":"first","12":"instock","13":"shipping-taxable","14":"product-type-simple"},"acf":[],"_links":{"self":[{"href":"https:\/\/olemosaic.com\/pt-pt\/wp-json\/wp\/v2\/product\/37213","targetHints":{"allow":["GET"]}}],"collection":[{"href":"https:\/\/olemosaic.com\/pt-pt\/wp-json\/wp\/v2\/product"}],"about":[{"href":"https:\/\/olemosaic.com\/pt-pt\/wp-json\/wp\/v2\/types\/product"}],"wp:featuredmedia":[{"embeddable":true,"href":"https:\/\/olemosaic.com\/pt-pt\/wp-json\/wp\/v2\/media\/9740"}],"wp:attachment":[{"href":"https:\/\/olemosaic.com\/pt-pt\/wp-json\/wp\/v2\/media?parent=37213"}],"wp:term":[{"taxonomy":"product_brand","embeddable":true,"href":"https:\/\/olemosaic.com\/pt-pt\/wp-json\/wp\/v2\/product_brand?post=37213"},{"taxonomy":"product_cat","embeddable":true,"href":"https:\/\/olemosaic.com\/pt-pt\/wp-json\/wp\/v2\/product_cat?post=37213"},{"taxonomy":"product_tag","embeddable":true,"href":"https:\/\/olemosaic.com\/pt-pt\/wp-json\/wp\/v2\/product_tag?post=37213"}],"curies":[{"name":"wp","href":"https:\/\/api.w.org\/{rel}","templated":true}]}}