{"id":37211,"date":"2025-02-20T23:37:12","date_gmt":"2025-02-20T22:37:12","guid":{"rendered":"http:\/\/olemosaic.com\/producto\/bola-de-navidad-con-caja-mosaico-fuerteventura-2\/"},"modified":"2025-07-25T20:07:19","modified_gmt":"2025-07-25T18:07:19","slug":"bola-de-natal-com-caixa-mosaico-fuerteventura-2","status":"publish","type":"product","link":"https:\/\/olemosaic.com\/pt-pt\/produto\/bola-de-natal-com-caixa-mosaico-fuerteventura-2\/","title":{"rendered":"Bola de Natal com caixa. Mosaico. Fuerteventura. Can\u00e1rias."},"content":{"rendered":"<p>Esta bola de Natal decorativa, inspirada nos vibrantes mosaicos de Fuerteventura, \u00e9 um presente festivo imprescind\u00edvel para a sua cole\u00e7\u00e3o de Natal. Apresentada numa elegante caixa, este adorno \u00e9 fabricado com material resistente, o que garante a sua durabilidade e beleza durante anos. A bola apresenta uma assombrosa variedade de cores brilhantes, como o vermelho, o azul e o amarelo, combinados de forma harmoniosa, com padr\u00f5es geom\u00e9tricos que evocam a arte can\u00e1ria, famosa pela sua rica heran\u00e7a cultural e tradicional.<\/p>\n<p>O design inclui a inscri\u00e7\u00e3o &#8220;Fuerteventura&#8221; numa tipografia preta apelativa, que confere um toque distintivo e pessoal a esta recorda\u00e7\u00e3o. Cada detalhe da bola reflete a ess\u00eancia da ilha, onde a arte do mosaico desempenha um papel fundamental na identidade visual local. Ao pendur\u00e1-la na sua \u00e1rvore de Natal, trar\u00e1 consigo um ar festivo que recordar\u00e1 as tradi\u00e7\u00f5es e a beleza natural deste destino tur\u00edstico.<\/p>\n<p>Perfeita para quem procura recorda\u00e7\u00f5es aut\u00eanticas e culturalmente relevantes, esta bola de Natal \u00e9 uma excelente op\u00e7\u00e3o para lojas de presentes tur\u00edsticos. Na Ol\u00e9 Mosaic, contamos com uma ampla variedade de decora\u00e7\u00f5es de Natal por grosso, assegurando a qualidade e o design que os seus clientes procuram. As recorda\u00e7\u00f5es de Fuerteventura n\u00e3o s\u00f3 decorar\u00e3o, como tamb\u00e9m guardar\u00e3o mem\u00f3rias duradouras de umas festas inesquec\u00edveis.<\/p>\n","protected":false},"excerpt":{"rendered":"<p>Bola de Natal decorativa apresentada numa elegante caixa, inspirada nos vibrantes mosaicos de Fuerteventura. Este adorno, feito de material resistente, mostra uma variedade de cores brilhantes, como o vermelho, o azul e o amarelo, com padr\u00f5es geom\u00e9tricos que evocam o estilo art\u00edstico can\u00e1rio. A inscri\u00e7\u00e3o &#8220;Fuerteventura&#8221;, numa tipografia preta apelativa, confere-lhe um toque distintivo. Ideal para adicionar um ar festivo e cultural \u00e0 sua \u00e1rvore de Natal.<\/p>\n","protected":false},"featured_media":13868,"template":"","meta":{"_acf_changed":false},"product_brand":[],"product_cat":[652],"product_tag":[642],"class_list":{"0":"post-37211","1":"product","2":"type-product","3":"status-publish","4":"has-post-thumbnail","6":"product_cat-bolas-de-natal","7":"product_tag-natal","8":"pa_ciudad-fuerteventura","9":"pa_motivo-mosaico","10":"pa_pais-espana","12":"first","13":"instock","14":"shipping-taxable","15":"product-type-simple"},"acf":[],"_links":{"self":[{"href":"https:\/\/olemosaic.com\/pt-pt\/wp-json\/wp\/v2\/product\/37211","targetHints":{"allow":["GET"]}}],"collection":[{"href":"https:\/\/olemosaic.com\/pt-pt\/wp-json\/wp\/v2\/product"}],"about":[{"href":"https:\/\/olemosaic.com\/pt-pt\/wp-json\/wp\/v2\/types\/product"}],"wp:featuredmedia":[{"embeddable":true,"href":"https:\/\/olemosaic.com\/pt-pt\/wp-json\/wp\/v2\/media\/13868"}],"wp:attachment":[{"href":"https:\/\/olemosaic.com\/pt-pt\/wp-json\/wp\/v2\/media?parent=37211"}],"wp:term":[{"taxonomy":"product_brand","embeddable":true,"href":"https:\/\/olemosaic.com\/pt-pt\/wp-json\/wp\/v2\/product_brand?post=37211"},{"taxonomy":"product_cat","embeddable":true,"href":"https:\/\/olemosaic.com\/pt-pt\/wp-json\/wp\/v2\/product_cat?post=37211"},{"taxonomy":"product_tag","embeddable":true,"href":"https:\/\/olemosaic.com\/pt-pt\/wp-json\/wp\/v2\/product_tag?post=37211"}],"curies":[{"name":"wp","href":"https:\/\/api.w.org\/{rel}","templated":true}]}}