{"id":37209,"date":"2025-02-20T22:37:12","date_gmt":"2025-02-20T22:37:12","guid":{"rendered":"http:\/\/olemosaic.com\/producto\/bola-de-navidad-con-caja-caballito-de-mar-fuerteventura\/"},"modified":"2025-07-25T18:47:06","modified_gmt":"2025-07-25T16:47:06","slug":"bola-de-natal-com-caixa-cavalo-marinho-fuerteventura","status":"publish","type":"product","link":"https:\/\/olemosaic.com\/pt-pt\/produto\/bola-de-natal-com-caixa-cavalo-marinho-fuerteventura\/","title":{"rendered":"Bola de Natal com caixa. Cavalo-marinho. Fuerteventura."},"content":{"rendered":"<p>Bola de Natal decorativa inspirada no mar de Fuerteventura. Este encantador adorno natal\u00edcio, elegantemente apresentado numa caixa, captura a ess\u00eancia vibrante das Ilhas Can\u00e1rias atrav\u00e9s do seu design colorido. A bola apresenta alegres cavalos-marinhos em tons de vermelho, azul e verde, nadando sobre um fundo de trencad\u00eds, que evoca a c\u00e9lebre cer\u00e2mica tradicional can\u00e1ria, uma fus\u00e3o \u00fanica de arte e natureza. O nome &#8220;Fuerteventura&#8221; destaca-se de forma proeminente na esfera, adicionando um toque festivo e cultural \u00e0 decora\u00e7\u00e3o de Natal.<\/p>\n<p>Esta recorda\u00e7\u00e3o n\u00e3o \u00e9 apenas uma bela adi\u00e7\u00e3o \u00e0 \u00e1rvore de Natal, mas tamb\u00e9m um s\u00edmbolo da rica biodiversidade marinha da regi\u00e3o, que representa a vida das \u00e1guas cristalinas de Fuerteventura. Os cavalos-marinhos simbolizam a harmonia e a beleza submarina. Na Ol\u00e9 Mosaic, grossistas de souvenirs aut\u00eanticos que celebram a cultura e as tradi\u00e7\u00f5es de Espanha, esta bola de Natal \u00e9 uma op\u00e7\u00e3o ideal para os turistas que procuram uma recorda\u00e7\u00e3o aut\u00eantica e representativa. Perfeito para lojas de presentes tur\u00edsticos, este adorno \u00e9 uma excelente forma de levar um peda\u00e7o de Fuerteventura para casa, promovendo a liga\u00e7\u00e3o cultural entre a \u00e9poca natal\u00edcia e a beleza natural das ilhas.<\/p>\n","protected":false},"excerpt":{"rendered":"<p>Bola de Natal decorativa apresentada numa elegante caixa, inspirada no mar de Fuerteventura. Este adorno ostenta um design colorido com encantadores cavalos-marinhos em tons de vermelho, azul e verde, sobre um fundo de trencad\u00eds que evoca a cer\u00e2mica tradicional can\u00e1ria. A pe\u00e7a \u00e9 rematada com um la\u00e7o roxo e destaca o nome &#8220;Fuerteventura&#8221; de forma proeminente, adicionando um toque festivo e cultural \u00e0 sua decora\u00e7\u00e3o de Natal.<\/p>\n","protected":false},"featured_media":13866,"template":"","meta":{"_acf_changed":false},"product_brand":[],"product_cat":[652],"product_tag":[516,642],"class_list":{"0":"post-37209","1":"product","2":"type-product","3":"status-publish","4":"has-post-thumbnail","6":"product_cat-bolas-de-natal","7":"product_tag-animais","8":"product_tag-natal","9":"pa_ciudad-fuerteventura","10":"pa_motivo-cavalos-marinhos","11":"pa_pais-espana","13":"first","14":"instock","15":"shipping-taxable","16":"product-type-simple"},"acf":[],"_links":{"self":[{"href":"https:\/\/olemosaic.com\/pt-pt\/wp-json\/wp\/v2\/product\/37209","targetHints":{"allow":["GET"]}}],"collection":[{"href":"https:\/\/olemosaic.com\/pt-pt\/wp-json\/wp\/v2\/product"}],"about":[{"href":"https:\/\/olemosaic.com\/pt-pt\/wp-json\/wp\/v2\/types\/product"}],"wp:featuredmedia":[{"embeddable":true,"href":"https:\/\/olemosaic.com\/pt-pt\/wp-json\/wp\/v2\/media\/13866"}],"wp:attachment":[{"href":"https:\/\/olemosaic.com\/pt-pt\/wp-json\/wp\/v2\/media?parent=37209"}],"wp:term":[{"taxonomy":"product_brand","embeddable":true,"href":"https:\/\/olemosaic.com\/pt-pt\/wp-json\/wp\/v2\/product_brand?post=37209"},{"taxonomy":"product_cat","embeddable":true,"href":"https:\/\/olemosaic.com\/pt-pt\/wp-json\/wp\/v2\/product_cat?post=37209"},{"taxonomy":"product_tag","embeddable":true,"href":"https:\/\/olemosaic.com\/pt-pt\/wp-json\/wp\/v2\/product_tag?post=37209"}],"curies":[{"name":"wp","href":"https:\/\/api.w.org\/{rel}","templated":true}]}}