{"id":37208,"date":"2025-02-20T23:37:12","date_gmt":"2025-02-20T22:37:12","guid":{"rendered":"http:\/\/olemosaic.com\/producto\/bola-de-navidad-con-caja-caballito-de-mar-tenerife\/"},"modified":"2025-07-25T18:40:23","modified_gmt":"2025-07-25T16:40:23","slug":"bola-de-natal-com-caixa-cavalo-marinho-tenerife","status":"publish","type":"product","link":"https:\/\/olemosaic.com\/pt-pt\/produto\/bola-de-natal-com-caixa-cavalo-marinho-tenerife\/","title":{"rendered":"Bola de Natal com caixa. Cavalo-marinho. Tenerife."},"content":{"rendered":"<p>Descubra a nossa requintada bola de Natal decorativa, inspirada na beleza m\u00e1gica de Tenerife e apresentada numa elegante caixa que real\u00e7a o seu encanto. Esta pe\u00e7a, fabricada em cer\u00e2mica, destaca-se pelo seu vibrante design de mosaico pintado \u00e0 m\u00e3o, onde se representam coloridos cavalos-marinhos em tons azuis, vermelhos e verdes. Cada detalhe foi cuidadosamente elaborado, capturando a ess\u00eancia do esp\u00edrito marinho da ilha e a sua rica biodiversidade. O nome &#8220;Tenerife&#8221; \u00e9 exibido num estilo moderno, integrando-se na perfei\u00e7\u00e3o com a decora\u00e7\u00e3o, o que a torna uma recorda\u00e7\u00e3o excecional que n\u00e3o s\u00f3 embelezar\u00e1 a sua \u00e1rvore de Natal, como tamb\u00e9m evocar\u00e1 gratas mem\u00f3rias da sua visita a esta ilha can\u00e1ria.<\/p>\n<p>O cavalo-marinho, s\u00edmbolo da tranquilidade e da liga\u00e7\u00e3o com o oceano, \u00e9 um motivo recorrente no artesanato local, manifestando a estreita rela\u00e7\u00e3o de Tenerife com o seu ambiente natural. Esta bola de Natal n\u00e3o \u00e9 apenas um adorno, mas uma aut\u00eantica recorda\u00e7\u00e3o das tradi\u00e7\u00f5es can\u00e1rias e do seu patrim\u00f3nio cultural. Na Ol\u00e9 Mosaic, dispomos de uma ampla gama de recorda\u00e7\u00f5es de Tenerife ideais para lojas de presentes tur\u00edsticos, oferecendo produtos de qualidade e relev\u00e2ncia cultural a todos os visitantes. Este adorno representa uma excelente op\u00e7\u00e3o para quem procura recorda\u00e7\u00f5es aut\u00eanticas da sua experi\u00eancia nas Ilhas Can\u00e1rias.<\/p>\n","protected":false},"excerpt":{"rendered":"<p>Bola de Natal decorativa apresentada numa elegante caixa, inspirada no esplendor de Tenerife. Este adorno, elaborado em cer\u00e2mica, mostra coloridos cavalos-marinhos num design de mosaico artesanal, pintado \u00e0 m\u00e3o, com tons vibrantes de azul, vermelho e verde. A bola exibe o nome &#8220;Tenerife&#8221; num estilo moderno, integrando elementos simb\u00f3licos que refletem a beleza marinha da ilha, ideal para decorar a sua \u00e1rvore de Natal com um toque can\u00e1rio.<\/p>\n","protected":false},"featured_media":13865,"template":"","meta":{"_acf_changed":false},"product_brand":[],"product_cat":[652],"product_tag":[516,642],"class_list":{"0":"post-37208","1":"product","2":"type-product","3":"status-publish","4":"has-post-thumbnail","6":"product_cat-bolas-de-natal","7":"product_tag-animais","8":"product_tag-natal","9":"pa_ciudad-tenerife","10":"pa_motivo-cavalos-marinhos","11":"pa_pais-espana","13":"first","14":"instock","15":"shipping-taxable","16":"product-type-simple"},"acf":[],"_links":{"self":[{"href":"https:\/\/olemosaic.com\/pt-pt\/wp-json\/wp\/v2\/product\/37208","targetHints":{"allow":["GET"]}}],"collection":[{"href":"https:\/\/olemosaic.com\/pt-pt\/wp-json\/wp\/v2\/product"}],"about":[{"href":"https:\/\/olemosaic.com\/pt-pt\/wp-json\/wp\/v2\/types\/product"}],"wp:featuredmedia":[{"embeddable":true,"href":"https:\/\/olemosaic.com\/pt-pt\/wp-json\/wp\/v2\/media\/13865"}],"wp:attachment":[{"href":"https:\/\/olemosaic.com\/pt-pt\/wp-json\/wp\/v2\/media?parent=37208"}],"wp:term":[{"taxonomy":"product_brand","embeddable":true,"href":"https:\/\/olemosaic.com\/pt-pt\/wp-json\/wp\/v2\/product_brand?post=37208"},{"taxonomy":"product_cat","embeddable":true,"href":"https:\/\/olemosaic.com\/pt-pt\/wp-json\/wp\/v2\/product_cat?post=37208"},{"taxonomy":"product_tag","embeddable":true,"href":"https:\/\/olemosaic.com\/pt-pt\/wp-json\/wp\/v2\/product_tag?post=37208"}],"curies":[{"name":"wp","href":"https:\/\/api.w.org\/{rel}","templated":true}]}}