{"id":37206,"date":"2025-02-20T22:37:12","date_gmt":"2025-02-20T22:37:12","guid":{"rendered":"http:\/\/olemosaic.com\/producto\/bola-de-navidad-con-caja-mosaico-gran-canaria\/"},"modified":"2025-07-25T19:42:57","modified_gmt":"2025-07-25T17:42:57","slug":"bola-de-natal-com-caixa-mosaico-gran-canaria","status":"publish","type":"product","link":"https:\/\/olemosaic.com\/pt-pt\/produto\/bola-de-natal-com-caixa-mosaico-gran-canaria\/","title":{"rendered":"Bola de Natal com caixa. Mosaico. Gran Canaria."},"content":{"rendered":"<p>Descubra a bola de Natal decorativa &#8220;Gran Canaria&#8221;, um adorno encantador que capta a ess\u00eancia das coloridas tradi\u00e7\u00f5es can\u00e1rias. Apresentada numa caixa elegante, esta bola inspira-se nos vibrantes mosaicos de Gran Canaria, conhecidos pela sua rica heran\u00e7a cultural e pela sua impressionante diversidade art\u00edstica. O seu design exibe uma explos\u00e3o de cores brilhantes, com predom\u00ednio de tons azuis, laranjas e brancos, dispostos num padr\u00e3o geom\u00e9trico que recorda os intrincados azulejos que adornam muitas edifica\u00e7\u00f5es locais, criando um v\u00ednculo entre o produto e a sua origem.<\/p>\n<p>A bola inclui um la\u00e7o vermelho que, al\u00e9m de conferir um toque festivo, permite pendur\u00e1-la facilmente na \u00e1rvore de Natal ou em qualquer canto decorativo da casa. Este adorno n\u00e3o \u00e9 apenas uma pe\u00e7a est\u00e9tica, mas tamb\u00e9m um s\u00edmbolo das festividades can\u00e1rias, perfeito para quem deseja levar um pedacinho de Gran Canaria para as suas celebra\u00e7\u00f5es. Na Ol\u00e9 Mosaic, distribu\u00edmos souvenirs aut\u00eanticos, e esta bola de Natal \u00e9 uma excelente escolha para as lojas de presentes tur\u00edsticos que procuram oferecer produtos que realcem a cultura local. Ideal como recorda\u00e7\u00e3o de Gran Canaria, esta bola garante uma mem\u00f3ria \u00fanica e alegre da sua visita \u00e0s ilhas.<\/p>\n","protected":false},"excerpt":{"rendered":"<p>Bola de Natal decorativa apresentada numa caixa atrativa, inspirada nos coloridos mosaicos de Gran Canaria. Este adorno apresenta um design vibrante, com padr\u00f5es geom\u00e9tricos em tons azuis, laranjas e brancos, que evocam a rica heran\u00e7a cultural das Ilhas Can\u00e1rias. A bola inclui um la\u00e7o vermelho para pendur\u00e1-la facilmente, oferecendo uma forma festiva e art\u00edstica de recordar a beleza de Gran Canaria durante as celebra\u00e7\u00f5es natal\u00edcias.<\/p>\n","protected":false},"featured_media":13863,"template":"","meta":{"_acf_changed":false},"product_brand":[],"product_cat":[652],"product_tag":[642],"class_list":{"0":"post-37206","1":"product","2":"type-product","3":"status-publish","4":"has-post-thumbnail","6":"product_cat-bolas-de-natal","7":"product_tag-natal","8":"pa_ciudad-gran-canaria","9":"pa_motivo-mosaico","10":"pa_pais-espana","12":"first","13":"instock","14":"shipping-taxable","15":"product-type-simple"},"acf":[],"_links":{"self":[{"href":"https:\/\/olemosaic.com\/pt-pt\/wp-json\/wp\/v2\/product\/37206","targetHints":{"allow":["GET"]}}],"collection":[{"href":"https:\/\/olemosaic.com\/pt-pt\/wp-json\/wp\/v2\/product"}],"about":[{"href":"https:\/\/olemosaic.com\/pt-pt\/wp-json\/wp\/v2\/types\/product"}],"wp:featuredmedia":[{"embeddable":true,"href":"https:\/\/olemosaic.com\/pt-pt\/wp-json\/wp\/v2\/media\/13863"}],"wp:attachment":[{"href":"https:\/\/olemosaic.com\/pt-pt\/wp-json\/wp\/v2\/media?parent=37206"}],"wp:term":[{"taxonomy":"product_brand","embeddable":true,"href":"https:\/\/olemosaic.com\/pt-pt\/wp-json\/wp\/v2\/product_brand?post=37206"},{"taxonomy":"product_cat","embeddable":true,"href":"https:\/\/olemosaic.com\/pt-pt\/wp-json\/wp\/v2\/product_cat?post=37206"},{"taxonomy":"product_tag","embeddable":true,"href":"https:\/\/olemosaic.com\/pt-pt\/wp-json\/wp\/v2\/product_tag?post=37206"}],"curies":[{"name":"wp","href":"https:\/\/api.w.org\/{rel}","templated":true}]}}