{"id":37205,"date":"2025-02-20T22:37:11","date_gmt":"2025-02-20T22:37:11","guid":{"rendered":"http:\/\/olemosaic.com\/producto\/bola-de-navidad-con-caja-gato-mallorca\/"},"modified":"2025-07-25T18:41:25","modified_gmt":"2025-07-25T16:41:25","slug":"bola-de-natal-com-caixa-gato-maiorca","status":"publish","type":"product","link":"https:\/\/olemosaic.com\/pt-pt\/produto\/bola-de-natal-com-caixa-gato-maiorca\/","title":{"rendered":"Bola de Natal com caixa. Gato. Maiorca."},"content":{"rendered":"<p>Esta bola de Natal decorativa \u00e9 uma aut\u00eantica homenagem \u00e0 vibrante cultura maiorquina, apresentada numa caixa atrativa que a torna o presente ideal para estas festas. Fabricada em cer\u00e2mica de alta qualidade, esta pe\u00e7a destaca-se pelo seu design colorido, que representa dois ador\u00e1veis gatos decorados com um mosaico que evoca a arte tradicional da ilha. Os gatos, pintados em tonalidades quentes e com detalhes chamativos, conferem um toque festivo e alegre, tornando esta bola um elemento \u00fanico para decorar qualquer \u00e1rvore de Natal.<\/p>\n<p>O fundo da bola \u00e9 desenhado com pequenas pe\u00e7as de mosaico que representam a rica heran\u00e7a cultural de Maiorca, um s\u00edmbolo da arte insular que deixou marca ao longo dos anos. Este souvenir n\u00e3o s\u00f3 capta a ess\u00eancia da ilha, como tamb\u00e9m reflete o calor e a autenticidade que os visitantes procuram levar para casa como recorda\u00e7\u00e3o. A qualidade artesanal e os detalhes meticulosamente trabalhados real\u00e7am a relev\u00e2ncia cultural da bola como um souvenir representativo de Maiorca, ideal para aqueles que desejam recordar a sua visita \u00e0 ilha.<\/p>\n<p>Na Ol\u00e9 Mosaic, como distribuidores de produtos t\u00edpicos por grosso, oferecemos uma vasta gama de souvenirs que celebram a cultura espanhola. Esta bola de Natal \u00e9 uma excelente op\u00e7\u00e3o para lojas de presentes tur\u00edsticos que procuram artigos aut\u00eanticos e de qualidade, perfeitos para turistas que desejam levar um pedacinho de Maiorca.<\/p>\n","protected":false},"excerpt":{"rendered":"<p>Bola de Natal decorativa apresentada numa caixa atrativa, inspirada na vibrante cultura maiorquina. Fabricada em cer\u00e2mica, esta bola mostra dois gatos num colorido design de mosaico, com um fundo de pequenas tesselas que evocam a arte tradicional da ilha. Os gatos, pintados com cores quentes e detalhes chamativos, adicionam um toque festivo e alegre a qualquer \u00e1rvore de Natal, tornando-a uma pe\u00e7a singular e cheia de encanto.<\/p>\n","protected":false},"featured_media":13862,"template":"","meta":{"_acf_changed":false},"product_brand":[],"product_cat":[652],"product_tag":[516,642],"class_list":{"0":"post-37205","1":"product","2":"type-product","3":"status-publish","4":"has-post-thumbnail","6":"product_cat-bolas-de-natal","7":"product_tag-animais","8":"product_tag-natal","9":"pa_ciudad-mallorca","10":"pa_motivo-gatos","11":"pa_pais-espana","13":"first","14":"instock","15":"shipping-taxable","16":"product-type-simple"},"acf":[],"_links":{"self":[{"href":"https:\/\/olemosaic.com\/pt-pt\/wp-json\/wp\/v2\/product\/37205","targetHints":{"allow":["GET"]}}],"collection":[{"href":"https:\/\/olemosaic.com\/pt-pt\/wp-json\/wp\/v2\/product"}],"about":[{"href":"https:\/\/olemosaic.com\/pt-pt\/wp-json\/wp\/v2\/types\/product"}],"wp:featuredmedia":[{"embeddable":true,"href":"https:\/\/olemosaic.com\/pt-pt\/wp-json\/wp\/v2\/media\/13862"}],"wp:attachment":[{"href":"https:\/\/olemosaic.com\/pt-pt\/wp-json\/wp\/v2\/media?parent=37205"}],"wp:term":[{"taxonomy":"product_brand","embeddable":true,"href":"https:\/\/olemosaic.com\/pt-pt\/wp-json\/wp\/v2\/product_brand?post=37205"},{"taxonomy":"product_cat","embeddable":true,"href":"https:\/\/olemosaic.com\/pt-pt\/wp-json\/wp\/v2\/product_cat?post=37205"},{"taxonomy":"product_tag","embeddable":true,"href":"https:\/\/olemosaic.com\/pt-pt\/wp-json\/wp\/v2\/product_tag?post=37205"}],"curies":[{"name":"wp","href":"https:\/\/api.w.org\/{rel}","templated":true}]}}