{"id":37204,"date":"2025-02-20T22:37:11","date_gmt":"2025-02-20T22:37:11","guid":{"rendered":"http:\/\/olemosaic.com\/producto\/bola-de-navidad-con-caja-salamandra-y-flores-mallorca\/"},"modified":"2025-07-25T19:59:50","modified_gmt":"2025-07-25T17:59:50","slug":"bola-de-natal-com-caixa-salamandra-e-flores-maiorca","status":"publish","type":"product","link":"https:\/\/olemosaic.com\/pt-pt\/produto\/bola-de-natal-com-caixa-salamandra-e-flores-maiorca\/","title":{"rendered":"Bola de Natal com caixa. Salamandra e flores. Maiorca."},"content":{"rendered":"<p>Descubra a nossa bola de Natal decorativa, uma pe\u00e7a \u00fanica que capta a ess\u00eancia de Maiorca e a sua vibrante cultura. Apresentada numa caixa atrativa, esta bola de cer\u00e2mica \u00e9 adornada com salamandras e flores coloridas, evocando o famoso trencad\u00eds que caracteriza a arquitetura maiorquina. O seu design incorpora a palavra &#8220;MALLORCA&#8221; num estilo vibrante, rodeada por um mosaico de tonalidades alegres que transmitem a ess\u00eancia mediterr\u00e2nica. A presen\u00e7a das salamandras, s\u00edmbolos de boa sorte e adaptabilidade, acentua o valor cultural desta ornamenta\u00e7\u00e3o, tornando-a n\u00e3o apenas um adorno, mas uma recorda\u00e7\u00e3o significativa das tradi\u00e7\u00f5es locais.<\/p>\n<p>O uso de cores brilhantes e formas l\u00fadicas real\u00e7a a vitalidade da ilha, tornando esta bola um complemento ideal para dar um toque festivo e cultural a qualquer decora\u00e7\u00e3o de Natal. Perfeita para turistas que procuram souvenirs de alta qualidade, esta bola de Natal \u00e9 uma excelente op\u00e7\u00e3o para lojas de presentes tur\u00edsticos que desejem oferecer produtos aut\u00eanticos que reflitam a heran\u00e7a cultural de Maiorca. Na Ol\u00e9 Mosaic, somos o seu distribuidor de souvenirs de cer\u00e2mica por grosso, garantindo autenticidade e um design excecional em cada pe\u00e7a.<\/p>\n","protected":false},"excerpt":{"rendered":"<p>Bola de Natal decorativa apresentada numa caixa atrativa, inspirada na beleza de Maiorca. Esta pe\u00e7a de cer\u00e2mica \u00e9 adornada com salamandras e flores coloridas, evocando o famoso trencad\u00eds maiorquino. O design inclui a palavra &#8220;MALLORCA&#8221; num estilo vibrante, rodeada por um mosaico de alegres tonalidades que transmitem a ess\u00eancia mediterr\u00e2nica. Um complemento ideal para dar um toque festivo e cultural \u00e0 sua decora\u00e7\u00e3o de Natal.<\/p>\n","protected":false},"featured_media":13861,"template":"","meta":{"_acf_changed":false},"product_brand":[],"product_cat":[652],"product_tag":[516,642],"class_list":{"0":"post-37204","1":"product","2":"type-product","3":"status-publish","4":"has-post-thumbnail","6":"product_cat-bolas-de-natal","7":"product_tag-animais","8":"product_tag-natal","9":"pa_ciudad-mallorca","10":"pa_motivo-salamandras","11":"pa_pais-espana","13":"first","14":"instock","15":"shipping-taxable","16":"product-type-simple"},"acf":[],"_links":{"self":[{"href":"https:\/\/olemosaic.com\/pt-pt\/wp-json\/wp\/v2\/product\/37204","targetHints":{"allow":["GET"]}}],"collection":[{"href":"https:\/\/olemosaic.com\/pt-pt\/wp-json\/wp\/v2\/product"}],"about":[{"href":"https:\/\/olemosaic.com\/pt-pt\/wp-json\/wp\/v2\/types\/product"}],"wp:featuredmedia":[{"embeddable":true,"href":"https:\/\/olemosaic.com\/pt-pt\/wp-json\/wp\/v2\/media\/13861"}],"wp:attachment":[{"href":"https:\/\/olemosaic.com\/pt-pt\/wp-json\/wp\/v2\/media?parent=37204"}],"wp:term":[{"taxonomy":"product_brand","embeddable":true,"href":"https:\/\/olemosaic.com\/pt-pt\/wp-json\/wp\/v2\/product_brand?post=37204"},{"taxonomy":"product_cat","embeddable":true,"href":"https:\/\/olemosaic.com\/pt-pt\/wp-json\/wp\/v2\/product_cat?post=37204"},{"taxonomy":"product_tag","embeddable":true,"href":"https:\/\/olemosaic.com\/pt-pt\/wp-json\/wp\/v2\/product_tag?post=37204"}],"curies":[{"name":"wp","href":"https:\/\/api.w.org\/{rel}","templated":true}]}}