{"id":37203,"date":"2025-02-20T22:37:11","date_gmt":"2025-02-20T22:37:11","guid":{"rendered":"http:\/\/olemosaic.com\/producto\/bola-de-navidad-con-caja-gato-tenerife\/"},"modified":"2025-07-25T20:00:38","modified_gmt":"2025-07-25T18:00:38","slug":"bola-de-natal-com-caixa-gato-tenerife","status":"publish","type":"product","link":"https:\/\/olemosaic.com\/pt-pt\/produto\/bola-de-natal-com-caixa-gato-tenerife\/","title":{"rendered":"Bola de Natal com caixa. Gato. Tenerife."},"content":{"rendered":"<p>Esta bola de Natal decorativa \u00e9 uma recorda\u00e7\u00e3o carinhosa de Tenerife, desenhada para adicionar um toque vibrante e festivo a qualquer \u00e1rvore de Natal. Com um design inspirado na rica tradi\u00e7\u00e3o do mosaico can\u00e1rio, a bola apresenta dois ador\u00e1veis gatos que capturam a ess\u00eancia l\u00fadica da ilha. Os gatos s\u00e3o elaborados com uma paleta de cores vivas que abrange vermelhos, verdes e azuis, criando um contraste atraente sobre um fundo de tonalidades cinzentas subtis, evocando os caracter\u00edsticos mosaicos que decoram muitas pra\u00e7as e ruas de Tenerife.<\/p>\n<p>A decora\u00e7\u00e3o complementa-se com um la\u00e7o rosa que, al\u00e9m de facilitar o pendurar do adorno, adiciona um elemento de eleg\u00e2ncia e simpatia. Na parte frontal, o nome &#8220;Tenerife&#8221; destaca-se com clareza, convertendo esta bola numa recorda\u00e7\u00e3o instantaneamente reconhec\u00edvel e representativa da ilha. Apresentada numa caixa atrativa, este adorno \u00e9 perfeito como presente ou para adicionar um toque de autenticidade \u00e0s suas celebra\u00e7\u00f5es natal\u00edcias.<\/p>\n<p>Este souvenir n\u00e3o \u00e9 apenas um elemento decorativo, mas uma homenagem \u00e0 rica cultura can\u00e1ria que os visitantes poder\u00e3o levar para casa. Na Ol\u00e9 Mosaic, somos distribuidores de souvenirs de alta qualidade, e esta bola de Natal \u00e9 uma excelente op\u00e7\u00e3o para lojas de presentes tur\u00edsticos que procuram produtos aut\u00eanticos e cheios de significado cultural. Celebre as festividades com um s\u00edmbolo de Tenerife que perdurar\u00e1 no tempo.<\/p>\n","protected":false},"excerpt":{"rendered":"<p>Bola de Natal decorativa que representa dois gatos num colorido design de mosaico, inspirada na cultura de Tenerife. Este encantador adorno apresenta elementos vibrantes e um fundo com detalhes de arcos em tons cinzentos e um esquema de cores variado. A bola inclui um la\u00e7o rosa para pendurar e um texto impresso que destaca o nome da ilha. Um souvenir perfeito para celebrar as festas com um toque can\u00e1rio.<\/p>\n","protected":false},"featured_media":13860,"template":"","meta":{"_acf_changed":false},"product_brand":[],"product_cat":[652],"product_tag":[516,642],"class_list":{"0":"post-37203","1":"product","2":"type-product","3":"status-publish","4":"has-post-thumbnail","6":"product_cat-bolas-de-natal","7":"product_tag-animais","8":"product_tag-natal","9":"pa_ciudad-tenerife","10":"pa_motivo-gatos","11":"pa_pais-espana","13":"first","14":"instock","15":"shipping-taxable","16":"product-type-simple"},"acf":[],"_links":{"self":[{"href":"https:\/\/olemosaic.com\/pt-pt\/wp-json\/wp\/v2\/product\/37203","targetHints":{"allow":["GET"]}}],"collection":[{"href":"https:\/\/olemosaic.com\/pt-pt\/wp-json\/wp\/v2\/product"}],"about":[{"href":"https:\/\/olemosaic.com\/pt-pt\/wp-json\/wp\/v2\/types\/product"}],"wp:featuredmedia":[{"embeddable":true,"href":"https:\/\/olemosaic.com\/pt-pt\/wp-json\/wp\/v2\/media\/13860"}],"wp:attachment":[{"href":"https:\/\/olemosaic.com\/pt-pt\/wp-json\/wp\/v2\/media?parent=37203"}],"wp:term":[{"taxonomy":"product_brand","embeddable":true,"href":"https:\/\/olemosaic.com\/pt-pt\/wp-json\/wp\/v2\/product_brand?post=37203"},{"taxonomy":"product_cat","embeddable":true,"href":"https:\/\/olemosaic.com\/pt-pt\/wp-json\/wp\/v2\/product_cat?post=37203"},{"taxonomy":"product_tag","embeddable":true,"href":"https:\/\/olemosaic.com\/pt-pt\/wp-json\/wp\/v2\/product_tag?post=37203"}],"curies":[{"name":"wp","href":"https:\/\/api.w.org\/{rel}","templated":true}]}}