{"id":37200,"date":"2025-02-20T22:37:10","date_gmt":"2025-02-20T22:37:10","guid":{"rendered":"http:\/\/olemosaic.com\/producto\/bola-de-navidad-con-caja-toro-mallorca\/"},"modified":"2025-07-25T18:47:08","modified_gmt":"2025-07-25T16:47:08","slug":"bola-de-natal-com-caixa-touro-maiorca","status":"publish","type":"product","link":"https:\/\/olemosaic.com\/pt-pt\/produto\/bola-de-natal-com-caixa-touro-maiorca\/","title":{"rendered":"Bola de Natal com caixa. Touro. Maiorca."},"content":{"rendered":"<p>Esta bola de Natal decorativa de cer\u00e2mica \u00e9 uma preciosa recorda\u00e7\u00e3o de Maiorca que captura a vibrante ess\u00eancia da cultura local. Com um design que apresenta um impressionante mosaico em vermelho, amarelo e verde, a bola presta homenagem ao ic\u00f3nico touro, um s\u00edmbolo emblem\u00e1tico da regi\u00e3o. A representa\u00e7\u00e3o do touro, estilizada com fragmentos de cer\u00e2mica que evocam a tradi\u00e7\u00e3o da arte do mosaico, situa-se sobre um fundo adornado com p\u00e9talas de flores, criando um conjunto visual cativante que alegrar\u00e1 qualquer \u00e1rvore de Natal.<\/p>\n<p>A palavra &#8220;MALLORCA&#8221; destaca-se em letras audazes, proporcionando uma nost\u00e1lgica recorda\u00e7\u00e3o desta bela ilha balear cada vez que se admira a bola decorativa. A bola apresenta-se numa elegante caixa, o que a torna um presente perfeito, n\u00e3o s\u00f3 para adornar o lar no Natal, mas tamb\u00e9m como um s\u00edmbolo de liga\u00e7\u00e3o cultural com Maiorca.<\/p>\n<p>Na Ol\u00e9 Mosaic, especializamo-nos na distribui\u00e7\u00e3o de recorda\u00e7\u00f5es por grosso, e esta bola de Natal \u00e9 uma op\u00e7\u00e3o ideal para lojas de presentes tur\u00edsticos que procuram produtos aut\u00eanticos e representativos. Elevar\u00e1 a decora\u00e7\u00e3o natal\u00edcia com um distintivo toque espanhol e tornar-se-\u00e1 um tesouro inesquec\u00edvel para quem deseje levar um peda\u00e7o de Maiorca para os seus lares.<\/p>\n","protected":false},"excerpt":{"rendered":"<p>Bola de Natal decorativa de cer\u00e2mica, elaborada em Maiorca e com o touro como protagonista. Este vibrante design apresenta um mosaico de cores vermelho, amarelo e verde que evoca a cultura local. Decorada com um fundo de p\u00e9talas e a palavra &#8220;MALLORCA&#8221;, esta bola \u00e9 entregue numa elegante caixa, ideal para complementar a decora\u00e7\u00e3o natal\u00edcia e adicionar um toque espanhol distintivo ao seu lar.<\/p>\n","protected":false},"featured_media":4148,"template":"","meta":{"_acf_changed":false},"product_brand":[],"product_cat":[652],"product_tag":[516,642],"class_list":{"0":"post-37200","1":"product","2":"type-product","3":"status-publish","4":"has-post-thumbnail","6":"product_cat-bolas-de-natal","7":"product_tag-animais","8":"product_tag-natal","9":"pa_ciudad-mallorca","10":"pa_motivo-touros","11":"pa_pais-espana","13":"first","14":"instock","15":"shipping-taxable","16":"product-type-simple"},"acf":[],"_links":{"self":[{"href":"https:\/\/olemosaic.com\/pt-pt\/wp-json\/wp\/v2\/product\/37200","targetHints":{"allow":["GET"]}}],"collection":[{"href":"https:\/\/olemosaic.com\/pt-pt\/wp-json\/wp\/v2\/product"}],"about":[{"href":"https:\/\/olemosaic.com\/pt-pt\/wp-json\/wp\/v2\/types\/product"}],"wp:featuredmedia":[{"embeddable":true,"href":"https:\/\/olemosaic.com\/pt-pt\/wp-json\/wp\/v2\/media\/4148"}],"wp:attachment":[{"href":"https:\/\/olemosaic.com\/pt-pt\/wp-json\/wp\/v2\/media?parent=37200"}],"wp:term":[{"taxonomy":"product_brand","embeddable":true,"href":"https:\/\/olemosaic.com\/pt-pt\/wp-json\/wp\/v2\/product_brand?post=37200"},{"taxonomy":"product_cat","embeddable":true,"href":"https:\/\/olemosaic.com\/pt-pt\/wp-json\/wp\/v2\/product_cat?post=37200"},{"taxonomy":"product_tag","embeddable":true,"href":"https:\/\/olemosaic.com\/pt-pt\/wp-json\/wp\/v2\/product_tag?post=37200"}],"curies":[{"name":"wp","href":"https:\/\/api.w.org\/{rel}","templated":true}]}}