{"id":37199,"date":"2025-02-20T22:37:10","date_gmt":"2025-02-20T22:37:10","guid":{"rendered":"http:\/\/olemosaic.com\/producto\/bola-de-navidad-con-caja-motivos-marinos-tenerife\/"},"modified":"2025-07-25T19:49:10","modified_gmt":"2025-07-25T17:49:10","slug":"bola-de-natal-com-caixa-motivos-marinhos-tenerife","status":"publish","type":"product","link":"https:\/\/olemosaic.com\/pt-pt\/produto\/bola-de-natal-com-caixa-motivos-marinhos-tenerife\/","title":{"rendered":"Bola de Natal com caixa. Motivos marinhos. Tenerife."},"content":{"rendered":"<p>Esta bola de Natal decorativa, inspirada na originalidade e na beleza natural de Tenerife, \u00e9 uma aut\u00eantica homenagem ao oceano que rodeia a ilha. Com um design vibrante que inclui tartarugas e elementos marinhos coloridos sobre um fundo azul profundo, esta pe\u00e7a captura a ess\u00eancia da vida marinha can\u00e1ria. O uso de tons intensos e motivos detalhados torna esta bola um adorno chamativo que n\u00e3o s\u00f3 embelezar\u00e1 a sua \u00e1rvore de Natal, mas tamb\u00e9m evocar\u00e1 recorda\u00e7\u00f5es da sua visita a esta espl\u00eandida ilha.<\/p>\n<p>Fabricada com materiais de alta qualidade, a bola de Natal apresenta-se numa elegante caixa, o que a torna um presente perfeito para amigos e familiares, al\u00e9m de uma excelente recorda\u00e7\u00e3o para os turistas que procuram rememorar a sua experi\u00eancia em Tenerife. O la\u00e7o vermelho inclu\u00eddo facilita o seu pendurar e adiciona um toque festivo e tradicional, fazendo desta bola um s\u00edmbolo da liga\u00e7\u00e3o entre o Natal e o mar.<\/p>\n<p>Esta recorda\u00e7\u00e3o de Tenerife \u00e9 mais do que um simples adorno; representa a cultura ilhoa e a sua rica biodiversidade, perfeito para quem procura uma recorda\u00e7\u00e3o aut\u00eantica da sua viagem. Na Ol\u00e9 Mosaic, distribu\u00edmos estes encantadores artigos por grosso, garantindo autenticidade e qualidade em cada pe\u00e7a. Com esta bola de Natal, os turistas poder\u00e3o levar para casa um peda\u00e7o do oceano e a m\u00e1gica ess\u00eancia de Tenerife.<\/p>\n","protected":false},"excerpt":{"rendered":"<p>Bola de Natal decorativa com motivos marinhos, inspirada na beleza natural de Tenerife. Esta bola apresenta um design vibrante com tartarugas e elementos marinhos coloridos sobre um fundo azul que evoca o oceano que rodeia a ilha. Apresenta-se numa elegante caixa, ideal para adornar a \u00e1rvore de Natal ou como um presente \u00fanico. Inclui um la\u00e7o vermelho para pendur\u00e1-la facilmente, fundindo arte e tradi\u00e7\u00e3o ilhoa.<\/p>\n","protected":false},"featured_media":13857,"template":"","meta":{"_acf_changed":false},"product_brand":[],"product_cat":[652],"product_tag":[516,642],"class_list":{"0":"post-37199","1":"product","2":"type-product","3":"status-publish","4":"has-post-thumbnail","6":"product_cat-bolas-de-natal","7":"product_tag-animais","8":"product_tag-natal","9":"pa_ciudad-tenerife","10":"pa_motivo-animais-marinhos","11":"pa_pais-espana","13":"first","14":"instock","15":"shipping-taxable","16":"product-type-simple"},"acf":[],"_links":{"self":[{"href":"https:\/\/olemosaic.com\/pt-pt\/wp-json\/wp\/v2\/product\/37199","targetHints":{"allow":["GET"]}}],"collection":[{"href":"https:\/\/olemosaic.com\/pt-pt\/wp-json\/wp\/v2\/product"}],"about":[{"href":"https:\/\/olemosaic.com\/pt-pt\/wp-json\/wp\/v2\/types\/product"}],"wp:featuredmedia":[{"embeddable":true,"href":"https:\/\/olemosaic.com\/pt-pt\/wp-json\/wp\/v2\/media\/13857"}],"wp:attachment":[{"href":"https:\/\/olemosaic.com\/pt-pt\/wp-json\/wp\/v2\/media?parent=37199"}],"wp:term":[{"taxonomy":"product_brand","embeddable":true,"href":"https:\/\/olemosaic.com\/pt-pt\/wp-json\/wp\/v2\/product_brand?post=37199"},{"taxonomy":"product_cat","embeddable":true,"href":"https:\/\/olemosaic.com\/pt-pt\/wp-json\/wp\/v2\/product_cat?post=37199"},{"taxonomy":"product_tag","embeddable":true,"href":"https:\/\/olemosaic.com\/pt-pt\/wp-json\/wp\/v2\/product_tag?post=37199"}],"curies":[{"name":"wp","href":"https:\/\/api.w.org\/{rel}","templated":true}]}}