{"id":37198,"date":"2025-02-20T23:37:10","date_gmt":"2025-02-20T22:37:10","guid":{"rendered":"http:\/\/olemosaic.com\/producto\/bola-de-navidad-con-caja-mosaico-lanzarote-2\/"},"modified":"2025-07-25T18:34:40","modified_gmt":"2025-07-25T16:34:40","slug":"bola-de-natal-com-caixa-mosaico-lanzarote-2","status":"publish","type":"product","link":"https:\/\/olemosaic.com\/pt-pt\/produto\/bola-de-natal-com-caixa-mosaico-lanzarote-2\/","title":{"rendered":"Bola de Natal com caixa. Mosaico. Azul, vermelho e laranja. Lanzarote."},"content":{"rendered":"<p>Este encantador adorno natal\u00edcio \u00e9 uma bola decorativa de cer\u00e2mica inspirada nos vibrantes mosaicos de Lanzarote, uma aut\u00eantica homenagem \u00e0 rica heran\u00e7a cultural desta preciosa ilha can\u00e1ria. Com um design deslumbrante, a bola destaca-se pela sua combina\u00e7\u00e3o de padr\u00f5es geom\u00e9tricos numa paleta de cores azul, vermelho e laranja que evocam o calor e a alegria t\u00edpicos de Lanzarote. O nome &#8220;LANZAROTE&#8221; aparece de forma atraente, conferindo um toque personalizado que a torna uma recorda\u00e7\u00e3o representativa da regi\u00e3o.<\/p>\n<p>Fabricada em cer\u00e2mica de alta qualidade, cada bola \u00e9 tamb\u00e9m um testemunho do artesanato local, tornando-se uma recorda\u00e7\u00e3o \u00fanica da sua visita. A bola est\u00e1 adornada com um la\u00e7o de tecido vermelho que n\u00e3o s\u00f3 real\u00e7a o seu aspeto festivo, mas tamb\u00e9m facilita a sua coloca\u00e7\u00e3o na \u00e1rvore, adicionando um toque decorativo ao seu lar durante a \u00e9poca natal\u00edcia.<\/p>\n<p>Esta recorda\u00e7\u00e3o de Lanzarote \u00e9 ideal para os turistas que procuram uma forma aut\u00eantica de recordar a sua viagem, mas tamb\u00e9m \u00e9 uma excelente op\u00e7\u00e3o para lojas de presentes tur\u00edsticos que desejem oferecer produtos culturais de grande qualidade. Na Ol\u00e9 Mosaic, como distribuidores de recorda\u00e7\u00f5es por grosso, garantimos que cada produto, como esta bola de Natal, reflita a ess\u00eancia e a autenticidade de Espanha, fazendo com que cada adorno natal\u00edcio seja um s\u00edmbolo inesquec\u00edvel de felicidade e tradi\u00e7\u00e3o.<\/p>\n","protected":false},"excerpt":{"rendered":"<p>Bola de Natal decorativa de cer\u00e2mica com caixa, inspirada nos mosaicos de Lanzarote. Este alegre adorno apresenta um design vibrante que combina uma variedade de padr\u00f5es geom\u00e9tricos em cores azul, vermelho e laranja, refletindo a heran\u00e7a cultural da ilha. O texto &#8220;LANZAROTE&#8221; destaca-se de forma atraente. Al\u00e9m disso, conta com um la\u00e7o de tecido vermelho que facilita a sua coloca\u00e7\u00e3o na \u00e1rvore. Ideal para adicionar um toque festivo e decorativo a qualquer lar.<\/p>\n","protected":false},"featured_media":13856,"template":"","meta":{"_acf_changed":false},"product_brand":[],"product_cat":[652],"product_tag":[642],"class_list":{"0":"post-37198","1":"product","2":"type-product","3":"status-publish","4":"has-post-thumbnail","6":"product_cat-bolas-de-natal","7":"product_tag-natal","8":"pa_ciudad-lanzarote","9":"pa_motivo-mosaico","10":"pa_pais-espana","12":"first","13":"instock","14":"shipping-taxable","15":"product-type-simple"},"acf":[],"_links":{"self":[{"href":"https:\/\/olemosaic.com\/pt-pt\/wp-json\/wp\/v2\/product\/37198","targetHints":{"allow":["GET"]}}],"collection":[{"href":"https:\/\/olemosaic.com\/pt-pt\/wp-json\/wp\/v2\/product"}],"about":[{"href":"https:\/\/olemosaic.com\/pt-pt\/wp-json\/wp\/v2\/types\/product"}],"wp:featuredmedia":[{"embeddable":true,"href":"https:\/\/olemosaic.com\/pt-pt\/wp-json\/wp\/v2\/media\/13856"}],"wp:attachment":[{"href":"https:\/\/olemosaic.com\/pt-pt\/wp-json\/wp\/v2\/media?parent=37198"}],"wp:term":[{"taxonomy":"product_brand","embeddable":true,"href":"https:\/\/olemosaic.com\/pt-pt\/wp-json\/wp\/v2\/product_brand?post=37198"},{"taxonomy":"product_cat","embeddable":true,"href":"https:\/\/olemosaic.com\/pt-pt\/wp-json\/wp\/v2\/product_cat?post=37198"},{"taxonomy":"product_tag","embeddable":true,"href":"https:\/\/olemosaic.com\/pt-pt\/wp-json\/wp\/v2\/product_tag?post=37198"}],"curies":[{"name":"wp","href":"https:\/\/api.w.org\/{rel}","templated":true}]}}