{"id":37197,"date":"2025-02-20T22:37:10","date_gmt":"2025-02-20T22:37:10","guid":{"rendered":"http:\/\/olemosaic.com\/producto\/bola-de-navidad-con-caja-motivos-marinos-lanzarote\/"},"modified":"2025-07-25T20:18:23","modified_gmt":"2025-07-25T18:18:23","slug":"bola-de-natal-com-caixa-motivos-marinhos-lanzarote","status":"publish","type":"product","link":"https:\/\/olemosaic.com\/pt-pt\/produto\/bola-de-natal-com-caixa-motivos-marinhos-lanzarote\/","title":{"rendered":"Bola de Natal com caixa. Motivos marinhos. Lanzarote."},"content":{"rendered":"<p>Esta bola de Natal decorativa, com motivos marinhos, \u00e9 uma recorda\u00e7\u00e3o carinhosa de Lanzarote que encapsula a beleza natural do oceano can\u00e1rio. Apresentada numa caixa atraente, a pe\u00e7a resplandece com ilustra\u00e7\u00f5es vibrantes de tartarugas e elementos marinhos, sobre um fundo azul intenso que evoca a profundidade do mar. O design destaca-se pelo seu acabamento brilhante, que reflete a luz de forma cativante, enquanto a fita vermelha para pendurar adiciona um toque festivo, tornando este adorno uma op\u00e7\u00e3o perfeita para decorar a sua \u00e1rvore ou qualquer canto da casa.<\/p>\n<p>Com um di\u00e2metro ideal para brilhar na sua decora\u00e7\u00e3o natal\u00edcia, esta bola n\u00e3o \u00e9 apenas um adorno, mas uma recorda\u00e7\u00e3o do ambiente marinho de Lanzarote, uma ilha rica em paisagens naturais e cultura. A representa\u00e7\u00e3o art\u00edstica de tartarugas e corais n\u00e3o s\u00f3 embeleza a casa, como tamb\u00e9m real\u00e7a a liga\u00e7\u00e3o da ilha com a sua extraordin\u00e1ria biodiversidade marinha, sublinhando a sua relev\u00e2ncia cultural como destino tur\u00edstico.<\/p>\n<p>Na Ol\u00e9 Mosaic, especializamo-nos na distribui\u00e7\u00e3o de recorda\u00e7\u00f5es por grosso, oferecendo produtos aut\u00eanticos e representativos das diversas regi\u00f5es de Espanha e Portugal. Esta bola de Natal \u00e9 uma excelente op\u00e7\u00e3o para lojas de presentes tur\u00edsticos que procuram artigos \u00fanicos e de qualidade, ideal para quem deseja levar um peda\u00e7o da m\u00e1gica Lanzarote para os seus lares.<\/p>\n","protected":false},"excerpt":{"rendered":"<p>Bola de Natal decorativa com motivos marinhos, inspirada na beleza natural de Lanzarote. Este adorno, apresentado numa caixa encantadora, mostra ilustra\u00e7\u00f5es vibrantes de tartarugas e elementos do fundo marinho sobre um fundo azul intenso. Com um acabamento brilhante e uma fita vermelha para pendurar, \u00e9 a pe\u00e7a ideal para conferir um toque de cor e um ar festivo ao seu lar, evocando o esp\u00edrito do oceano can\u00e1rio.<\/p>\n","protected":false},"featured_media":13855,"template":"","meta":{"_acf_changed":false},"product_brand":[],"product_cat":[652],"product_tag":[516,642],"class_list":{"0":"post-37197","1":"product","2":"type-product","3":"status-publish","4":"has-post-thumbnail","6":"product_cat-bolas-de-natal","7":"product_tag-animais","8":"product_tag-natal","9":"pa_ciudad-lanzarote","10":"pa_motivo-animais-marinhos","11":"pa_pais-espana","13":"first","14":"instock","15":"shipping-taxable","16":"product-type-simple"},"acf":[],"_links":{"self":[{"href":"https:\/\/olemosaic.com\/pt-pt\/wp-json\/wp\/v2\/product\/37197","targetHints":{"allow":["GET"]}}],"collection":[{"href":"https:\/\/olemosaic.com\/pt-pt\/wp-json\/wp\/v2\/product"}],"about":[{"href":"https:\/\/olemosaic.com\/pt-pt\/wp-json\/wp\/v2\/types\/product"}],"wp:featuredmedia":[{"embeddable":true,"href":"https:\/\/olemosaic.com\/pt-pt\/wp-json\/wp\/v2\/media\/13855"}],"wp:attachment":[{"href":"https:\/\/olemosaic.com\/pt-pt\/wp-json\/wp\/v2\/media?parent=37197"}],"wp:term":[{"taxonomy":"product_brand","embeddable":true,"href":"https:\/\/olemosaic.com\/pt-pt\/wp-json\/wp\/v2\/product_brand?post=37197"},{"taxonomy":"product_cat","embeddable":true,"href":"https:\/\/olemosaic.com\/pt-pt\/wp-json\/wp\/v2\/product_cat?post=37197"},{"taxonomy":"product_tag","embeddable":true,"href":"https:\/\/olemosaic.com\/pt-pt\/wp-json\/wp\/v2\/product_tag?post=37197"}],"curies":[{"name":"wp","href":"https:\/\/api.w.org\/{rel}","templated":true}]}}