{"id":37196,"date":"2025-02-20T22:37:10","date_gmt":"2025-02-20T22:37:10","guid":{"rendered":"http:\/\/olemosaic.com\/producto\/bola-de-navidad-con-caja-salamandra-y-flores-tenerife\/"},"modified":"2025-07-25T18:47:08","modified_gmt":"2025-07-25T16:47:08","slug":"bola-de-natal-com-caixa-salamandra-e-flores-tenerife","status":"publish","type":"product","link":"https:\/\/olemosaic.com\/pt-pt\/produto\/bola-de-natal-com-caixa-salamandra-e-flores-tenerife\/","title":{"rendered":"Bola de Natal com caixa. Salamandra e flores. Tenerife."},"content":{"rendered":"<p>Esta bola de Natal decorativa \u00e9 uma recorda\u00e7\u00e3o requintada que capta a ess\u00eancia festiva de Tenerife. Com um design exclusivo, apresenta uma vibrante salamandra rodeada de flores coloridas, um s\u00edmbolo da rica biodiversidade da ilha. Fabricada em cer\u00e2mica de alta qualidade, esta pe\u00e7a combina arte e tradi\u00e7\u00e3o, oferecendo um toque distintivo \u00e0 decora\u00e7\u00e3o natal\u00edcia. A bola inclui uma delicada fita roxa que, al\u00e9m de facilitar a sua coloca\u00e7\u00e3o na \u00e1rvore, acrescenta um ar festivo e elegante. Com o texto &#8220;Tenerife&#8221; impresso com clareza, esta recorda\u00e7\u00e3o torna-se uma lembran\u00e7a especial das celebra\u00e7\u00f5es natal\u00edcias nesta bela ilha.<\/p>\n<p>O colorido mosaico que adorna a bola evoca a famosa arte de rua de Tenerife, onde a cultura local se reflete em cada esquina atrav\u00e9s das suas cores vibrantes e motivos inspirados na natureza. Este produto n\u00e3o \u00e9 apenas um elemento decorativo atraente, mas tamb\u00e9m transmite a aut\u00eantica ess\u00eancia das festas na regi\u00e3o, tornando-o um presente perfeito para aqueles que desejem levar um peda\u00e7o de Tenerife para casa.<\/p>\n<p>Na Ol\u00e9 Mosaic, orgulhamo-nos de oferecer recorda\u00e7\u00f5es aut\u00eanticas, como esta bola de Natal, ideal para lojas de presentes tur\u00edsticos. A nossa abordagem na distribui\u00e7\u00e3o de produtos por grosso garante que cada pe\u00e7a conserve o seu valor cultural e art\u00edstico, tornando-a uma excelente op\u00e7\u00e3o para turistas que procuram recorda\u00e7\u00f5es representativas da sua experi\u00eancia.<\/p>\n","protected":false},"excerpt":{"rendered":"<p>Bola de Natal decorativa com um design exclusivo que representa uma salamandra rodeada de flores coloridas, evocando a beleza de Tenerife. Fabricada em cer\u00e2mica, esta bola inclui uma fita roxa para pendurar e o seu colorido mosaico reflete a rica cultura local. Com a palavra &#8220;Tenerife&#8221; impressa, \u00e9 uma recorda\u00e7\u00e3o ideal para as festas natal\u00edcias na ilha, combinando arte e tradi\u00e7\u00e3o num atraente elemento decorativo.<\/p>\n","protected":false},"featured_media":13854,"template":"","meta":{"_acf_changed":false},"product_brand":[],"product_cat":[652],"product_tag":[516,642],"class_list":{"0":"post-37196","1":"product","2":"type-product","3":"status-publish","4":"has-post-thumbnail","6":"product_cat-bolas-de-natal","7":"product_tag-animais","8":"product_tag-natal","9":"pa_ciudad-tenerife","10":"pa_motivo-salamandras","11":"pa_pais-espana","13":"first","14":"instock","15":"shipping-taxable","16":"product-type-simple"},"acf":[],"_links":{"self":[{"href":"https:\/\/olemosaic.com\/pt-pt\/wp-json\/wp\/v2\/product\/37196","targetHints":{"allow":["GET"]}}],"collection":[{"href":"https:\/\/olemosaic.com\/pt-pt\/wp-json\/wp\/v2\/product"}],"about":[{"href":"https:\/\/olemosaic.com\/pt-pt\/wp-json\/wp\/v2\/types\/product"}],"wp:featuredmedia":[{"embeddable":true,"href":"https:\/\/olemosaic.com\/pt-pt\/wp-json\/wp\/v2\/media\/13854"}],"wp:attachment":[{"href":"https:\/\/olemosaic.com\/pt-pt\/wp-json\/wp\/v2\/media?parent=37196"}],"wp:term":[{"taxonomy":"product_brand","embeddable":true,"href":"https:\/\/olemosaic.com\/pt-pt\/wp-json\/wp\/v2\/product_brand?post=37196"},{"taxonomy":"product_cat","embeddable":true,"href":"https:\/\/olemosaic.com\/pt-pt\/wp-json\/wp\/v2\/product_cat?post=37196"},{"taxonomy":"product_tag","embeddable":true,"href":"https:\/\/olemosaic.com\/pt-pt\/wp-json\/wp\/v2\/product_tag?post=37196"}],"curies":[{"name":"wp","href":"https:\/\/api.w.org\/{rel}","templated":true}]}}