{"id":37195,"date":"2025-02-20T22:37:09","date_gmt":"2025-02-20T22:37:09","guid":{"rendered":"http:\/\/olemosaic.com\/producto\/bola-de-navidad-con-caja-mariposa-mallorca\/"},"modified":"2025-07-25T19:25:53","modified_gmt":"2025-07-25T17:25:53","slug":"bola-de-natal-com-caixa-borboleta-maiorca","status":"publish","type":"product","link":"https:\/\/olemosaic.com\/pt-pt\/produto\/bola-de-natal-com-caixa-borboleta-maiorca\/","title":{"rendered":"Bola de Natal com caixa. Borboleta. Maiorca."},"content":{"rendered":"<p>Bola de Natal decorativa de borboletas, inspirada na beleza de Maiorca. Perfeita para adicionar um toque festivo \u00e0 sua \u00e1rvore ou como uma encantadora recorda\u00e7\u00e3o das Ilhas Baleares. Este adorno esf\u00e9rico apresenta um design vibrante com coloridas borboletas e flores sobre um fundo de mosaico, capturando a ess\u00eancia da arte mediterr\u00e2nica. A t\u00e9cnica gr\u00e1fica utilizada real\u00e7a a riqueza das cores, com tonalidades azuis, roxas, amarelas e laranjas que simbolizam a exuber\u00e2ncia da flora e fauna maiorquina.<\/p>\n<p>A bola est\u00e1 adornada com uma elegante fita roxa, que lhe confere um acabamento sofisticado. \u00c9 ideal para oferecer ou para que os turistas levem um peda\u00e7o de Maiorca para casa. Completa-se com uma caixa de apresenta\u00e7\u00e3o, lo que torna esta bola de Natal n\u00e3o apenas um bonito detalhe decorativo, mas tamb\u00e9m um s\u00edmbolo cultural que reflete a liga\u00e7\u00e3o da ilha com a natureza e a sua bela biodiversidade.<\/p>\n<p>Na Ol\u00e9 Mosaic, orgulhamo-nos de oferecer recorda\u00e7\u00f5es aut\u00eanticas que capturam a ess\u00eancia de cada regi\u00e3o. Esta bola de Natal com borboletas \u00e9 uma excelente op\u00e7\u00e3o para lojas de presentes tur\u00edsticos que procuram produtos \u00fanicos e representativos. Como grossistas de souvenirs, garantimos qualidade e autenticidade em cada pe\u00e7a, fazendo deste adorno uma recorda\u00e7\u00e3o perfeita das maravilhas de Maiorca.<\/p>\n","protected":false},"excerpt":{"rendered":"<p>Bola de Natal decorativa com design de borboletas, inspirada na beleza de Maiorca. Este adorno esf\u00e9rico apresenta coloridas borboletas e flores sobre um fundo de mosaico, destacando-se pela sua t\u00e9cnica gr\u00e1fica vibrante e moderna. Inclui uma elegante caixa para a sua apresenta\u00e7\u00e3o e est\u00e1 adornada com uma fita roxa. \u00c9 perfeita para dar um toque festivo e regional \u00e0 sua \u00e1rvore, ou como uma encantadora recorda\u00e7\u00e3o das Ilhas Baleares.<\/p>\n","protected":false},"featured_media":13853,"template":"","meta":{"_acf_changed":false},"product_brand":[],"product_cat":[652],"product_tag":[516,642],"class_list":{"0":"post-37195","1":"product","2":"type-product","3":"status-publish","4":"has-post-thumbnail","6":"product_cat-bolas-de-natal","7":"product_tag-animais","8":"product_tag-natal","9":"pa_ciudad-mallorca","10":"pa_motivo-borboletas","11":"pa_pais-espana","13":"first","14":"instock","15":"shipping-taxable","16":"product-type-simple"},"acf":[],"_links":{"self":[{"href":"https:\/\/olemosaic.com\/pt-pt\/wp-json\/wp\/v2\/product\/37195","targetHints":{"allow":["GET"]}}],"collection":[{"href":"https:\/\/olemosaic.com\/pt-pt\/wp-json\/wp\/v2\/product"}],"about":[{"href":"https:\/\/olemosaic.com\/pt-pt\/wp-json\/wp\/v2\/types\/product"}],"wp:featuredmedia":[{"embeddable":true,"href":"https:\/\/olemosaic.com\/pt-pt\/wp-json\/wp\/v2\/media\/13853"}],"wp:attachment":[{"href":"https:\/\/olemosaic.com\/pt-pt\/wp-json\/wp\/v2\/media?parent=37195"}],"wp:term":[{"taxonomy":"product_brand","embeddable":true,"href":"https:\/\/olemosaic.com\/pt-pt\/wp-json\/wp\/v2\/product_brand?post=37195"},{"taxonomy":"product_cat","embeddable":true,"href":"https:\/\/olemosaic.com\/pt-pt\/wp-json\/wp\/v2\/product_cat?post=37195"},{"taxonomy":"product_tag","embeddable":true,"href":"https:\/\/olemosaic.com\/pt-pt\/wp-json\/wp\/v2\/product_tag?post=37195"}],"curies":[{"name":"wp","href":"https:\/\/api.w.org\/{rel}","templated":true}]}}