{"id":37192,"date":"2025-02-20T22:37:09","date_gmt":"2025-02-20T22:37:09","guid":{"rendered":"http:\/\/olemosaic.com\/producto\/bola-de-navidad-con-caja-flores-fuerteventura\/"},"modified":"2025-07-25T19:51:56","modified_gmt":"2025-07-25T17:51:56","slug":"bola-de-natal-com-caixa-flores-fuerteventura","status":"publish","type":"product","link":"https:\/\/olemosaic.com\/pt-pt\/produto\/bola-de-natal-com-caixa-flores-fuerteventura\/","title":{"rendered":"Bola de Natal com caixa. Flores. Fuerteventura."},"content":{"rendered":"<p>D\u00ea um toque festivo \u00e0s suas decora\u00e7\u00f5es com esta linda bola de Natal decorativa inspirada nas vibrantes flores de Fuerteventura. Este adorno capta a ess\u00eancia da ilha can\u00e1ria atrav\u00e9s de um design de mosaicos coloridos que combinam tons azuis, rosas e amarelos, evocando a beleza natural e o clima quente de Fuerteventura. A palavra &#8220;Fuerteventura&#8221; destaca-se com uma tipografia moderna, tornando esta bola uma recorda\u00e7\u00e3o inigual\u00e1vel que celebra tanto a modernidade como a tradi\u00e7\u00e3o da regi\u00e3o.<\/p>\n<p>Fabricada com materiais de alta qualidade, esta bola n\u00e3o s\u00f3 \u00e9 ideal para adornar a sua \u00e1rvore de Natal, como tamb\u00e9m pode ser um elemento decorativo encantador em qualquer canto da sua casa durante as festas. A elegante caixa em que vem apresentada torna-a o presente perfeito para amigos e entes queridos que desejem levar um pedacinho da cultura can\u00e1ria consigo. Na Ol\u00e9 Mosaic, especializamo-nos na distribui\u00e7\u00e3o de souvenirs aut\u00eanticos e culturais, e esta bola de Natal \u00e9 uma excelente op\u00e7\u00e3o para lojas de presentes tur\u00edsticos que procuram produtos distintivos e representativos. Celebre as festividades com estilo e autenticidade atrav\u00e9s deste atraente souvenir de Fuerteventura.<\/p>\n","protected":false},"excerpt":{"rendered":"<p>Bola de Natal decorativa com caixa, inspirada nas coloridas flores de Fuerteventura. Este adorno \u00e9 ideal para dar um toque festivo a qualquer ambiente, com um vibrante design de mosaicos em tons azuis, rosas e amarelos. Com o texto &#8220;Fuerteventura&#8221; destacado, esta bola combina modernidade e tradi\u00e7\u00e3o na sua est\u00e9tica. A sua elegante embalagem torna-a um presente perfeito para celebrar as festas com estilo.<\/p>\n","protected":false},"featured_media":13850,"template":"","meta":{"_acf_changed":false},"product_brand":[],"product_cat":[652],"product_tag":[642],"class_list":{"0":"post-37192","1":"product","2":"type-product","3":"status-publish","4":"has-post-thumbnail","6":"product_cat-bolas-de-natal","7":"product_tag-natal","8":"pa_ciudad-fuerteventura","9":"pa_motivo-flores","10":"pa_pais-espana","12":"first","13":"instock","14":"shipping-taxable","15":"product-type-simple"},"acf":[],"_links":{"self":[{"href":"https:\/\/olemosaic.com\/pt-pt\/wp-json\/wp\/v2\/product\/37192","targetHints":{"allow":["GET"]}}],"collection":[{"href":"https:\/\/olemosaic.com\/pt-pt\/wp-json\/wp\/v2\/product"}],"about":[{"href":"https:\/\/olemosaic.com\/pt-pt\/wp-json\/wp\/v2\/types\/product"}],"wp:featuredmedia":[{"embeddable":true,"href":"https:\/\/olemosaic.com\/pt-pt\/wp-json\/wp\/v2\/media\/13850"}],"wp:attachment":[{"href":"https:\/\/olemosaic.com\/pt-pt\/wp-json\/wp\/v2\/media?parent=37192"}],"wp:term":[{"taxonomy":"product_brand","embeddable":true,"href":"https:\/\/olemosaic.com\/pt-pt\/wp-json\/wp\/v2\/product_brand?post=37192"},{"taxonomy":"product_cat","embeddable":true,"href":"https:\/\/olemosaic.com\/pt-pt\/wp-json\/wp\/v2\/product_cat?post=37192"},{"taxonomy":"product_tag","embeddable":true,"href":"https:\/\/olemosaic.com\/pt-pt\/wp-json\/wp\/v2\/product_tag?post=37192"}],"curies":[{"name":"wp","href":"https:\/\/api.w.org\/{rel}","templated":true}]}}