{"id":37191,"date":"2025-02-20T22:37:09","date_gmt":"2025-02-20T22:37:09","guid":{"rendered":"http:\/\/olemosaic.com\/producto\/bola-de-navidad-con-caja-salamandra-y-flores-fuerteventura\/"},"modified":"2025-07-25T20:33:31","modified_gmt":"2025-07-25T18:33:31","slug":"bola-de-natal-com-caixa-salamandra-e-flores-fuerteventura","status":"publish","type":"product","link":"https:\/\/olemosaic.com\/pt-pt\/produto\/bola-de-natal-com-caixa-salamandra-e-flores-fuerteventura\/","title":{"rendered":"Bola de Natal com caixa. Salamandra e flores. Fuerteventura."},"content":{"rendered":"<p>Esta bola de Natal decorativa, inspirada na vibrante flora e fauna de Fuerteventura, \u00e9 um adorno requintado que trar\u00e1 cor e alegria \u00e0s suas festas. Apresenta um design chamativo de uma salamandra, pintada em diversos tons verdes, azuis e amarelos, que se destaca majestosamente sobre um fundo branco que simula um mosaico, evocando a rica biodiversidade da ilha. Rodeada de delicados motivos florais, esta bola n\u00e3o s\u00f3 se destaca pela sua est\u00e9tica, como tamb\u00e9m representa a profunda liga\u00e7\u00e3o de Fuerteventura com a natureza.<\/p>\n<p>Com um di\u00e2metro adequado para pendurar na sua \u00e1rvore de Natal, esta bola decorativa apresenta-se numa caixa que garante a sua prote\u00e7\u00e3o e a torna um presente perfeito. Esta recorda\u00e7\u00e3o de Fuerteventura captura a ess\u00eancia das tradi\u00e7\u00f5es can\u00e1rias, sendo uma lembran\u00e7a excecional que celebra a sua beleza natural.<\/p>\n<p>Na Ol\u00e9 Mosaic, o nosso compromisso \u00e9 oferecer recorda\u00e7\u00f5es aut\u00eanticas e de qualidade, como esta bola de Natal que transmite a riqueza cultural de Fuerteventura. Ideal para lojas de presentes tur\u00edsticos, este adorno encarna a autenticidade e a tradi\u00e7\u00e3o da ilha, tornando-o uma op\u00e7\u00e3o irresist\u00edvel para os turistas que procuram levar um pedacinho das Can\u00e1rias.<\/p>\n","protected":false},"excerpt":{"rendered":"<p>Bola de Natal decorativa com caixa, inspirada na vibrante flora e fauna de Fuerteventura. Este adorno apresenta um design colorido que mostra uma salamandra pintada em tons verdes, azuis e amarelos, rodeada de motivos florais. A base branca simula um mosaico, acrescentando um toque art\u00edstico. Ideal para decorar o seu lar durante as festas, esta bola \u00e9 uma recorda\u00e7\u00e3o encantadora da beleza can\u00e1ria.<\/p>\n","protected":false},"featured_media":13849,"template":"","meta":{"_acf_changed":false},"product_brand":[],"product_cat":[652],"product_tag":[516,642],"class_list":{"0":"post-37191","1":"product","2":"type-product","3":"status-publish","4":"has-post-thumbnail","6":"product_cat-bolas-de-natal","7":"product_tag-animais","8":"product_tag-natal","9":"pa_ciudad-fuerteventura","10":"pa_motivo-salamandras","11":"pa_pais-espana","13":"first","14":"instock","15":"shipping-taxable","16":"product-type-simple"},"acf":[],"_links":{"self":[{"href":"https:\/\/olemosaic.com\/pt-pt\/wp-json\/wp\/v2\/product\/37191","targetHints":{"allow":["GET"]}}],"collection":[{"href":"https:\/\/olemosaic.com\/pt-pt\/wp-json\/wp\/v2\/product"}],"about":[{"href":"https:\/\/olemosaic.com\/pt-pt\/wp-json\/wp\/v2\/types\/product"}],"wp:featuredmedia":[{"embeddable":true,"href":"https:\/\/olemosaic.com\/pt-pt\/wp-json\/wp\/v2\/media\/13849"}],"wp:attachment":[{"href":"https:\/\/olemosaic.com\/pt-pt\/wp-json\/wp\/v2\/media?parent=37191"}],"wp:term":[{"taxonomy":"product_brand","embeddable":true,"href":"https:\/\/olemosaic.com\/pt-pt\/wp-json\/wp\/v2\/product_brand?post=37191"},{"taxonomy":"product_cat","embeddable":true,"href":"https:\/\/olemosaic.com\/pt-pt\/wp-json\/wp\/v2\/product_cat?post=37191"},{"taxonomy":"product_tag","embeddable":true,"href":"https:\/\/olemosaic.com\/pt-pt\/wp-json\/wp\/v2\/product_tag?post=37191"}],"curies":[{"name":"wp","href":"https:\/\/api.w.org\/{rel}","templated":true}]}}