{"id":37190,"date":"2025-02-20T22:37:09","date_gmt":"2025-02-20T22:37:09","guid":{"rendered":"http:\/\/olemosaic.com\/producto\/bola-de-navidad-con-caja-flores-lanzarote\/"},"modified":"2025-07-25T18:46:19","modified_gmt":"2025-07-25T16:46:19","slug":"bola-de-natal-com-caixa-flores-lanzarote","status":"publish","type":"product","link":"https:\/\/olemosaic.com\/pt-pt\/produto\/bola-de-natal-com-caixa-flores-lanzarote\/","title":{"rendered":"Bola de Natal com caixa. Flores. Lanzarote."},"content":{"rendered":"<p>Bola de Natal decorativa com caixa, inspirada na vibrante flora de Lanzarote. Este adorno \u00fanico, confecionado com materiais de alta qualidade, apresenta um atraente design colorido que simula um mosaico, combinando tons azuis, rosas e amarelos em forma de flores, capturando a ess\u00eancia da exuberante natureza desta m\u00e1gica ilha can\u00e1ria. A bola, adornada com um elegante la\u00e7o roxo, n\u00e3o s\u00f3 facilita a sua coloca\u00e7\u00e3o, como tamb\u00e9m acrescenta um toque de sofistica\u00e7\u00e3o a qualquer decora\u00e7\u00e3o natal\u00edcia. A inscri\u00e7\u00e3o \u201cLanzarote\u201d na parte inferior real\u00e7a a sua autenticidade como recorda\u00e7\u00e3o, tornando-a uma lembran\u00e7a perfeita das belezas naturais e da arte local da ilha.<\/p>\n<p>Este produto, mais do que um adorno natal\u00edcio excecional, \u00e9 uma homenagem \u00e0 rica biodiversidade e \u00e0 heran\u00e7a cultural de Lanzarote, um destino tur\u00edstico muito apreciado. A incorpora\u00e7\u00e3o de motivos florais vibrantes reflete o artesanato local e o estilo art\u00edstico que caracteriza a regi\u00e3o, tornando-o um excelente presente para quem procura recorda\u00e7\u00f5es representativas e aut\u00eanticas. Na Ol\u00e9 Mosaic, dedicamo-nos a ser um distribuidor de recorda\u00e7\u00f5es de qualidade, oferecendo esta bola de Natal como uma op\u00e7\u00e3o perfeita para lojas de presentes tur\u00edsticos que desejem oferecer produtos emblem\u00e1ticos de Espanha.<\/p>\n","protected":false},"excerpt":{"rendered":"<p>Bola de Natal decorativa com caixa, inspirada na vibrante flora de Lanzarote. Este adorno, confecionado com materiais de alta qualidade, apresenta um design colorido que simula um mosaico, combinando tons azuis, rosas e amarelos em forma de flores. A bola inclui um la\u00e7o roxo para pendur\u00e1-la facilmente. Com a palavra &#8220;Lanzarote&#8221; impressa, \u00e9 uma recorda\u00e7\u00e3o elegante que evoca o estilo art\u00edstico e a beleza natural desta preciosa ilha can\u00e1ria.<\/p>\n","protected":false},"featured_media":13848,"template":"","meta":{"_acf_changed":false},"product_brand":[],"product_cat":[652],"product_tag":[642],"class_list":{"0":"post-37190","1":"product","2":"type-product","3":"status-publish","4":"has-post-thumbnail","6":"product_cat-bolas-de-natal","7":"product_tag-natal","8":"pa_ciudad-lanzarote","9":"pa_motivo-flores","10":"pa_pais-espana","12":"first","13":"instock","14":"shipping-taxable","15":"product-type-simple"},"acf":[],"_links":{"self":[{"href":"https:\/\/olemosaic.com\/pt-pt\/wp-json\/wp\/v2\/product\/37190","targetHints":{"allow":["GET"]}}],"collection":[{"href":"https:\/\/olemosaic.com\/pt-pt\/wp-json\/wp\/v2\/product"}],"about":[{"href":"https:\/\/olemosaic.com\/pt-pt\/wp-json\/wp\/v2\/types\/product"}],"wp:featuredmedia":[{"embeddable":true,"href":"https:\/\/olemosaic.com\/pt-pt\/wp-json\/wp\/v2\/media\/13848"}],"wp:attachment":[{"href":"https:\/\/olemosaic.com\/pt-pt\/wp-json\/wp\/v2\/media?parent=37190"}],"wp:term":[{"taxonomy":"product_brand","embeddable":true,"href":"https:\/\/olemosaic.com\/pt-pt\/wp-json\/wp\/v2\/product_brand?post=37190"},{"taxonomy":"product_cat","embeddable":true,"href":"https:\/\/olemosaic.com\/pt-pt\/wp-json\/wp\/v2\/product_cat?post=37190"},{"taxonomy":"product_tag","embeddable":true,"href":"https:\/\/olemosaic.com\/pt-pt\/wp-json\/wp\/v2\/product_tag?post=37190"}],"curies":[{"name":"wp","href":"https:\/\/api.w.org\/{rel}","templated":true}]}}