{"id":37187,"date":"2025-02-20T23:37:08","date_gmt":"2025-02-20T22:37:08","guid":{"rendered":"http:\/\/olemosaic.com\/producto\/bola-de-navidad-con-caja-salamandra-y-flores-gran-canaria\/"},"modified":"2025-07-25T18:48:15","modified_gmt":"2025-07-25T16:48:15","slug":"bola-de-natal-com-caixa-salamandra-e-flores-gran-canaria","status":"publish","type":"product","link":"https:\/\/olemosaic.com\/pt-pt\/produto\/bola-de-natal-com-caixa-salamandra-e-flores-gran-canaria\/","title":{"rendered":"Bola de Natal com caixa. Salamandra e flores. Gran Canaria."},"content":{"rendered":"<p>Descubra a nossa encantadora bola de Natal decorativa, inspirada na riqueza cultural de Gran Canaria. \u00c9 uma recorda\u00e7\u00e3o ideal para quem deseja levar um peda\u00e7o desta bela ilha. Esta bola, meticulosamente pintada \u00e0 m\u00e3o, apresenta um design vibrante de uma salamandra colorida rodeada de flores exuberantes, sobre um fundo que evoca o estilo caracter\u00edstico do trencad\u00eds, famoso na arquitetura can\u00e1ria. A salamandra, com as suas cores brilhantes, simboliza a fauna local e captura a ess\u00eancia da paisagem can\u00e1ria. A inscri\u00e7\u00e3o &#8220;Gran Canaria&#8221; est\u00e1 elegantemente colocada, refor\u00e7ando a sua autenticidade como recorda\u00e7\u00e3o representativa da regi\u00e3o. Apresenta-se numa caixa sofisticada, o que a torna um presente ideal para as festividades, acrescentando um toque festivo e aut\u00eantico a qualquer lar. Com um elegante la\u00e7o vermelho para pendurar, esta pe\u00e7a n\u00e3o s\u00f3 adorna uma \u00e1rvore de Natal, mas tamb\u00e9m serve como uma recorda\u00e7\u00e3o significativa que celebra a cultura de Gran Canaria. Na Ol\u00e9 Mosaic, como distribuidores de recorda\u00e7\u00f5es aut\u00eanticas, oferecemos esta bola de Natal como uma excelente op\u00e7\u00e3o para lojas que desejem oferecer produtos representativos e artesanais, que celebram a identidade e a tradi\u00e7\u00e3o can\u00e1ria.<\/p>\n","protected":false},"excerpt":{"rendered":"<p>Bola de Natal decorativa com caixa, inspirada na riqueza cultural de Gran Canaria. Este adorno apresenta um design vibrante de uma salamandra colorida rodeada de flores, sobre um fundo que evoca o estilo trencad\u00eds tipicamente can\u00e1rio. Pintada com estilo artesanal, destaca-se pelas suas cores chamativas e pela inscri\u00e7\u00e3o &#8220;Gran Canaria&#8221;. Vem com um elegante la\u00e7o vermelho para pendurar, perfeita para adicionar um toque festivo e aut\u00eantico ao seu lar durante as celebra\u00e7\u00f5es natal\u00edcias.<\/p>\n","protected":false},"featured_media":13846,"template":"","meta":{"_acf_changed":false},"product_brand":[],"product_cat":[652],"product_tag":[516,642],"class_list":{"0":"post-37187","1":"product","2":"type-product","3":"status-publish","4":"has-post-thumbnail","6":"product_cat-bolas-de-natal","7":"product_tag-animais","8":"product_tag-natal","9":"pa_ciudad-gran-canaria","10":"pa_motivo-salamandras","11":"pa_pais-espana","13":"first","14":"instock","15":"shipping-taxable","16":"product-type-simple"},"acf":[],"_links":{"self":[{"href":"https:\/\/olemosaic.com\/pt-pt\/wp-json\/wp\/v2\/product\/37187","targetHints":{"allow":["GET"]}}],"collection":[{"href":"https:\/\/olemosaic.com\/pt-pt\/wp-json\/wp\/v2\/product"}],"about":[{"href":"https:\/\/olemosaic.com\/pt-pt\/wp-json\/wp\/v2\/types\/product"}],"wp:featuredmedia":[{"embeddable":true,"href":"https:\/\/olemosaic.com\/pt-pt\/wp-json\/wp\/v2\/media\/13846"}],"wp:attachment":[{"href":"https:\/\/olemosaic.com\/pt-pt\/wp-json\/wp\/v2\/media?parent=37187"}],"wp:term":[{"taxonomy":"product_brand","embeddable":true,"href":"https:\/\/olemosaic.com\/pt-pt\/wp-json\/wp\/v2\/product_brand?post=37187"},{"taxonomy":"product_cat","embeddable":true,"href":"https:\/\/olemosaic.com\/pt-pt\/wp-json\/wp\/v2\/product_cat?post=37187"},{"taxonomy":"product_tag","embeddable":true,"href":"https:\/\/olemosaic.com\/pt-pt\/wp-json\/wp\/v2\/product_tag?post=37187"}],"curies":[{"name":"wp","href":"https:\/\/api.w.org\/{rel}","templated":true}]}}