{"id":37185,"date":"2025-02-20T22:37:08","date_gmt":"2025-02-20T22:37:08","guid":{"rendered":"http:\/\/olemosaic.com\/producto\/bola-de-navidad-con-caja-gato-fuerteventura\/"},"modified":"2025-07-25T18:54:43","modified_gmt":"2025-07-25T16:54:43","slug":"bola-de-natal-com-caixa-gato-fuerteventura","status":"publish","type":"product","link":"https:\/\/olemosaic.com\/pt-pt\/produto\/bola-de-natal-com-caixa-gato-fuerteventura\/","title":{"rendered":"Bola de Natal com caixa. Gato. Fuerteventura."},"content":{"rendered":"<p>Esta bola de Natal inspirada em Fuerteventura \u00e9 uma encantadora recorda\u00e7\u00e3o festiva que captura a ess\u00eancia e o colorido da ilha. Elaborada em cer\u00e2mica, esta pe\u00e7a artesanal apresenta um design vibrante e \u00fanico que inclui a ilustra\u00e7\u00e3o de dois gatos coloridos adornados com mosaicos, reflexo da rica tradi\u00e7\u00e3o art\u00edstica da regi\u00e3o. O seu fundo branco real\u00e7a as tonalidades luminosas, criando um efeito visual atraente que trar\u00e1 alegria a qualquer \u00e1rvore de Natal. A bola \u00e9 elegantemente rematada com um la\u00e7o rosa que, al\u00e9m de acrescentar um toque festivo, facilita a sua coloca\u00e7\u00e3o.<\/p>\n<p>Na parte frontal, aprecia-se o texto &#8220;Fuerteventi&#8221;, que liga o objeto \u00e0 sua origem e o torna uma recorda\u00e7\u00e3o significativa das f\u00e9rias na ilha. Este souvenir natal\u00edcio \u00e9 uma excelente forma de levar um peda\u00e7o de Fuerteventura para casa e celebrar a \u00e9poca com um toque cultural.<\/p>\n<p>Na Ol\u00e9 Mosaic, somos distribuidores de souvenirs por grosso, e esta bola de Natal \u00e9 ideal para lojas de presentes tur\u00edsticos que procuram produtos aut\u00eanticos e de qualidade. Com o seu design chamativo e a sua liga\u00e7\u00e3o cultural, apresenta-se como uma op\u00e7\u00e3o perfeita tanto para turistas como para quem deseje recordar a sua visita a esta bela ilha can\u00e1ria.<\/p>\n","protected":false},"excerpt":{"rendered":"<p>Bola de Natal decorada com motivos de dois gatos coloridos, inspirada na arte de Fuerteventura. Elaborada em cer\u00e2mica, esta encantadora bola apresenta um design vibrante com mosaicos de cores sobre um fundo branco que real\u00e7a a sua originalidade. Possui um la\u00e7o rosa e a inscri\u00e7\u00e3o &#8220;Fuerteventi&#8221; na parte frontal, ideal para acrescentar um toque festivo e cultural \u00e0 sua \u00e1rvore de Natal. Vem apresentada numa elegante caixa, perfeita para presente.<\/p>\n","protected":false},"featured_media":13844,"template":"","meta":{"_acf_changed":false},"product_brand":[],"product_cat":[652],"product_tag":[516,642],"class_list":{"0":"post-37185","1":"product","2":"type-product","3":"status-publish","4":"has-post-thumbnail","6":"product_cat-bolas-de-natal","7":"product_tag-animais","8":"product_tag-natal","9":"pa_ciudad-fuerteventura","10":"pa_motivo-gatos","11":"pa_pais-espana","13":"first","14":"instock","15":"shipping-taxable","16":"product-type-simple"},"acf":[],"_links":{"self":[{"href":"https:\/\/olemosaic.com\/pt-pt\/wp-json\/wp\/v2\/product\/37185","targetHints":{"allow":["GET"]}}],"collection":[{"href":"https:\/\/olemosaic.com\/pt-pt\/wp-json\/wp\/v2\/product"}],"about":[{"href":"https:\/\/olemosaic.com\/pt-pt\/wp-json\/wp\/v2\/types\/product"}],"wp:featuredmedia":[{"embeddable":true,"href":"https:\/\/olemosaic.com\/pt-pt\/wp-json\/wp\/v2\/media\/13844"}],"wp:attachment":[{"href":"https:\/\/olemosaic.com\/pt-pt\/wp-json\/wp\/v2\/media?parent=37185"}],"wp:term":[{"taxonomy":"product_brand","embeddable":true,"href":"https:\/\/olemosaic.com\/pt-pt\/wp-json\/wp\/v2\/product_brand?post=37185"},{"taxonomy":"product_cat","embeddable":true,"href":"https:\/\/olemosaic.com\/pt-pt\/wp-json\/wp\/v2\/product_cat?post=37185"},{"taxonomy":"product_tag","embeddable":true,"href":"https:\/\/olemosaic.com\/pt-pt\/wp-json\/wp\/v2\/product_tag?post=37185"}],"curies":[{"name":"wp","href":"https:\/\/api.w.org\/{rel}","templated":true}]}}