{"id":37183,"date":"2025-02-20T22:37:07","date_gmt":"2025-02-20T22:37:07","guid":{"rendered":"http:\/\/olemosaic.com\/producto\/bola-de-navidad-con-caja-flores-gran-canaria\/"},"modified":"2025-07-25T20:07:47","modified_gmt":"2025-07-25T18:07:47","slug":"bola-de-natal-com-caixa-flores-gran-canaria","status":"publish","type":"product","link":"https:\/\/olemosaic.com\/pt-pt\/produto\/bola-de-natal-com-caixa-flores-gran-canaria\/","title":{"rendered":"Bola de Natal com caixa. Flores. Gran Canaria."},"content":{"rendered":"<p>Esta bola de Natal com caixa, inspirada no vibrante folclore de Gran Canaria, \u00e9 um adorno colorido que concentra a ess\u00eancia da ilha no seu design. Com um atraente mosaico que combina tons vivos de azul, rosa e amarelo, esta decora\u00e7\u00e3o destaca-se pelo seu alegre efeito visual. No centro, a palavra &#8220;Gran Canaria&#8221; apresenta-se com um estilo moderno, fundindo tradi\u00e7\u00e3o e contemporaneidade, o que torna esta bola um presente especial e significativo para a \u00e9poca natal\u00edcia.<\/p>\n<p>O design floral estilizado evoca a exuberante vegeta\u00e7\u00e3o da ilha, refletindo a sua rica cultura e tradi\u00e7\u00f5es. Cada flor \u00e9 meticulosamente ilustrada, criando um padr\u00e3o vibrante que iluminar\u00e1 qualquer \u00e1rvore de Natal. A elegante fita rosa para pendurar acrescenta um toque de sofistica\u00e7\u00e3o, garantindo que esta pe\u00e7a n\u00e3o seja apenas um adorno, mas tamb\u00e9m um elemento decorativo encantador.<\/p>\n<p>Perfeita como recorda\u00e7\u00e3o de Gran Canaria, esta bola de Natal \u00e9 ideal para turistas que procuram levar um pedacinho da beleza can\u00e1ria. Na Ol\u00e9 Mosaic, especializamo-nos na distribui\u00e7\u00e3o de souvenirs por grosso, oferecendo produtos aut\u00eanticos que representam a rica heran\u00e7a cultural de Espanha. Esta bola \u00e9, sem d\u00favida, uma excelente op\u00e7\u00e3o para lojas de presentes tur\u00edsticos que desejam oferecer recorda\u00e7\u00f5es \u00fanicas e representativas. Fa\u00e7a com que esta \u00e9poca natal\u00edcia seja inesquec\u00edvel com esta maravilhosa bola de Natal!<\/p>\n","protected":false},"excerpt":{"rendered":"<p>Bola de Natal com caixa, inspirada no vibrante folclore de Gran Canaria. Este adorno colorido apresenta um design de flores estilizadas num chamativo mosaico que combina tons brilhantes de azul, rosa e amarelo, criando um efeito visual alegre. A palavra &#8220;Gran Canaria&#8221; destaca-se num estilo moderno, acrescentando um toque contempor\u00e2neo. Vem com uma elegante fita rosa para pendurar, perfeita para decorar a \u00e1rvore de Natal ou como presente especial.<\/p>\n","protected":false},"featured_media":13842,"template":"","meta":{"_acf_changed":false},"product_brand":[],"product_cat":[652],"product_tag":[642],"class_list":{"0":"post-37183","1":"product","2":"type-product","3":"status-publish","4":"has-post-thumbnail","6":"product_cat-bolas-de-natal","7":"product_tag-natal","8":"pa_ciudad-gran-canaria","9":"pa_motivo-flores","10":"pa_pais-espana","12":"first","13":"instock","14":"shipping-taxable","15":"product-type-simple"},"acf":[],"_links":{"self":[{"href":"https:\/\/olemosaic.com\/pt-pt\/wp-json\/wp\/v2\/product\/37183","targetHints":{"allow":["GET"]}}],"collection":[{"href":"https:\/\/olemosaic.com\/pt-pt\/wp-json\/wp\/v2\/product"}],"about":[{"href":"https:\/\/olemosaic.com\/pt-pt\/wp-json\/wp\/v2\/types\/product"}],"wp:featuredmedia":[{"embeddable":true,"href":"https:\/\/olemosaic.com\/pt-pt\/wp-json\/wp\/v2\/media\/13842"}],"wp:attachment":[{"href":"https:\/\/olemosaic.com\/pt-pt\/wp-json\/wp\/v2\/media?parent=37183"}],"wp:term":[{"taxonomy":"product_brand","embeddable":true,"href":"https:\/\/olemosaic.com\/pt-pt\/wp-json\/wp\/v2\/product_brand?post=37183"},{"taxonomy":"product_cat","embeddable":true,"href":"https:\/\/olemosaic.com\/pt-pt\/wp-json\/wp\/v2\/product_cat?post=37183"},{"taxonomy":"product_tag","embeddable":true,"href":"https:\/\/olemosaic.com\/pt-pt\/wp-json\/wp\/v2\/product_tag?post=37183"}],"curies":[{"name":"wp","href":"https:\/\/api.w.org\/{rel}","templated":true}]}}