{"id":37181,"date":"2025-02-20T23:37:07","date_gmt":"2025-02-20T22:37:07","guid":{"rendered":"http:\/\/olemosaic.com\/producto\/bola-de-navidad-con-caja-sagrada-familia-barcelona-3\/"},"modified":"2025-07-25T18:49:10","modified_gmt":"2025-07-25T16:49:10","slug":"bola-de-natal-com-caixa-sagrada-familia-barcelona-3","status":"publish","type":"product","link":"https:\/\/olemosaic.com\/pt-pt\/produto\/bola-de-natal-com-caixa-sagrada-familia-barcelona-3\/","title":{"rendered":"Bola de Natal com caixa. Mosaico. Sagrada Fam\u00edlia. Barcelona."},"content":{"rendered":"<p>Este elaborado adorno natal\u00edcio \u00e9 uma bola de Natal com caixa, decorada com uma ilustra\u00e7\u00e3o vibrante da ic\u00f3nica Sagrada Fam\u00edlia de Barcelona, uma obra-prima do g\u00e9nio arquitet\u00f3nico Antoni Gaud\u00ed. A bola, de forma esf\u00e9rica e realizada em cer\u00e2mica, apresenta uma explos\u00e3o de cores que evoca a majestosidade desta bas\u00edlica, com tons amarelos, vermelhos e verdes que refletem o estilo modernista catal\u00e3o. A imagem art\u00edstica est\u00e1 rodeada de mosaicos elegantes que, juntamente com o seu design din\u00e2mico, captam a aten\u00e7\u00e3o e transportam os visitantes para as ruas coloridas da Cidade Condal.<\/p>\n<p>Este adorno n\u00e3o \u00e9 apenas ideal para embelezar a \u00e1rvore de Natal, mas tamb\u00e9m se apresenta numa caixa elegante que o torna um presente perfeito, conferindo um toque festivo a qualquer lar. A Sagrada Fam\u00edlia \u00e9 um s\u00edmbolo indiscut\u00edvel de Barcelona e representa a rica heran\u00e7a cultural e arquitet\u00f3nica da regi\u00e3o, sendo um lembrete palp\u00e1vel do esplendor e da criatividade que caracterizam esta cidade.<\/p>\n<p>Na Ol\u00e9 Mosaic, especializamo-nos na distribui\u00e7\u00e3o de lembran\u00e7as por grosso, e esta bola de Natal \u00e9 uma op\u00e7\u00e3o excecional para lojas de presentes tur\u00edsticos. Al\u00e9m disso, a sua autenticidade e relev\u00e2ncia cultural tornam-na uma recorda\u00e7\u00e3o maravilhosa de Barcelona que os turistas levar\u00e3o com carinho. Como grossistas de produtos artesanais, garantimos qualidade e design em cada pe\u00e7a, fazendo desta lembran\u00e7a uma escolha imbat\u00edvel para quem procura levar um pedacinho de Espanha para os seus lares.<\/p>\n","protected":false},"excerpt":{"rendered":"<p>Bola de Natal com caixa, decorada com uma ilustra\u00e7\u00e3o colorida da Sagrada Fam\u00edlia em Barcelona. Este adorno natal\u00edcio, de forma esf\u00e9rica e realizado em cer\u00e2mica, apresenta cores vibrantes que representam a ic\u00f3nica bas\u00edlica desenhada por Antoni Gaud\u00ed, juntamente com mosaicos em tons amarelos, vermelhos e verdes que evocam o estilo modernista catal\u00e3o. A bola \u00e9 ideal para dar um toque festivo a qualquer lar e vem apresentada numa caixa elegante, perfeita para oferecer.<\/p>\n","protected":false},"featured_media":13841,"template":"","meta":{"_acf_changed":false},"product_brand":[],"product_cat":[652],"product_tag":[642],"class_list":{"0":"post-37181","1":"product","2":"type-product","3":"status-publish","4":"has-post-thumbnail","6":"product_cat-bolas-de-natal","7":"product_tag-natal","8":"pa_ciudad-barcelona","9":"pa_motivo-sagrada-familia","10":"pa_pais-espana","12":"first","13":"instock","14":"shipping-taxable","15":"product-type-simple"},"acf":[],"_links":{"self":[{"href":"https:\/\/olemosaic.com\/pt-pt\/wp-json\/wp\/v2\/product\/37181","targetHints":{"allow":["GET"]}}],"collection":[{"href":"https:\/\/olemosaic.com\/pt-pt\/wp-json\/wp\/v2\/product"}],"about":[{"href":"https:\/\/olemosaic.com\/pt-pt\/wp-json\/wp\/v2\/types\/product"}],"wp:featuredmedia":[{"embeddable":true,"href":"https:\/\/olemosaic.com\/pt-pt\/wp-json\/wp\/v2\/media\/13841"}],"wp:attachment":[{"href":"https:\/\/olemosaic.com\/pt-pt\/wp-json\/wp\/v2\/media?parent=37181"}],"wp:term":[{"taxonomy":"product_brand","embeddable":true,"href":"https:\/\/olemosaic.com\/pt-pt\/wp-json\/wp\/v2\/product_brand?post=37181"},{"taxonomy":"product_cat","embeddable":true,"href":"https:\/\/olemosaic.com\/pt-pt\/wp-json\/wp\/v2\/product_cat?post=37181"},{"taxonomy":"product_tag","embeddable":true,"href":"https:\/\/olemosaic.com\/pt-pt\/wp-json\/wp\/v2\/product_tag?post=37181"}],"curies":[{"name":"wp","href":"https:\/\/api.w.org\/{rel}","templated":true}]}}