{"id":37180,"date":"2025-02-20T22:37:07","date_gmt":"2025-02-20T22:37:07","guid":{"rendered":"http:\/\/olemosaic.com\/producto\/bola-de-navidad-con-caja-motivos-marinos-gran-canaria\/"},"modified":"2025-07-25T19:44:33","modified_gmt":"2025-07-25T17:44:33","slug":"bola-de-natal-com-caixa-motivos-marinhos-gran-canaria","status":"publish","type":"product","link":"https:\/\/olemosaic.com\/pt-pt\/produto\/bola-de-natal-com-caixa-motivos-marinhos-gran-canaria\/","title":{"rendered":"Bola de Natal com caixa. Motivos marinhos. Gran Canaria."},"content":{"rendered":"<p>Esta encantadora recorda\u00e7\u00e3o de Gran Canaria \u00e9 uma bola de Natal decorada com motivos marinhos, perfeita para adicionar um toque festivo a qualquer \u00e1rvore. Fabricada em cer\u00e2mica de alta qualidade, esta bola apresenta uma ilustra\u00e7\u00e3o vibrante que captura a rica fauna marinha da ilha. Tartarugas e golfinhos, representados em cores brilhantes, nadam sobre um belo fundo azul que evoca as \u00e1guas cristalinas que rodeiam Gran Canaria. Os pormenores em vermelho do la\u00e7o superior adicionam um contraste elegante e festivo, fazendo desta bola um adorno que brilhar\u00e1 em qualquer celebra\u00e7\u00e3o natal\u00edcia.<\/p>\n<p>Este design n\u00e3o \u00e9 apenas visualmente atraente, mas tamb\u00e9m destaca a liga\u00e7\u00e3o cultural de Gran Canaria com o mar e a sua biodiversidade, transformando a bola numa recorda\u00e7\u00e3o significativa que celebra o ambiente natural da ilha. A representa\u00e7\u00e3o art\u00edstica destes animais marinhos real\u00e7a a import\u00e2ncia do turismo ecol\u00f3gico em Gran Canaria e a beleza que a natureza tem para oferecer.<\/p>\n<p>Na Ol\u00e9 Mosaic, somos distribuidores de recorda\u00e7\u00f5es \u00fanicas, e esta bola de Natal \u00e9 uma excelente op\u00e7\u00e3o para lojas de presentes tur\u00edsticos que procuram produtos aut\u00eanticos e de qualidade. A sua relev\u00e2ncia cultural e apelo est\u00e9tico tornam-na uma recorda\u00e7\u00e3o insubstitu\u00edvel do Natal na ilha, ideal para quem deseja levar um pedacinho do para\u00edso can\u00e1rio para casa.<\/p>\n","protected":false},"excerpt":{"rendered":"<p>Bola de Natal com caixa, decorada com motivos marinhos de Gran Canaria. Este encantador adorno de cer\u00e2mica apresenta uma ilustra\u00e7\u00e3o vibrante de tartarugas e golfinhos sobre um fundo azul, evocando a rica fauna marinha da ilha. A bola \u00e9 real\u00e7ada com pormenores vermelhos no la\u00e7o, que lhe d\u00e3o um toque festivo. \u00c9 ideal para decorar a \u00e1rvore e recordar as belezas de Gran Canaria durante as festas natal\u00edcias.<\/p>\n","protected":false},"featured_media":13840,"template":"","meta":{"_acf_changed":false},"product_brand":[],"product_cat":[652],"product_tag":[516,642],"class_list":{"0":"post-37180","1":"product","2":"type-product","3":"status-publish","4":"has-post-thumbnail","6":"product_cat-bolas-de-natal","7":"product_tag-animais","8":"product_tag-natal","9":"pa_ciudad-gran-canaria","10":"pa_motivo-animais-marinhos","11":"pa_pais-espana","13":"first","14":"instock","15":"shipping-taxable","16":"product-type-simple"},"acf":[],"_links":{"self":[{"href":"https:\/\/olemosaic.com\/pt-pt\/wp-json\/wp\/v2\/product\/37180","targetHints":{"allow":["GET"]}}],"collection":[{"href":"https:\/\/olemosaic.com\/pt-pt\/wp-json\/wp\/v2\/product"}],"about":[{"href":"https:\/\/olemosaic.com\/pt-pt\/wp-json\/wp\/v2\/types\/product"}],"wp:featuredmedia":[{"embeddable":true,"href":"https:\/\/olemosaic.com\/pt-pt\/wp-json\/wp\/v2\/media\/13840"}],"wp:attachment":[{"href":"https:\/\/olemosaic.com\/pt-pt\/wp-json\/wp\/v2\/media?parent=37180"}],"wp:term":[{"taxonomy":"product_brand","embeddable":true,"href":"https:\/\/olemosaic.com\/pt-pt\/wp-json\/wp\/v2\/product_brand?post=37180"},{"taxonomy":"product_cat","embeddable":true,"href":"https:\/\/olemosaic.com\/pt-pt\/wp-json\/wp\/v2\/product_cat?post=37180"},{"taxonomy":"product_tag","embeddable":true,"href":"https:\/\/olemosaic.com\/pt-pt\/wp-json\/wp\/v2\/product_tag?post=37180"}],"curies":[{"name":"wp","href":"https:\/\/api.w.org\/{rel}","templated":true}]}}