{"id":37179,"date":"2025-02-20T22:37:07","date_gmt":"2025-02-20T22:37:07","guid":{"rendered":"http:\/\/olemosaic.com\/producto\/bola-de-navidad-con-caja-mosaico-lanzarote\/"},"modified":"2025-07-25T18:49:15","modified_gmt":"2025-07-25T16:49:15","slug":"bola-de-natal-com-caixa-mosaico-lanzarote","status":"publish","type":"product","link":"https:\/\/olemosaic.com\/pt-pt\/produto\/bola-de-natal-com-caixa-mosaico-lanzarote\/","title":{"rendered":"Bola de Natal com caixa. Mosaico. Lanzarote."},"content":{"rendered":"<p>Adorno natal\u00edcio com forma de bola e caixa, inspirado nos vibrantes mosaicos de Lanzarote, uma pe\u00e7a aut\u00eantica que captura a ess\u00eancia desta m\u00e1gica ilha can\u00e1ria. Este colorido adorno combina tons azuis, laranjas e amarelos em padr\u00f5es geom\u00e9tricos caracter\u00edsticos do artesanato local, evocando a beleza dos azulejos que decoram muitos espa\u00e7os em Lanzarote. A bola foi desenhada para conferir um toque art\u00edstico a qualquer \u00e1rvore de Natal, irradiando alegria e cor em cada canto da casa.<\/p>\n<p>A sua apresenta\u00e7\u00e3o numa elegante caixa adiciona um toque especial, tornando-a um presente perfeito para estas festividades. A inscri\u00e7\u00e3o \u201cLanzarote\u201d n\u00e3o s\u00f3 personaliza o produto, como tamb\u00e9m serve como um lembrete do rico patrim\u00f3nio cultural da ilha. Esta lembran\u00e7a \u00e9 mais do que um simples adorno; \u00e9 um s\u00edmbolo da tradi\u00e7\u00e3o da ilha que se pode levar para casa, permitindo aos turistas conservar um peda\u00e7o de Lanzarote nos seus cora\u00e7\u00f5es.<\/p>\n<p>Na Ol\u00e9 Mosaic, orgulhamo-nos de oferecer artigos aut\u00eanticos que refletem a rica cultura espanhola. Este adorno \u00e9 uma escolha excecional para lojas de presentes tur\u00edsticos que procuram lembran\u00e7as \u00fanicas e representativas. Os produtos de Lanzarote, como esta bola de Natal, permitem aos viajantes levar consigo a magia e o encanto das ilhas Can\u00e1rias. Como grossista especializado em lembran\u00e7as, garantimos qualidade e autenticidade em cada pe\u00e7a que distribu\u00edmos.<\/p>\n","protected":false},"excerpt":{"rendered":"<p>Bola de Natal com caixa inspirada nos vibrantes mosaicos de Lanzarote. Este adorno natal\u00edcio apresenta um design colorido que combina azuis, laranjas e amarelos em padr\u00f5es geom\u00e9tricos t\u00edpicos da ilha. A bola, ideal para decorar a \u00e1rvore, vem acompanhada de uma elegante caixa, o que a torna um presente perfeito. A inscri\u00e7\u00e3o &#8220;Lanzarote&#8221; adiciona um toque distintivo, evocando a arte e a cultura desta bela regi\u00e3o can\u00e1ria.<\/p>\n","protected":false},"featured_media":13839,"template":"","meta":{"_acf_changed":false},"product_brand":[],"product_cat":[652],"product_tag":[642],"class_list":{"0":"post-37179","1":"product","2":"type-product","3":"status-publish","4":"has-post-thumbnail","6":"product_cat-bolas-de-natal","7":"product_tag-natal","8":"pa_ciudad-lanzarote","9":"pa_motivo-mosaico","10":"pa_pais-espana","12":"first","13":"instock","14":"shipping-taxable","15":"product-type-simple"},"acf":[],"_links":{"self":[{"href":"https:\/\/olemosaic.com\/pt-pt\/wp-json\/wp\/v2\/product\/37179","targetHints":{"allow":["GET"]}}],"collection":[{"href":"https:\/\/olemosaic.com\/pt-pt\/wp-json\/wp\/v2\/product"}],"about":[{"href":"https:\/\/olemosaic.com\/pt-pt\/wp-json\/wp\/v2\/types\/product"}],"wp:featuredmedia":[{"embeddable":true,"href":"https:\/\/olemosaic.com\/pt-pt\/wp-json\/wp\/v2\/media\/13839"}],"wp:attachment":[{"href":"https:\/\/olemosaic.com\/pt-pt\/wp-json\/wp\/v2\/media?parent=37179"}],"wp:term":[{"taxonomy":"product_brand","embeddable":true,"href":"https:\/\/olemosaic.com\/pt-pt\/wp-json\/wp\/v2\/product_brand?post=37179"},{"taxonomy":"product_cat","embeddable":true,"href":"https:\/\/olemosaic.com\/pt-pt\/wp-json\/wp\/v2\/product_cat?post=37179"},{"taxonomy":"product_tag","embeddable":true,"href":"https:\/\/olemosaic.com\/pt-pt\/wp-json\/wp\/v2\/product_tag?post=37179"}],"curies":[{"name":"wp","href":"https:\/\/api.w.org\/{rel}","templated":true}]}}