{"id":37175,"date":"2025-02-20T23:37:06","date_gmt":"2025-02-20T22:37:06","guid":{"rendered":"http:\/\/olemosaic.com\/producto\/bol-de-coco-rojo-toro-4\/"},"modified":"2025-07-25T20:44:12","modified_gmt":"2025-07-25T18:44:12","slug":"taca-de-coco-vermelha-touro-4","status":"publish","type":"product","link":"https:\/\/olemosaic.com\/pt-pt\/produto\/taca-de-coco-vermelha-touro-4\/","title":{"rendered":"Ta\u00e7a de coco vermelha. Touro. Vermelho."},"content":{"rendered":"<p>Esta ta\u00e7a de coco vermelha \u00e9 uma pe\u00e7a decorativa que encapsula a ess\u00eancia da cultura espanhola, gra\u00e7as ao seu emblem\u00e1tico design centrado num touro, s\u00edmbolo da tradi\u00e7\u00e3o e da paix\u00e3o de Espanha. Fabricada com materiais naturais, esta ta\u00e7a apresenta uma forma ovalada que se adapta na perfei\u00e7\u00e3o a qualquer decora\u00e7\u00e3o, seja contempor\u00e2nea ou cl\u00e1ssica. O seu acabamento em tons vermelhos vibrantes capta a aten\u00e7\u00e3o, enquanto a superf\u00edcie se destaca com o ic\u00f3nico touro pintado num vermelho brilhante que sobressai sobre o fundo escuro.<\/p>\n<p>As bordas da ta\u00e7a est\u00e3o adornadas com ternos cora\u00e7\u00f5es vermelhos, criando um contraste visual que adiciona um toque de calor e amor \u00e0 pe\u00e7a. Esta ta\u00e7a n\u00e3o s\u00f3 \u00e9 um excelente elemento decorativo, como tamb\u00e9m uma representa\u00e7\u00e3o cultural das touradas, que fazem parte da identidade espanhola, tornando-se uma recorda\u00e7\u00e3o ideal para os turistas que desejam levar um peda\u00e7o desta rica cultura.<\/p>\n<p>Na Ol\u00e9 Mosaic, como grossista de lembran\u00e7as, oferecemos produtos aut\u00eanticos e representativos da tradi\u00e7\u00e3o espanhola. Esta ta\u00e7a de coco vermelha \u00e9 uma excelente op\u00e7\u00e3o para lojas de presentes tur\u00edsticos que procuram artigos \u00fanicos e com significado cultural. A sua qualidade e originalidade tornam-na uma pe\u00e7a valiosa para qualquer cole\u00e7\u00e3o de recorda\u00e7\u00f5es.<\/p>\n","protected":false},"excerpt":{"rendered":"<p>Ta\u00e7a de coco vermelha decorada com um ic\u00f3nico touro, s\u00edmbolo da cultura espanhola. Fabricada com material natural, o seu design ovalado apresenta um acabamento em vibrantes tons vermelhos, com uma superf\u00edcie que real\u00e7a o motivo central do touro em vermelho brilhante. As bordas da ta\u00e7a est\u00e3o adornadas com pequenos cora\u00e7\u00f5es vermelhos, criando uma pe\u00e7a visualmente atraente e distintiva, ideal para qualquer ambiente ou como complemento decorativo.<\/p>\n","protected":false},"featured_media":13467,"template":"","meta":{"_acf_changed":false},"product_brand":[],"product_cat":[513],"product_tag":[516],"class_list":{"0":"post-37175","1":"product","2":"type-product","3":"status-publish","4":"has-post-thumbnail","6":"product_cat-bols","7":"product_tag-animais","8":"pa_motivo-touros","10":"first","11":"instock","12":"shipping-taxable","13":"product-type-simple"},"acf":[],"_links":{"self":[{"href":"https:\/\/olemosaic.com\/pt-pt\/wp-json\/wp\/v2\/product\/37175","targetHints":{"allow":["GET"]}}],"collection":[{"href":"https:\/\/olemosaic.com\/pt-pt\/wp-json\/wp\/v2\/product"}],"about":[{"href":"https:\/\/olemosaic.com\/pt-pt\/wp-json\/wp\/v2\/types\/product"}],"wp:featuredmedia":[{"embeddable":true,"href":"https:\/\/olemosaic.com\/pt-pt\/wp-json\/wp\/v2\/media\/13467"}],"wp:attachment":[{"href":"https:\/\/olemosaic.com\/pt-pt\/wp-json\/wp\/v2\/media?parent=37175"}],"wp:term":[{"taxonomy":"product_brand","embeddable":true,"href":"https:\/\/olemosaic.com\/pt-pt\/wp-json\/wp\/v2\/product_brand?post=37175"},{"taxonomy":"product_cat","embeddable":true,"href":"https:\/\/olemosaic.com\/pt-pt\/wp-json\/wp\/v2\/product_cat?post=37175"},{"taxonomy":"product_tag","embeddable":true,"href":"https:\/\/olemosaic.com\/pt-pt\/wp-json\/wp\/v2\/product_tag?post=37175"}],"curies":[{"name":"wp","href":"https:\/\/api.w.org\/{rel}","templated":true}]}}