{"id":37174,"date":"2025-02-20T23:37:06","date_gmt":"2025-02-20T22:37:06","guid":{"rendered":"http:\/\/olemosaic.com\/producto\/bol-de-coco-rojo-toro-3\/"},"modified":"2025-07-25T19:02:05","modified_gmt":"2025-07-25T17:02:05","slug":"taca-de-coco-vermelha-touro-3","status":"publish","type":"product","link":"https:\/\/olemosaic.com\/pt-pt\/produto\/taca-de-coco-vermelha-touro-3\/","title":{"rendered":"Ta\u00e7a de coco vermelha. Touro. Vermelho e dourado."},"content":{"rendered":"<p>Esta ta\u00e7a de coco vermelha \u00e9 uma recorda\u00e7\u00e3o requintada que captura a ess\u00eancia da cultura espanhola atrav\u00e9s do seu design \u00fanico e colorido. Elaborada com casca de coco, a ta\u00e7a apresenta um atraente interior em tons vibrantes de vermelho e dourado, que se fundem num efeito visual cativante, evocando a paix\u00e3o e o bul\u00edcio das tradi\u00e7\u00f5es espanholas. No centro, destaca-se a imagem ic\u00f3nica de um touro, s\u00edmbolo emblem\u00e1tico da cultura ib\u00e9rica, que adiciona um toque distintivo e aut\u00eantico a esta pe\u00e7a. Esta ta\u00e7a n\u00e3o s\u00f3 \u00e9 um artigo decorativo, como tamb\u00e9m representa a rica heran\u00e7a cultural que rodeia a figura do touro em Espanha, uma representa\u00e7\u00e3o de for\u00e7a, valentia e tradi\u00e7\u00f5es festivas como as touradas e as festas populares.<\/p>\n<p>Ideal para quem deseja levar um peda\u00e7o de Espanha para as suas casas, esta ta\u00e7a de coco torna-se um presente perfeito que real\u00e7a a riqueza da cultura espanhola. Na Ol\u00e9 Mosaic, especializamo-nos na distribui\u00e7\u00e3o de recorda\u00e7\u00f5es por grosso, oferecendo produtos artesanais que celebram o melhor de cada regi\u00e3o. Esta ta\u00e7a de coco vermelha \u00e9 uma excelente op\u00e7\u00e3o para lojas de presentes tur\u00edsticos que procuram aut\u00eanticas lembran\u00e7as de qualidade que encantam e transmitem o esp\u00edrito de Espanha.<\/p>\n","protected":false},"excerpt":{"rendered":"<p>Ta\u00e7a de coco vermelha decorada com um ic\u00f3nico touro, s\u00edmbolo da cultura espanhola. Este produto, elaborado com casca de coco, apresenta um design atraente que real\u00e7a o seu interior em tons vermelhos e dourados, criando um efeito visual que evoca a paix\u00e3o das tradi\u00e7\u00f5es espanholas. A imagem do touro, situada no centro, adiciona um toque distintivo e representativo, ideal para quem deseja levar um peda\u00e7o de Espanha para casa.<\/p>\n","protected":false},"featured_media":13414,"template":"","meta":{"_acf_changed":false},"product_brand":[],"product_cat":[513],"product_tag":[516],"class_list":{"0":"post-37174","1":"product","2":"type-product","3":"status-publish","4":"has-post-thumbnail","6":"product_cat-bols","7":"product_tag-animais","8":"pa_motivo-touros","10":"first","11":"instock","12":"shipping-taxable","13":"product-type-simple"},"acf":[],"_links":{"self":[{"href":"https:\/\/olemosaic.com\/pt-pt\/wp-json\/wp\/v2\/product\/37174","targetHints":{"allow":["GET"]}}],"collection":[{"href":"https:\/\/olemosaic.com\/pt-pt\/wp-json\/wp\/v2\/product"}],"about":[{"href":"https:\/\/olemosaic.com\/pt-pt\/wp-json\/wp\/v2\/types\/product"}],"wp:featuredmedia":[{"embeddable":true,"href":"https:\/\/olemosaic.com\/pt-pt\/wp-json\/wp\/v2\/media\/13414"}],"wp:attachment":[{"href":"https:\/\/olemosaic.com\/pt-pt\/wp-json\/wp\/v2\/media?parent=37174"}],"wp:term":[{"taxonomy":"product_brand","embeddable":true,"href":"https:\/\/olemosaic.com\/pt-pt\/wp-json\/wp\/v2\/product_brand?post=37174"},{"taxonomy":"product_cat","embeddable":true,"href":"https:\/\/olemosaic.com\/pt-pt\/wp-json\/wp\/v2\/product_cat?post=37174"},{"taxonomy":"product_tag","embeddable":true,"href":"https:\/\/olemosaic.com\/pt-pt\/wp-json\/wp\/v2\/product_tag?post=37174"}],"curies":[{"name":"wp","href":"https:\/\/api.w.org\/{rel}","templated":true}]}}