{"id":37173,"date":"2025-02-20T23:37:05","date_gmt":"2025-02-20T22:37:05","guid":{"rendered":"http:\/\/olemosaic.com\/producto\/bol-de-coco-rojo-toro-2\/"},"modified":"2025-07-25T20:42:36","modified_gmt":"2025-07-25T18:42:36","slug":"taca-de-coco-vermelha-touro-2","status":"publish","type":"product","link":"https:\/\/olemosaic.com\/pt-pt\/produto\/taca-de-coco-vermelha-touro-2\/","title":{"rendered":"Ta\u00e7a de coco vermelha. Touro. Vermelho e branco."},"content":{"rendered":"<p>Esta ta\u00e7a de coco vermelha \u00e9 um aut\u00eantico reflexo da cultura espanhola. Desenhada com um ic\u00f3nico touro, s\u00edmbolo da for\u00e7a e da tradi\u00e7\u00e3o enraizadas no pa\u00eds, \u00e9 fabricada com coco. O seu interior, de um vibrante tom vermelho, real\u00e7a a eleg\u00e2ncia do design branco do touro, criando um chamativo contraste visual que n\u00e3o passar\u00e1 desapercebido. A aten\u00e7\u00e3o ao detalhe \u00e9 evidente na delicada moldura de mosaico que emoldura a ta\u00e7a, conferindo um toque distintivo que a torna uma pe\u00e7a tanto funcional como decorativa.<\/p>\n<p>Esta ta\u00e7a n\u00e3o s\u00f3 \u00e9 ideal para servir tapas ou aperitivos, como tamb\u00e9m \u00e9 um atraente elemento decorativo em qualquer casa, um lembrete da rica heran\u00e7a cultural espanhola. Com uma profunda liga\u00e7\u00e3o \u00e0 tradi\u00e7\u00e3o taurina, este produto representa um emblem\u00e1tico aspeto do folclore espanhol, o que o torna uma recorda\u00e7\u00e3o perfeita para quem deseja levar um pouco deste rico patrim\u00f3nio.<\/p>\n<p>Na Ol\u00e9 Mosaic, especializamo-nos na distribui\u00e7\u00e3o de lembran\u00e7as por grosso, e esta ta\u00e7a de coco \u00e9 uma excelente op\u00e7\u00e3o para lojas de presentes tur\u00edsticos que procuram oferecer aos seus clientes um produto aut\u00eantico e significativo. Ao incorporar esta ta\u00e7a na sua sele\u00e7\u00e3o, garantem um artigo que captura a ess\u00eancia de Espanha, ideal para turistas que procuram recorda\u00e7\u00f5es \u00fanicas e representativas da sua experi\u00eancia.<\/p>\n","protected":false},"excerpt":{"rendered":"<p>Ta\u00e7a de coco vermelha decorada com um ic\u00f3nico touro, que representa uma das figuras mais emblem\u00e1ticas da cultura espanhola. Esta preciosa ta\u00e7a, fabricada em coco, exibe um interior vermelho vibrante que real\u00e7a o design branco do touro, s\u00edmbolo de for\u00e7a e tradi\u00e7\u00e3o. A elegante moldura de mosaico adiciona um toque distintivo, tornando-a uma pe\u00e7a perfeita para servir ou como elemento decorativo em qualquer casa. Ideal para os amantes do folclore espanhol.<\/p>\n","protected":false},"featured_media":12025,"template":"","meta":{"_acf_changed":false},"product_brand":[],"product_cat":[513],"product_tag":[516],"class_list":{"0":"post-37173","1":"product","2":"type-product","3":"status-publish","4":"has-post-thumbnail","6":"product_cat-bols","7":"product_tag-animais","8":"pa_motivo-touros","10":"first","11":"instock","12":"shipping-taxable","13":"product-type-simple"},"acf":[],"_links":{"self":[{"href":"https:\/\/olemosaic.com\/pt-pt\/wp-json\/wp\/v2\/product\/37173","targetHints":{"allow":["GET"]}}],"collection":[{"href":"https:\/\/olemosaic.com\/pt-pt\/wp-json\/wp\/v2\/product"}],"about":[{"href":"https:\/\/olemosaic.com\/pt-pt\/wp-json\/wp\/v2\/types\/product"}],"wp:featuredmedia":[{"embeddable":true,"href":"https:\/\/olemosaic.com\/pt-pt\/wp-json\/wp\/v2\/media\/12025"}],"wp:attachment":[{"href":"https:\/\/olemosaic.com\/pt-pt\/wp-json\/wp\/v2\/media?parent=37173"}],"wp:term":[{"taxonomy":"product_brand","embeddable":true,"href":"https:\/\/olemosaic.com\/pt-pt\/wp-json\/wp\/v2\/product_brand?post=37173"},{"taxonomy":"product_cat","embeddable":true,"href":"https:\/\/olemosaic.com\/pt-pt\/wp-json\/wp\/v2\/product_cat?post=37173"},{"taxonomy":"product_tag","embeddable":true,"href":"https:\/\/olemosaic.com\/pt-pt\/wp-json\/wp\/v2\/product_tag?post=37173"}],"curies":[{"name":"wp","href":"https:\/\/api.w.org\/{rel}","templated":true}]}}