{"id":37170,"date":"2025-02-20T22:37:05","date_gmt":"2025-02-20T22:37:05","guid":{"rendered":"http:\/\/olemosaic.com\/producto\/bol-de-coco-rojo-toro\/"},"modified":"2025-07-25T18:50:17","modified_gmt":"2025-07-25T16:50:17","slug":"taca-de-coco-vermelha-touro","status":"publish","type":"product","link":"https:\/\/olemosaic.com\/pt-pt\/produto\/taca-de-coco-vermelha-touro\/","title":{"rendered":"Ta\u00e7a de coco vermelha. Touro."},"content":{"rendered":"<p>Esta espetacular ta\u00e7a de coco vermelha \u00e9 uma pe\u00e7a \u00fanica que capta a ess\u00eancia da cultura espanhola, tornando-se o souvenir representativo ideal para os amantes da tradi\u00e7\u00e3o. Elaborada a partir de cascas de coco, apresenta um design vibrante que combina tons vermelhos intensos com detalhes em branco, criando uma pe\u00e7a decorativa que se destaca em qualquer casa. No interior da ta\u00e7a, a imagem de um touro, \u00edcone emblem\u00e1tico das tradi\u00e7\u00f5es espanholas, ergue-se com orgulho, simbolizando a valentia e a paix\u00e3o que caracterizam a cultura ib\u00e9rica.<\/p>\n<p>Esta ta\u00e7a n\u00e3o \u00e9 apenas funcional, mas tamb\u00e9m pode ser utilizada como elemento decorativo, adicionando um toque tradicional a qualquer espa\u00e7o. A combina\u00e7\u00e3o do seu design colorido e a representa\u00e7\u00e3o do touro tornam-na num artigo perfeito para servir aperitivos numa festa ou para desfrutar de um toque cultural \u00e0 mesa.<\/p>\n<p>Na Ol\u00e9 Mosaic, somos especialistas na distribui\u00e7\u00e3o de souvenirs por grosso, e esta ta\u00e7a de coco vermelha representa a autenticidade e o encanto do artesanato espanhol. Ideal para lojas de presentes tur\u00edsticos que procuram oferecer produtos aut\u00eanticos e significativos aos seus clientes, esta ta\u00e7a de coco \u00e9 uma excelente op\u00e7\u00e3o para quem deseja levar um peda\u00e7o da cultura espanhola. Como grossistas de souvenirs, asseguramos qualidade e originalidade em cada pe\u00e7a.<\/p>\n","protected":false},"excerpt":{"rendered":"<p>Ta\u00e7a de coco vermelha com a imagem de um touro. Esta original ta\u00e7a \u00e9 feita com casca de coco e decorada com um design colorido que combina tons vermelhos e detalhes brancos. No interior, destaca-se a imagem de um touro, um s\u00edmbolo ic\u00f3nico da cultura espanhola e das suas tradi\u00e7\u00f5es. Perfeita para adicionar um toque aut\u00eantico e tradicional \u00e0 sua casa, ideal para servir aperitivos ou como pe\u00e7a decorativa.<\/p>\n","protected":false},"featured_media":11958,"template":"","meta":{"_acf_changed":false},"product_brand":[],"product_cat":[513],"product_tag":[516],"class_list":{"0":"post-37170","1":"product","2":"type-product","3":"status-publish","4":"has-post-thumbnail","6":"product_cat-bols","7":"product_tag-animais","8":"pa_motivo-touros","10":"first","11":"instock","12":"shipping-taxable","13":"product-type-simple"},"acf":[],"_links":{"self":[{"href":"https:\/\/olemosaic.com\/pt-pt\/wp-json\/wp\/v2\/product\/37170","targetHints":{"allow":["GET"]}}],"collection":[{"href":"https:\/\/olemosaic.com\/pt-pt\/wp-json\/wp\/v2\/product"}],"about":[{"href":"https:\/\/olemosaic.com\/pt-pt\/wp-json\/wp\/v2\/types\/product"}],"wp:featuredmedia":[{"embeddable":true,"href":"https:\/\/olemosaic.com\/pt-pt\/wp-json\/wp\/v2\/media\/11958"}],"wp:attachment":[{"href":"https:\/\/olemosaic.com\/pt-pt\/wp-json\/wp\/v2\/media?parent=37170"}],"wp:term":[{"taxonomy":"product_brand","embeddable":true,"href":"https:\/\/olemosaic.com\/pt-pt\/wp-json\/wp\/v2\/product_brand?post=37170"},{"taxonomy":"product_cat","embeddable":true,"href":"https:\/\/olemosaic.com\/pt-pt\/wp-json\/wp\/v2\/product_cat?post=37170"},{"taxonomy":"product_tag","embeddable":true,"href":"https:\/\/olemosaic.com\/pt-pt\/wp-json\/wp\/v2\/product_tag?post=37170"}],"curies":[{"name":"wp","href":"https:\/\/api.w.org\/{rel}","templated":true}]}}