{"id":37168,"date":"2025-02-20T23:37:04","date_gmt":"2025-02-20T22:37:04","guid":{"rendered":"http:\/\/olemosaic.com\/producto\/bol-de-coco-naranja-toro-2\/"},"modified":"2025-07-25T20:30:29","modified_gmt":"2025-07-25T18:30:29","slug":"taca-de-coco-laranja-touro-2","status":"publish","type":"product","link":"https:\/\/olemosaic.com\/pt-pt\/produto\/taca-de-coco-laranja-touro-2\/","title":{"rendered":"Ta\u00e7a de coco laranja. Mosaico. Touro."},"content":{"rendered":"<p>Esta ta\u00e7a de coco laranja, decorada com um ic\u00f3nico touro, \u00e9 uma vibrante homenagem \u00e0 rica cultura espanhola. Elaborada meticulosamente \u00e0 m\u00e3o, esta original ta\u00e7a apresenta uma cor laranja alegre que ilumina qualquer ambiente, tornando-se uma pe\u00e7a central perfeita para a mesa. No centro da ta\u00e7a, destaca-se um touro branco, s\u00edmbolo emblem\u00e1tico do folclore espanhol, especialmente ligado \u00e0s tradi\u00e7\u00f5es taurom\u00e1quicas de regi\u00f5es como a Andaluzia e Castela. Este design de mosaico n\u00e3o s\u00f3 real\u00e7a a eleg\u00e2ncia da ta\u00e7a, como tamb\u00e9m emoldura com subtileza a figura do touro, imbu\u00eddo de um sentido de for\u00e7a e orgulho.<\/p>\n<p>O acabamento de coco confere uma textura r\u00fastica e aut\u00eantica \u00e0 pe\u00e7a, criando uma liga\u00e7\u00e3o direta com as tradi\u00e7\u00f5es artesanais de Espanha. Cada ta\u00e7a \u00e9 \u00fanica, lo que lhe confere um car\u00e1cter especial que real\u00e7a o trabalho do artes\u00e3o. Esta lembran\u00e7a n\u00e3o \u00e9 apenas decorativa, mas tamb\u00e9m serve como uma recorda\u00e7\u00e3o memor\u00e1vel e aut\u00eantica de Espanha, ideal para turistas que procuram levar consigo um peda\u00e7o da cultura local.<\/p>\n<p>Na Ol\u00e9 Mosaic, especializamo-nos na distribui\u00e7\u00e3o de souvenirs por grosso, e esta ta\u00e7a de coco laranja \u00e9 uma excelente op\u00e7\u00e3o para as lojas de presentes tur\u00edsticos que desejem oferecer produtos de qualidade com significado cultural. Este produto \u00e9 uma representa\u00e7\u00e3o perfeita dos souvenirs de Espanha que os visitantes gostariam de ter.<\/p>\n","protected":false},"excerpt":{"rendered":"<p>Ta\u00e7a de coco laranja decorada com um ic\u00f3nico touro, s\u00edmbolo emblem\u00e1tico da cultura espanhola. Esta original ta\u00e7a, elaborada \u00e0 m\u00e3o, apresenta uma vibrante cor laranja com um design de mosaico que real\u00e7a a sua eleg\u00e2ncia. No centro, destaca-se um touro branco, representando a riqueza do folclore espanhol. O seu acabamento de coco confere-lhe um toque r\u00fastico e aut\u00eantico, ideal para adicionar cor e car\u00e1cter a qualquer mesa.<\/p>\n","protected":false},"featured_media":12026,"template":"","meta":{"_acf_changed":false},"product_brand":[],"product_cat":[513],"product_tag":[516],"class_list":{"0":"post-37168","1":"product","2":"type-product","3":"status-publish","4":"has-post-thumbnail","6":"product_cat-bols","7":"product_tag-animais","8":"pa_motivo-touros","10":"first","11":"instock","12":"shipping-taxable","13":"product-type-simple"},"acf":[],"_links":{"self":[{"href":"https:\/\/olemosaic.com\/pt-pt\/wp-json\/wp\/v2\/product\/37168","targetHints":{"allow":["GET"]}}],"collection":[{"href":"https:\/\/olemosaic.com\/pt-pt\/wp-json\/wp\/v2\/product"}],"about":[{"href":"https:\/\/olemosaic.com\/pt-pt\/wp-json\/wp\/v2\/types\/product"}],"wp:featuredmedia":[{"embeddable":true,"href":"https:\/\/olemosaic.com\/pt-pt\/wp-json\/wp\/v2\/media\/12026"}],"wp:attachment":[{"href":"https:\/\/olemosaic.com\/pt-pt\/wp-json\/wp\/v2\/media?parent=37168"}],"wp:term":[{"taxonomy":"product_brand","embeddable":true,"href":"https:\/\/olemosaic.com\/pt-pt\/wp-json\/wp\/v2\/product_brand?post=37168"},{"taxonomy":"product_cat","embeddable":true,"href":"https:\/\/olemosaic.com\/pt-pt\/wp-json\/wp\/v2\/product_cat?post=37168"},{"taxonomy":"product_tag","embeddable":true,"href":"https:\/\/olemosaic.com\/pt-pt\/wp-json\/wp\/v2\/product_tag?post=37168"}],"curies":[{"name":"wp","href":"https:\/\/api.w.org\/{rel}","templated":true}]}}