{"id":37166,"date":"2025-02-20T23:37:04","date_gmt":"2025-02-20T22:37:04","guid":{"rendered":"http:\/\/olemosaic.com\/producto\/bol-de-coco-marron-toro-2\/"},"modified":"2025-07-25T20:16:19","modified_gmt":"2025-07-25T18:16:19","slug":"taca-de-coco-castanha-touro-2","status":"publish","type":"product","link":"https:\/\/olemosaic.com\/pt-pt\/produto\/taca-de-coco-castanha-touro-2\/","title":{"rendered":"Ta\u00e7a de coco castanha. Touro. Borda bege."},"content":{"rendered":"<p>Esta impressionante ta\u00e7a de coco castanha, decorada com um ic\u00f3nico touro, representa uma aut\u00eantica pe\u00e7a da cultura espanhola que encantar\u00e1 os amantes de souvenirs tradicionais. O seu design cativante destaca-se por um mosaico elaborado com pequenas conchas que criam um brilho subtil, numa paleta de tons castanhos e bege que evoca o calor do ambiente mediterr\u00e2nico. No centro da ta\u00e7a, uma silhueta do touro, num castanho escuro profundo, evoca a tradi\u00e7\u00e3o taurina e a hist\u00f3ria de Espanha, recordando aos visitantes as famosas touradas e a celebra\u00e7\u00e3o do orgulho nacional.<\/p>\n<p>Esta ta\u00e7a n\u00e3o \u00e9 apenas decorativa; a sua eleg\u00e2ncia e acabamento artesanal tornam-na perfeita para servir aperitivos ou como elemento funcional no lar. Desenhada para impressionar, \u00e9 uma recorda\u00e7\u00e3o que combina arte e autenticidade, ideal para os turistas que procuram levar uma pe\u00e7a da ess\u00eancia espanhola consigo.<\/p>\n<p>Na Ol\u00e9 Mosaic, especializamo-nos na distribui\u00e7\u00e3o de souvenirs por grosso, e esta ta\u00e7a de coco \u00e9 uma escolha excecional para lojas de presentes tur\u00edsticos que desejem oferecer produtos aut\u00eanticos e com uma forte liga\u00e7\u00e3o cultural. A singularidade desta ta\u00e7a torna-a um artigo atraente para a sua cole\u00e7\u00e3o de souvenirs, real\u00e7ando a riqueza da heran\u00e7a espanhola e a sua relev\u00e2ncia na decora\u00e7\u00e3o moderna.<\/p>\n","protected":false},"excerpt":{"rendered":"<p>Ta\u00e7a de coco castanha decorada com um ic\u00f3nico touro, s\u00edmbolo da cultura espanhola. Esta original ta\u00e7a destaca-se pelo seu design de mosaico de conchas, que confere um brilho subtil e uma paleta de tons castanhos e bege. No centro, a silhueta de um touro em castanho escuro evoca a tradi\u00e7\u00e3o taurina do pa\u00eds. Ideal para decora\u00e7\u00e3o ou como elemento funcional no lar.<\/p>\n","protected":false},"featured_media":13497,"template":"","meta":{"_acf_changed":false},"product_brand":[],"product_cat":[513],"product_tag":[516],"class_list":{"0":"post-37166","1":"product","2":"type-product","3":"status-publish","4":"has-post-thumbnail","6":"product_cat-bols","7":"product_tag-animais","8":"pa_motivo-touros","10":"first","11":"instock","12":"shipping-taxable","13":"product-type-simple"},"acf":[],"_links":{"self":[{"href":"https:\/\/olemosaic.com\/pt-pt\/wp-json\/wp\/v2\/product\/37166","targetHints":{"allow":["GET"]}}],"collection":[{"href":"https:\/\/olemosaic.com\/pt-pt\/wp-json\/wp\/v2\/product"}],"about":[{"href":"https:\/\/olemosaic.com\/pt-pt\/wp-json\/wp\/v2\/types\/product"}],"wp:featuredmedia":[{"embeddable":true,"href":"https:\/\/olemosaic.com\/pt-pt\/wp-json\/wp\/v2\/media\/13497"}],"wp:attachment":[{"href":"https:\/\/olemosaic.com\/pt-pt\/wp-json\/wp\/v2\/media?parent=37166"}],"wp:term":[{"taxonomy":"product_brand","embeddable":true,"href":"https:\/\/olemosaic.com\/pt-pt\/wp-json\/wp\/v2\/product_brand?post=37166"},{"taxonomy":"product_cat","embeddable":true,"href":"https:\/\/olemosaic.com\/pt-pt\/wp-json\/wp\/v2\/product_cat?post=37166"},{"taxonomy":"product_tag","embeddable":true,"href":"https:\/\/olemosaic.com\/pt-pt\/wp-json\/wp\/v2\/product_tag?post=37166"}],"curies":[{"name":"wp","href":"https:\/\/api.w.org\/{rel}","templated":true}]}}