{"id":37165,"date":"2025-02-20T23:37:04","date_gmt":"2025-02-20T22:37:04","guid":{"rendered":"http:\/\/olemosaic.com\/producto\/bol-de-coco-marron-toro\/"},"modified":"2025-07-25T19:03:40","modified_gmt":"2025-07-25T17:03:40","slug":"taca-de-coco-castanha-touro","status":"publish","type":"product","link":"https:\/\/olemosaic.com\/pt-pt\/produto\/taca-de-coco-castanha-touro\/","title":{"rendered":"Ta\u00e7a de coco castanha. Touro. Borda dourada."},"content":{"rendered":"<p>Esta ta\u00e7a de coco castanha, decorada com a emblem\u00e1tica silhueta de um touro, \u00e9 um aut\u00eantico s\u00edmbolo da cultura espanhola que captura a ess\u00eancia do folclore e da tradi\u00e7\u00e3o. O seu interior apresenta um acabamento brilhante em tons dourados, o que adiciona um toque de eleg\u00e2ncia e originalidade, enquanto o exterior de coco mant\u00e9m um design org\u00e2nico e r\u00fastico, refletindo a naturalidade e singularidade deste material. A representa\u00e7\u00e3o do touro, figura representativa da tauromaquia e da paix\u00e3o espanhola, evoca o car\u00e1ter vibrante da cultura do pa\u00eds, tornando esta ta\u00e7a uma pe\u00e7a funcional e cheia de significado cultural.<\/p>\n<p>Perfeita para servir aperitivos ou como elemento decorativo em qualquer lar, esta ta\u00e7a \u00e9 um souvenir ideal para quem procura levar um peda\u00e7o de Espanha. O seu design \u00fanico e aut\u00eantico torna-a uma recorda\u00e7\u00e3o memor\u00e1vel que fala das tradi\u00e7\u00f5es e do estilo de vida local. Na Ol\u00e9 Mosaic, dedicamo-nos \u00e0 distribui\u00e7\u00e3o de souvenirs por grosso, oferecendo esta ta\u00e7a de coco castanha como uma op\u00e7\u00e3o excecional para lojas de presentes tur\u00edsticos. Com a sua autenticidade e qualidade, esta ta\u00e7a destaca-se como uma excelente escolha para quem procura souvenirs de grande valor cultural e art\u00edstico.<\/p>\n","protected":false},"excerpt":{"rendered":"<p>Ta\u00e7a de coco castanha decorada com a silhueta de um touro, um s\u00edmbolo emblem\u00e1tico da cultura espanhola. Esta exclusiva ta\u00e7a apresenta um acabamento brilhante em tons dourados que real\u00e7a a sua originalidade, enquanto o exterior de coco mant\u00e9m um design org\u00e2nico e r\u00fastico. Ideal para servir aperitivos ou como elemento decorativo, este artigo captura a ess\u00eancia do folclore espanhol num objeto pr\u00e1tico e art\u00edstico.<\/p>\n","protected":false},"featured_media":13416,"template":"","meta":{"_acf_changed":false},"product_brand":[],"product_cat":[513],"product_tag":[516],"class_list":{"0":"post-37165","1":"product","2":"type-product","3":"status-publish","4":"has-post-thumbnail","6":"product_cat-bols","7":"product_tag-animais","8":"pa_motivo-touros","10":"first","11":"instock","12":"shipping-taxable","13":"product-type-simple"},"acf":[],"_links":{"self":[{"href":"https:\/\/olemosaic.com\/pt-pt\/wp-json\/wp\/v2\/product\/37165","targetHints":{"allow":["GET"]}}],"collection":[{"href":"https:\/\/olemosaic.com\/pt-pt\/wp-json\/wp\/v2\/product"}],"about":[{"href":"https:\/\/olemosaic.com\/pt-pt\/wp-json\/wp\/v2\/types\/product"}],"wp:featuredmedia":[{"embeddable":true,"href":"https:\/\/olemosaic.com\/pt-pt\/wp-json\/wp\/v2\/media\/13416"}],"wp:attachment":[{"href":"https:\/\/olemosaic.com\/pt-pt\/wp-json\/wp\/v2\/media?parent=37165"}],"wp:term":[{"taxonomy":"product_brand","embeddable":true,"href":"https:\/\/olemosaic.com\/pt-pt\/wp-json\/wp\/v2\/product_brand?post=37165"},{"taxonomy":"product_cat","embeddable":true,"href":"https:\/\/olemosaic.com\/pt-pt\/wp-json\/wp\/v2\/product_cat?post=37165"},{"taxonomy":"product_tag","embeddable":true,"href":"https:\/\/olemosaic.com\/pt-pt\/wp-json\/wp\/v2\/product_tag?post=37165"}],"curies":[{"name":"wp","href":"https:\/\/api.w.org\/{rel}","templated":true}]}}