{"id":37162,"date":"2025-02-20T23:37:03","date_gmt":"2025-02-20T22:37:03","guid":{"rendered":"http:\/\/olemosaic.com\/producto\/bol-de-coco-rojo-sardina-lisboa\/"},"modified":"2025-07-25T19:53:59","modified_gmt":"2025-07-25T17:53:59","slug":"taca-de-coco-vermelha-sardinha-lisboa","status":"publish","type":"product","link":"https:\/\/olemosaic.com\/pt-pt\/produto\/taca-de-coco-vermelha-sardinha-lisboa\/","title":{"rendered":"Ta\u00e7a de coco vermelha. Sardinha. Lisboa."},"content":{"rendered":"<p>Esta ta\u00e7a de coco vermelha vibrante \u00e9 uma obra de arte que encapsula a ess\u00eancia de Lisboa. Com um acabamento polido e suave, a sua superf\u00edcie brilha com um design cativante de sardinhas, uma homenagem \u00e0 cultura piscat\u00f3ria da regi\u00e3o. A ta\u00e7a apresenta um elegante padr\u00e3o circular vermelho, delicadamente combinado com um atraente detalhe central onde est\u00e1 gravado o nome &#8220;Lisboa&#8221;. Cada peixe representa a rica tradi\u00e7\u00e3o da gastronomia local, especialmente o famoso bacalhau, um imprescind\u00edvel nas mesas portuguesas.<\/p>\n<p>Esta ta\u00e7a n\u00e3o \u00e9 apenas um utens\u00edlio decorativo; \u00e9 uma aut\u00eantica recorda\u00e7\u00e3o que reflete a vitalidade e o colorido de Lisboa, ideal para quem procura adicionar um toque art\u00edstico ao seu lar. A sua forma arredondada e o seu design muito especial tornam-na uma pe\u00e7a \u00fanica, perfeita para exibir como parte da decora\u00e7\u00e3o ou para servir pequenos aperitivos.<\/p>\n<p>A Ol\u00e9 Mosaic orgulha-se de oferecer produtos aut\u00eanticos por grosso, e esta ta\u00e7a de coco vermelha \u00e9 uma op\u00e7\u00e3o excecional para lojas de presentes tur\u00edsticos que desejem oferecer recorda\u00e7\u00f5es de Lisboa que sejam representativas da sua rica cultura e tradi\u00e7\u00f5es. Esta ta\u00e7a \u00e9 mais do que um simples artigo; \u00e9 um peda\u00e7o da hist\u00f3ria e do folclore de Portugal, capturando a sua beleza e autenticidade em cada detalhe.<\/p>\n","protected":false},"excerpt":{"rendered":"<p>Ta\u00e7a de coco num vermelho vibrante, decorada com um design de sardinhas que evoca a ess\u00eancia de Lisboa. Esta distinta ta\u00e7a, com um acabamento polido e suave, apresenta motivos circulares vermelhos e um elegante detalhe central com a palavra &#8220;Lisboa&#8221;. Ideal para dar um toque art\u00edstico a qualquer espa\u00e7o, esta ta\u00e7a captura a tradi\u00e7\u00e3o e o folclore da regi\u00e3o, tornando-se uma pe\u00e7a \u00fanica para os amantes da cultura portuguesa.<\/p>\n","protected":false},"featured_media":12033,"template":"","meta":{"_acf_changed":false},"product_brand":[],"product_cat":[513],"product_tag":[516],"class_list":{"0":"post-37162","1":"product","2":"type-product","3":"status-publish","4":"has-post-thumbnail","6":"product_cat-bols","7":"product_tag-animais","8":"pa_ciudad-lisboa","9":"pa_motivo-sardinhas","10":"pa_pais-portugal","12":"first","13":"instock","14":"shipping-taxable","15":"product-type-simple"},"acf":[],"_links":{"self":[{"href":"https:\/\/olemosaic.com\/pt-pt\/wp-json\/wp\/v2\/product\/37162","targetHints":{"allow":["GET"]}}],"collection":[{"href":"https:\/\/olemosaic.com\/pt-pt\/wp-json\/wp\/v2\/product"}],"about":[{"href":"https:\/\/olemosaic.com\/pt-pt\/wp-json\/wp\/v2\/types\/product"}],"wp:featuredmedia":[{"embeddable":true,"href":"https:\/\/olemosaic.com\/pt-pt\/wp-json\/wp\/v2\/media\/12033"}],"wp:attachment":[{"href":"https:\/\/olemosaic.com\/pt-pt\/wp-json\/wp\/v2\/media?parent=37162"}],"wp:term":[{"taxonomy":"product_brand","embeddable":true,"href":"https:\/\/olemosaic.com\/pt-pt\/wp-json\/wp\/v2\/product_brand?post=37162"},{"taxonomy":"product_cat","embeddable":true,"href":"https:\/\/olemosaic.com\/pt-pt\/wp-json\/wp\/v2\/product_cat?post=37162"},{"taxonomy":"product_tag","embeddable":true,"href":"https:\/\/olemosaic.com\/pt-pt\/wp-json\/wp\/v2\/product_tag?post=37162"}],"curies":[{"name":"wp","href":"https:\/\/api.w.org\/{rel}","templated":true}]}}