{"id":37161,"date":"2025-02-20T22:37:03","date_gmt":"2025-02-20T22:37:03","guid":{"rendered":"http:\/\/olemosaic.com\/producto\/bol-de-coco-naranja-toro\/"},"modified":"2025-07-25T20:08:31","modified_gmt":"2025-07-25T18:08:31","slug":"taca-de-coco-laranja-touro","status":"publish","type":"product","link":"https:\/\/olemosaic.com\/pt-pt\/produto\/taca-de-coco-laranja-touro\/","title":{"rendered":"Ta\u00e7a de coco laranja. Touro."},"content":{"rendered":"<p>Esta ta\u00e7a de coco, de uma vibrante cor laranja, \u00e9 uma pe\u00e7a artesanal que capta a ess\u00eancia e o folclore da cultura espanhola. O seu design destaca-se pela textura natural da casca de coco, que acentua os tons quentes do interior, criando um efeito visual atraente e original. No centro, uma elegante silhueta de um touro sobressai, simbolizando o orgulho e a tradi\u00e7\u00e3o que estes majestosos animais representam na hist\u00f3ria taurom\u00e1quica de Espanha. Esta ta\u00e7a, al\u00e9m de ser perfeita para servir aperitivos, torna-se um elemento decorativo ideal para qualquer ambiente que procure um toque de autenticidade e cultura.<\/p>\n<p>A relev\u00e2ncia cultural do touro em Espanha torna-o um motivo ic\u00f3nico, que representa a valentia e a paix\u00e3o do povo espanhol. Esta ta\u00e7a de coco, al\u00e9m da sua funcionalidade, \u00e9 uma recorda\u00e7\u00e3o que convida os turistas a levar um peda\u00e7o da rica heran\u00e7a espanhola. Na Ol\u00e9 Mosaic, dedicamo-nos \u00e0 distribui\u00e7\u00e3o de recorda\u00e7\u00f5es por grosso, oferecendo produtos que celebram o artesanato e o folclore de cada regi\u00e3o. Esta ta\u00e7a de coco n\u00e3o s\u00f3 \u00e9 uma excelente op\u00e7\u00e3o para lojas de presentes tur\u00edsticos, como tamb\u00e9m um presente \u00fanico e significativo que real\u00e7a o valor cultural de Espanha e a sua diversidade.<\/p>\n","protected":false},"excerpt":{"rendered":"<p>Ta\u00e7a de coco de uma vibrante cor laranja, adornada com a silhueta de um touro, s\u00edmbolo emblem\u00e1tico da cultura espanhola. Fabricada artesanalmente, esta ta\u00e7a destaca-se pelo seu design caracter\u00edstico, com uma textura que imita a casca de coco e real\u00e7a os tons quentes do seu interior. Perfeita para servir aperitivos ou como elemento decorativo, este produto evoca a tradi\u00e7\u00e3o e o folclore de Espanha, tornando-se um presente original e ideal.<\/p>\n","protected":false},"featured_media":13415,"template":"","meta":{"_acf_changed":false},"product_brand":[],"product_cat":[513],"product_tag":[516],"class_list":{"0":"post-37161","1":"product","2":"type-product","3":"status-publish","4":"has-post-thumbnail","6":"product_cat-bols","7":"product_tag-animais","8":"pa_motivo-touros","10":"first","11":"instock","12":"shipping-taxable","13":"product-type-simple"},"acf":[],"_links":{"self":[{"href":"https:\/\/olemosaic.com\/pt-pt\/wp-json\/wp\/v2\/product\/37161","targetHints":{"allow":["GET"]}}],"collection":[{"href":"https:\/\/olemosaic.com\/pt-pt\/wp-json\/wp\/v2\/product"}],"about":[{"href":"https:\/\/olemosaic.com\/pt-pt\/wp-json\/wp\/v2\/types\/product"}],"wp:featuredmedia":[{"embeddable":true,"href":"https:\/\/olemosaic.com\/pt-pt\/wp-json\/wp\/v2\/media\/13415"}],"wp:attachment":[{"href":"https:\/\/olemosaic.com\/pt-pt\/wp-json\/wp\/v2\/media?parent=37161"}],"wp:term":[{"taxonomy":"product_brand","embeddable":true,"href":"https:\/\/olemosaic.com\/pt-pt\/wp-json\/wp\/v2\/product_brand?post=37161"},{"taxonomy":"product_cat","embeddable":true,"href":"https:\/\/olemosaic.com\/pt-pt\/wp-json\/wp\/v2\/product_cat?post=37161"},{"taxonomy":"product_tag","embeddable":true,"href":"https:\/\/olemosaic.com\/pt-pt\/wp-json\/wp\/v2\/product_tag?post=37161"}],"curies":[{"name":"wp","href":"https:\/\/api.w.org\/{rel}","templated":true}]}}