{"id":37160,"date":"2025-02-20T23:37:03","date_gmt":"2025-02-20T22:37:03","guid":{"rendered":"http:\/\/olemosaic.com\/producto\/bol-de-coco-fucsia-toro-2\/"},"modified":"2025-07-25T20:34:55","modified_gmt":"2025-07-25T18:34:55","slug":"taca-de-coco-fucsia-touro-2","status":"publish","type":"product","link":"https:\/\/olemosaic.com\/pt-pt\/produto\/taca-de-coco-fucsia-touro-2\/","title":{"rendered":"Ta\u00e7a de coco f\u00facsia. Touro. Borda contempor\u00e2nea."},"content":{"rendered":"<p>Esta ta\u00e7a de coco f\u00facsia \u00e9 um encantador objeto decorativo que funde arte e cultura espanhola num \u00fanico design. A sua base arredondada est\u00e1 adornada com um emblem\u00e1tico touro no centro, s\u00edmbolo da rica tradi\u00e7\u00e3o taurom\u00e1quica que caracteriza Espanha. A vibrante cor f\u00facsia destaca-se, enquanto os detalhes cer\u00e2micos, que imitam pedras de diferentes tons dispostas harmoniosamente, acrescentam um toque contempor\u00e2neo e festivo que cativa a vista.<\/p>\n<p>O interior da ta\u00e7a apresenta uma elaborada disposi\u00e7\u00e3o de tonalidades que evoca o calor do ambiente mediterr\u00e2neo, tornando-a um elemento ideal para decorar mesas ou real\u00e7ar a est\u00e9tica de qualquer divis\u00e3o. O seu design intemporal e a sua liga\u00e7\u00e3o \u00e0 cultura taurom\u00e1quica tornam-na uma excelente recorda\u00e7\u00e3o que representa a autenticidade e o esp\u00edrito alegre de Espanha.<\/p>\n<p>Perfeita como presente ou lembran\u00e7a para aqueles que procuram levar um peda\u00e7o da tradi\u00e7\u00e3o espanhola, esta ta\u00e7a n\u00e3o \u00e9 apenas uma pe\u00e7a decorativa, mas uma homenagem \u00e0 heran\u00e7a cultural do pa\u00eds. Na Ol\u00e9 Mosaic, como grossista de artigos representativos, garantimos que esta ta\u00e7a de coco \u00e9 uma op\u00e7\u00e3o excecional para as lojas de presentes tur\u00edsticos que desejam oferecer produtos aut\u00eanticos e memoravelmente espanh\u00f3is.<\/p>\n","protected":false},"excerpt":{"rendered":"<p>Ta\u00e7a de coco f\u00facsia, decorada com um emblem\u00e1tico touro no centro. Este atraente objeto apresenta um design colorido e contempor\u00e2neo, com detalhes cer\u00e2micos que simulam pedras f\u00facsias dispostas de forma harmoniosa. A sua forma arredondada destaca-se pela mistura de tons vibrantes que lhe conferem um ar festivo. Ideal como centro de mesa ou para dar um toque espanhol a qualquer espa\u00e7o, esta ta\u00e7a reflete a rica cultura taurom\u00e1quica de Espanha.<\/p>\n","protected":false},"featured_media":11960,"template":"","meta":{"_acf_changed":false},"product_brand":[],"product_cat":[513],"product_tag":[516],"class_list":{"0":"post-37160","1":"product","2":"type-product","3":"status-publish","4":"has-post-thumbnail","6":"product_cat-bols","7":"product_tag-animais","8":"pa_motivo-touros","10":"first","11":"instock","12":"shipping-taxable","13":"product-type-simple"},"acf":[],"_links":{"self":[{"href":"https:\/\/olemosaic.com\/pt-pt\/wp-json\/wp\/v2\/product\/37160","targetHints":{"allow":["GET"]}}],"collection":[{"href":"https:\/\/olemosaic.com\/pt-pt\/wp-json\/wp\/v2\/product"}],"about":[{"href":"https:\/\/olemosaic.com\/pt-pt\/wp-json\/wp\/v2\/types\/product"}],"wp:featuredmedia":[{"embeddable":true,"href":"https:\/\/olemosaic.com\/pt-pt\/wp-json\/wp\/v2\/media\/11960"}],"wp:attachment":[{"href":"https:\/\/olemosaic.com\/pt-pt\/wp-json\/wp\/v2\/media?parent=37160"}],"wp:term":[{"taxonomy":"product_brand","embeddable":true,"href":"https:\/\/olemosaic.com\/pt-pt\/wp-json\/wp\/v2\/product_brand?post=37160"},{"taxonomy":"product_cat","embeddable":true,"href":"https:\/\/olemosaic.com\/pt-pt\/wp-json\/wp\/v2\/product_cat?post=37160"},{"taxonomy":"product_tag","embeddable":true,"href":"https:\/\/olemosaic.com\/pt-pt\/wp-json\/wp\/v2\/product_tag?post=37160"}],"curies":[{"name":"wp","href":"https:\/\/api.w.org\/{rel}","templated":true}]}}