{"id":37158,"date":"2025-02-20T23:37:02","date_gmt":"2025-02-20T22:37:02","guid":{"rendered":"http:\/\/olemosaic.com\/producto\/bol-de-coco-toro\/"},"modified":"2025-07-25T20:08:25","modified_gmt":"2025-07-25T18:08:25","slug":"taca-de-coco-touro","status":"publish","type":"product","link":"https:\/\/olemosaic.com\/pt-pt\/produto\/taca-de-coco-touro\/","title":{"rendered":"Ta\u00e7a de coco. Touro."},"content":{"rendered":"<p>Esta ta\u00e7a de coco decorada \u00e9 um magn\u00edfico exemplo da vibrante arte popular espanhola, que capta a ess\u00eancia da cultura e da tradi\u00e7\u00e3o do pa\u00eds. Decorada artesanalmente com t\u00e9cnicas tradicionais, a ta\u00e7a apresenta um mosaico multicolorido que combina tons de rosa, azul e amarelo, criando um efeito visual alegre e atraente. No cora\u00e7\u00e3o desta pe\u00e7a destaca-se a ic\u00f3nica figura de um touro em tons castanhos, um s\u00edmbolo profundamente enraizado na identidade cultural espanhola, que representa a for\u00e7a e o esp\u00edrito da arte taurom\u00e1quica.<\/p>\n<p>Os reflexos de luz que emanam das diferentes cores do mosaico acrescentam um toque de dinamismo e eleg\u00e2ncia, tornando esta ta\u00e7a um elemento decorativo ideal para embelezar qualquer espa\u00e7o, seja no lar ou em contextos festivos. Esta ta\u00e7a n\u00e3o \u00e9 apenas um objeto funcional, mas tamb\u00e9m uma aut\u00eantica recorda\u00e7\u00e3o que respeita e celebra o riqu\u00edssimo folclore de Espanha, tornando-se uma lembran\u00e7a representativa que os turistas querer\u00e3o levar consigo.<\/p>\n<p>Na Ol\u00e9 Mosaic, especializamo-nos na distribui\u00e7\u00e3o de recorda\u00e7\u00f5es por grosso, e esta ta\u00e7a de coco \u00e9 uma excelente op\u00e7\u00e3o para lojas de presentes tur\u00edsticos que procuram produtos que combinam beleza, autenticidade e relev\u00e2ncia cultural. Perfeita como presente ou para uso di\u00e1rio, esta ta\u00e7a n\u00e3o s\u00f3 adorna, como tamb\u00e9m narra uma hist\u00f3ria de tradi\u00e7\u00e3o e paix\u00e3o que est\u00e1 pronta para ser partilhada.<\/p>\n","protected":false},"excerpt":{"rendered":"<p>Ta\u00e7a de coco decorada com um vibrante mosaico de cores, que evoca a riqueza da arte popular espanhola. No centro, destaca-se a figura de um touro em tons castanhos, um s\u00edmbolo ic\u00f3nico de la cultura espanhola. Esta ta\u00e7a, elaborada com t\u00e9cnica artesanal, combina rosas, azuis e amarelos no seu design, oferecendo um toque alegre e colorido que embeleza qualquer espa\u00e7o. Ideal como recorda\u00e7\u00e3o ou para uso decorativo.<\/p>\n","protected":false},"featured_media":11965,"template":"","meta":{"_acf_changed":false},"product_brand":[],"product_cat":[513],"product_tag":[516],"class_list":{"0":"post-37158","1":"product","2":"type-product","3":"status-publish","4":"has-post-thumbnail","6":"product_cat-bols","7":"product_tag-animais","8":"pa_motivo-touros","10":"first","11":"instock","12":"shipping-taxable","13":"product-type-simple"},"acf":[],"_links":{"self":[{"href":"https:\/\/olemosaic.com\/pt-pt\/wp-json\/wp\/v2\/product\/37158","targetHints":{"allow":["GET"]}}],"collection":[{"href":"https:\/\/olemosaic.com\/pt-pt\/wp-json\/wp\/v2\/product"}],"about":[{"href":"https:\/\/olemosaic.com\/pt-pt\/wp-json\/wp\/v2\/types\/product"}],"wp:featuredmedia":[{"embeddable":true,"href":"https:\/\/olemosaic.com\/pt-pt\/wp-json\/wp\/v2\/media\/11965"}],"wp:attachment":[{"href":"https:\/\/olemosaic.com\/pt-pt\/wp-json\/wp\/v2\/media?parent=37158"}],"wp:term":[{"taxonomy":"product_brand","embeddable":true,"href":"https:\/\/olemosaic.com\/pt-pt\/wp-json\/wp\/v2\/product_brand?post=37158"},{"taxonomy":"product_cat","embeddable":true,"href":"https:\/\/olemosaic.com\/pt-pt\/wp-json\/wp\/v2\/product_cat?post=37158"},{"taxonomy":"product_tag","embeddable":true,"href":"https:\/\/olemosaic.com\/pt-pt\/wp-json\/wp\/v2\/product_tag?post=37158"}],"curies":[{"name":"wp","href":"https:\/\/api.w.org\/{rel}","templated":true}]}}