{"id":37153,"date":"2025-02-20T22:37:01","date_gmt":"2025-02-20T22:37:01","guid":{"rendered":"http:\/\/olemosaic.com\/producto\/4-bols-de-coco-de-13-x-6-cm-mariposa\/"},"modified":"2025-07-25T19:46:17","modified_gmt":"2025-07-25T17:46:17","slug":"4-tacas-de-coco-de-13-x-6-cm-borboleta","status":"publish","type":"product","link":"https:\/\/olemosaic.com\/pt-pt\/produto\/4-tacas-de-coco-de-13-x-6-cm-borboleta\/","title":{"rendered":"4 Ta\u00e7as de coco de 13 x 6 cm. Borboleta."},"content":{"rendered":"<p>Descubra a cativante ta\u00e7a de coco decorada com borboletas, uma aut\u00eantica joia artesanal que adicionar\u00e1 um toque vibrante a qualquer espa\u00e7o! Esta maravilhosa ta\u00e7a, de 13 x 6 cm, est\u00e1 dispon\u00edvel em quatro cores extraordin\u00e1rias: azul, vermelho, amarelo e f\u00facsia, cada uma desenhada para real\u00e7ar a sua beleza e car\u00e1ter festivo. No centro de cada ta\u00e7a, uma elegante borboleta desdobra-se, simbolizando a transforma\u00e7\u00e3o e a alegria, enquanto a borda do recipiente \u00e9 adornada com cora\u00e7\u00f5es delicados, proporcionando um ar rom\u00e2ntico e acolhedor.<\/p>\n<p>Fabricadas com material natural, estas ta\u00e7as s\u00e3o perfeitas tanto para servir aperitivos como para decorar qualquer canto da casa, tornando-se o centro das aten\u00e7\u00f5es em qualquer reuni\u00e3o. O seu acabamento liso e brilhante n\u00e3o s\u00f3 as torna visualmente atraentes, mas tamb\u00e9m f\u00e1ceis de limpar, garantindo funcionalidade e estilo em cada utiliza\u00e7\u00e3o.<\/p>\n<p>A liga\u00e7\u00e3o cultural deste produto pode ser associada \u00e0 rica tradi\u00e7\u00e3o artesanal de Espanha, onde os produtos naturais e o uso de cores vibrantes refletem a alegria de viver das suas gentes. Na Ol\u00e9 Mosaic, oferecemos estes surpreendentes souvenirs por grosso, perfeitos para lojas de presentes tur\u00edsticos que procuram artigos aut\u00eanticos e representativos. Esta ta\u00e7a de coco com borboletas \u00e9, sem d\u00favida, uma excelente escolha para que os turistas levem uma recorda\u00e7\u00e3o \u00fanica e colorida da sua experi\u00eancia.<\/p>\n","protected":false},"excerpt":{"rendered":"<p>Ta\u00e7a de coco de 13 x 6 cm decorada com borboletas, dispon\u00edvel em quatro cores vibrantes: azul, vermelho, amarelo e f\u00facsia. Cada ta\u00e7a apresenta um design festivo com borboletas no centro e uma borda decorada com cora\u00e7\u00f5es, tudo com um acabamento liso e brilhante. Fabricadas com material natural, estas ta\u00e7as s\u00e3o ideais para servir aperitivos ou como elemento decorativo, proporcionando um toque colorido e alegre a qualquer ambiente.<\/p>\n","protected":false},"featured_media":13837,"template":"","meta":{"_acf_changed":false},"product_brand":[],"product_cat":[513],"product_tag":[516],"class_list":{"0":"post-37153","1":"product","2":"type-product","3":"status-publish","4":"has-post-thumbnail","6":"product_cat-bols","7":"product_tag-animais","8":"pa_motivo-borboletas","10":"first","11":"instock","12":"shipping-taxable","13":"product-type-simple"},"acf":[],"_links":{"self":[{"href":"https:\/\/olemosaic.com\/pt-pt\/wp-json\/wp\/v2\/product\/37153","targetHints":{"allow":["GET"]}}],"collection":[{"href":"https:\/\/olemosaic.com\/pt-pt\/wp-json\/wp\/v2\/product"}],"about":[{"href":"https:\/\/olemosaic.com\/pt-pt\/wp-json\/wp\/v2\/types\/product"}],"wp:featuredmedia":[{"embeddable":true,"href":"https:\/\/olemosaic.com\/pt-pt\/wp-json\/wp\/v2\/media\/13837"}],"wp:attachment":[{"href":"https:\/\/olemosaic.com\/pt-pt\/wp-json\/wp\/v2\/media?parent=37153"}],"wp:term":[{"taxonomy":"product_brand","embeddable":true,"href":"https:\/\/olemosaic.com\/pt-pt\/wp-json\/wp\/v2\/product_brand?post=37153"},{"taxonomy":"product_cat","embeddable":true,"href":"https:\/\/olemosaic.com\/pt-pt\/wp-json\/wp\/v2\/product_cat?post=37153"},{"taxonomy":"product_tag","embeddable":true,"href":"https:\/\/olemosaic.com\/pt-pt\/wp-json\/wp\/v2\/product_tag?post=37153"}],"curies":[{"name":"wp","href":"https:\/\/api.w.org\/{rel}","templated":true}]}}