{"id":37152,"date":"2025-02-20T22:37:01","date_gmt":"2025-02-20T22:37:01","guid":{"rendered":"http:\/\/olemosaic.com\/producto\/bol-de-coco-beige-toro\/"},"modified":"2025-07-25T20:26:58","modified_gmt":"2025-07-25T18:26:58","slug":"taca-de-coco-bege-touro","status":"publish","type":"product","link":"https:\/\/olemosaic.com\/pt-pt\/produto\/taca-de-coco-bege-touro\/","title":{"rendered":"Ta\u00e7a de coco bege. Touro."},"content":{"rendered":"<p>Esta ta\u00e7a de coco bege \u00e9 uma recorda\u00e7\u00e3o elegante e distintiva que capta a rica tradi\u00e7\u00e3o taurom\u00e1quica espanhola. O seu design apresenta um acabamento brilhante que real\u00e7a as formas irregulares em tons de bege e dourado, criando um apelo visual que chama a aten\u00e7\u00e3o. No centro, destaca-se a representa\u00e7\u00e3o de um majestoso touro, s\u00edmbolo de for\u00e7a e valor, impresso num vibrante vermelho que contrasta maravilhosamente com o fundo suave da ta\u00e7a. Este detalhe n\u00e3o s\u00f3 lhe confere um ar contempor\u00e2neo, como tamb\u00e9m liga \u00e0 heran\u00e7a cultural espanhola, celebrando a arte da tauromaquia, um elemento profundamente enraizado na hist\u00f3ria e no folclore do pa\u00eds.<\/p>\n<p>Esta ta\u00e7a n\u00e3o \u00e9 apenas uma pe\u00e7a de decora\u00e7\u00e3o, mas tamb\u00e9m um excelente acess\u00f3rio vers\u00e1til que pode ser utilizado em mesas, vitrines ou como um presente memor\u00e1vel para quem procura levar um peda\u00e7o da cultura espanhola. Na Ol\u00e9 Mosaic, especializamo-nos na distribui\u00e7\u00e3o de souvenirs aut\u00eanticos por grosso, como esta ta\u00e7a de coco aut\u00eantica que reflete tradi\u00e7\u00e3o e artesanato. O seu design singular e liga\u00e7\u00e3o cultural tornam-na uma op\u00e7\u00e3o ideal para lojas de presentes tur\u00edsticos que procuram produtos representativos e de qualidade. Ao escolher esta ta\u00e7a, os turistas e compradores asseguram uma recorda\u00e7\u00e3o aut\u00eantica e especial da sua viagem a Espanha, fazendo de cada compra uma homenagem \u00e0 sua cultura rica e vibrante.<\/p>\n","protected":false},"excerpt":{"rendered":"<p>Ta\u00e7a de coco bege com um design distintivo de touro, que representa a rica tradi\u00e7\u00e3o taurom\u00e1quica de Espanha. Esta elegante ta\u00e7a apresenta um acabamento brilhante e uma decora\u00e7\u00e3o interior com formas irregulares em tons de bege e dourado, real\u00e7ando o seu apelo visual. A imagem do touro, s\u00edmbolo de for\u00e7a e valor, est\u00e1 impressa num tom vermelho que contrasta com o fundo, tornando-a um elegante acess\u00f3rio decorativo ou um presente memor\u00e1vel. Ideal para adicionar um toque cultural a qualquer espa\u00e7o.<\/p>\n","protected":false},"featured_media":11959,"template":"","meta":{"_acf_changed":false},"product_brand":[],"product_cat":[513],"product_tag":[516],"class_list":{"0":"post-37152","1":"product","2":"type-product","3":"status-publish","4":"has-post-thumbnail","6":"product_cat-bols","7":"product_tag-animais","8":"pa_motivo-touros","10":"first","11":"instock","12":"shipping-taxable","13":"product-type-simple"},"acf":[],"_links":{"self":[{"href":"https:\/\/olemosaic.com\/pt-pt\/wp-json\/wp\/v2\/product\/37152","targetHints":{"allow":["GET"]}}],"collection":[{"href":"https:\/\/olemosaic.com\/pt-pt\/wp-json\/wp\/v2\/product"}],"about":[{"href":"https:\/\/olemosaic.com\/pt-pt\/wp-json\/wp\/v2\/types\/product"}],"wp:featuredmedia":[{"embeddable":true,"href":"https:\/\/olemosaic.com\/pt-pt\/wp-json\/wp\/v2\/media\/11959"}],"wp:attachment":[{"href":"https:\/\/olemosaic.com\/pt-pt\/wp-json\/wp\/v2\/media?parent=37152"}],"wp:term":[{"taxonomy":"product_brand","embeddable":true,"href":"https:\/\/olemosaic.com\/pt-pt\/wp-json\/wp\/v2\/product_brand?post=37152"},{"taxonomy":"product_cat","embeddable":true,"href":"https:\/\/olemosaic.com\/pt-pt\/wp-json\/wp\/v2\/product_cat?post=37152"},{"taxonomy":"product_tag","embeddable":true,"href":"https:\/\/olemosaic.com\/pt-pt\/wp-json\/wp\/v2\/product_tag?post=37152"}],"curies":[{"name":"wp","href":"https:\/\/api.w.org\/{rel}","templated":true}]}}